{"id":2736,"date":"2026-04-30T09:44:33","date_gmt":"2026-04-30T09:44:33","guid":{"rendered":"https:\/\/tohachisz.com\/?post_type=product&#038;p=2736"},"modified":"2026-05-09T02:24:53","modified_gmt":"2026-05-09T02:24:53","slug":"red-light-therapy-hair-brush-with-steam-vibration","status":"publish","type":"product","link":"https:\/\/tohachisz.com\/pl\/product\/red-light-therapy-hair-brush-with-steam-vibration\/","title":{"rendered":"Szczotka do w\u0142os\u00f3w z terapi\u0105 czerwonym \u015bwiat\u0142em, par\u0105 i wibracjami"},"content":{"rendered":"<p><img loading=\"lazy\" decoding=\"async\" class=\"alignnone size-full wp-image-2744\" src=\"https:\/\/tohachisz.com\/wp-content\/uploads\/2026\/04\/Red-Light-Therapy-Hair-Brush-with-Steam-Vibration-Details-1.jpg\" alt=\"\" width=\"750\" height=\"1238\" srcset=\"https:\/\/tohachisz.com\/wp-content\/uploads\/2026\/04\/Red-Light-Therapy-Hair-Brush-with-Steam-Vibration-Details-1.jpg 750w, https:\/\/tohachisz.com\/wp-content\/uploads\/2026\/04\/Red-Light-Therapy-Hair-Brush-with-Steam-Vibration-Details-1-182x300.jpg 182w, https:\/\/tohachisz.com\/wp-content\/uploads\/2026\/04\/Red-Light-Therapy-Hair-Brush-with-Steam-Vibration-Details-1-620x1024.jpg 620w, https:\/\/tohachisz.com\/wp-content\/uploads\/2026\/04\/Red-Light-Therapy-Hair-Brush-with-Steam-Vibration-Details-1-7x12.jpg 7w, https:\/\/tohachisz.com\/wp-content\/uploads\/2026\/04\/Red-Light-Therapy-Hair-Brush-with-Steam-Vibration-Details-1-600x990.jpg 600w\" sizes=\"auto, (max-width: 750px) 100vw, 750px\" \/> <img loading=\"lazy\" decoding=\"async\" class=\"alignnone size-full wp-image-2745\" src=\"https:\/\/tohachisz.com\/wp-content\/uploads\/2026\/04\/Red-Light-Therapy-Hair-Brush-with-Steam-Vibration-Details-2.jpg\" alt=\"\" width=\"750\" height=\"1238\" srcset=\"https:\/\/tohachisz.com\/wp-content\/uploads\/2026\/04\/Red-Light-Therapy-Hair-Brush-with-Steam-Vibration-Details-2.jpg 750w, https:\/\/tohachisz.com\/wp-content\/uploads\/2026\/04\/Red-Light-Therapy-Hair-Brush-with-Steam-Vibration-Details-2-182x300.jpg 182w, https:\/\/tohachisz.com\/wp-content\/uploads\/2026\/04\/Red-Light-Therapy-Hair-Brush-with-Steam-Vibration-Details-2-620x1024.jpg 620w, https:\/\/tohachisz.com\/wp-content\/uploads\/2026\/04\/Red-Light-Therapy-Hair-Brush-with-Steam-Vibration-Details-2-7x12.jpg 7w, https:\/\/tohachisz.com\/wp-content\/uploads\/2026\/04\/Red-Light-Therapy-Hair-Brush-with-Steam-Vibration-Details-2-600x990.jpg 600w\" sizes=\"auto, (max-width: 750px) 100vw, 750px\" \/> <img loading=\"lazy\" decoding=\"async\" class=\"alignnone size-full wp-image-2746\" src=\"https:\/\/tohachisz.com\/wp-content\/uploads\/2026\/04\/Red-Light-Therapy-Hair-Brush-with-Steam-Vibration-Details-3.jpg\" alt=\"\" width=\"750\" height=\"1238\" srcset=\"https:\/\/tohachisz.com\/wp-content\/uploads\/2026\/04\/Red-Light-Therapy-Hair-Brush-with-Steam-Vibration-Details-3.jpg 750w, https:\/\/tohachisz.com\/wp-content\/uploads\/2026\/04\/Red-Light-Therapy-Hair-Brush-with-Steam-Vibration-Details-3-182x300.jpg 182w, https:\/\/tohachisz.com\/wp-content\/uploads\/2026\/04\/Red-Light-Therapy-Hair-Brush-with-Steam-Vibration-Details-3-620x1024.jpg 620w, https:\/\/tohachisz.com\/wp-content\/uploads\/2026\/04\/Red-Light-Therapy-Hair-Brush-with-Steam-Vibration-Details-3-7x12.jpg 7w, https:\/\/tohachisz.com\/wp-content\/uploads\/2026\/04\/Red-Light-Therapy-Hair-Brush-with-Steam-Vibration-Details-3-600x990.jpg 600w\" sizes=\"auto, (max-width: 750px) 100vw, 750px\" \/> <img loading=\"lazy\" decoding=\"async\" class=\"alignnone size-full wp-image-2747\" src=\"https:\/\/tohachisz.com\/wp-content\/uploads\/2026\/04\/Red-Light-Therapy-Hair-Brush-with-Steam-Vibration-Details-4.jpg\" alt=\"\" width=\"750\" height=\"1238\" srcset=\"https:\/\/tohachisz.com\/wp-content\/uploads\/2026\/04\/Red-Light-Therapy-Hair-Brush-with-Steam-Vibration-Details-4.jpg 750w, https:\/\/tohachisz.com\/wp-content\/uploads\/2026\/04\/Red-Light-Therapy-Hair-Brush-with-Steam-Vibration-Details-4-182x300.jpg 182w, https:\/\/tohachisz.com\/wp-content\/uploads\/2026\/04\/Red-Light-Therapy-Hair-Brush-with-Steam-Vibration-Details-4-620x1024.jpg 620w, https:\/\/tohachisz.com\/wp-content\/uploads\/2026\/04\/Red-Light-Therapy-Hair-Brush-with-Steam-Vibration-Details-4-7x12.jpg 7w, https:\/\/tohachisz.com\/wp-content\/uploads\/2026\/04\/Red-Light-Therapy-Hair-Brush-with-Steam-Vibration-Details-4-600x990.jpg 600w\" sizes=\"auto, (max-width: 750px) 100vw, 750px\" \/> <img loading=\"lazy\" decoding=\"async\" class=\"alignnone size-full wp-image-2748\" src=\"https:\/\/tohachisz.com\/wp-content\/uploads\/2026\/04\/Red-Light-Therapy-Hair-Brush-with-Steam-Vibration-Details-5.jpg\" alt=\"\" width=\"750\" height=\"1238\" srcset=\"https:\/\/tohachisz.com\/wp-content\/uploads\/2026\/04\/Red-Light-Therapy-Hair-Brush-with-Steam-Vibration-Details-5.jpg 750w, https:\/\/tohachisz.com\/wp-content\/uploads\/2026\/04\/Red-Light-Therapy-Hair-Brush-with-Steam-Vibration-Details-5-182x300.jpg 182w, https:\/\/tohachisz.com\/wp-content\/uploads\/2026\/04\/Red-Light-Therapy-Hair-Brush-with-Steam-Vibration-Details-5-620x1024.jpg 620w, https:\/\/tohachisz.com\/wp-content\/uploads\/2026\/04\/Red-Light-Therapy-Hair-Brush-with-Steam-Vibration-Details-5-7x12.jpg 7w, https:\/\/tohachisz.com\/wp-content\/uploads\/2026\/04\/Red-Light-Therapy-Hair-Brush-with-Steam-Vibration-Details-5-600x990.jpg 600w\" sizes=\"auto, (max-width: 750px) 100vw, 750px\" \/> <img loading=\"lazy\" decoding=\"async\" class=\"alignnone size-full wp-image-2749\" src=\"https:\/\/tohachisz.com\/wp-content\/uploads\/2026\/04\/Red-Light-Therapy-Hair-Brush-with-Steam-Vibration-Details-6.jpg\" alt=\"\" width=\"750\" height=\"1238\" srcset=\"https:\/\/tohachisz.com\/wp-content\/uploads\/2026\/04\/Red-Light-Therapy-Hair-Brush-with-Steam-Vibration-Details-6.jpg 750w, https:\/\/tohachisz.com\/wp-content\/uploads\/2026\/04\/Red-Light-Therapy-Hair-Brush-with-Steam-Vibration-Details-6-182x300.jpg 182w, https:\/\/tohachisz.com\/wp-content\/uploads\/2026\/04\/Red-Light-Therapy-Hair-Brush-with-Steam-Vibration-Details-6-620x1024.jpg 620w, https:\/\/tohachisz.com\/wp-content\/uploads\/2026\/04\/Red-Light-Therapy-Hair-Brush-with-Steam-Vibration-Details-6-7x12.jpg 7w, https:\/\/tohachisz.com\/wp-content\/uploads\/2026\/04\/Red-Light-Therapy-Hair-Brush-with-Steam-Vibration-Details-6-600x990.jpg 600w\" sizes=\"auto, (max-width: 750px) 100vw, 750px\" \/> <img loading=\"lazy\" decoding=\"async\" class=\"alignnone size-full wp-image-2750\" src=\"https:\/\/tohachisz.com\/wp-content\/uploads\/2026\/04\/Red-Light-Therapy-Hair-Brush-with-Steam-Vibration-Details-7.jpg\" alt=\"\" width=\"750\" height=\"1238\" srcset=\"https:\/\/tohachisz.com\/wp-content\/uploads\/2026\/04\/Red-Light-Therapy-Hair-Brush-with-Steam-Vibration-Details-7.jpg 750w, https:\/\/tohachisz.com\/wp-content\/uploads\/2026\/04\/Red-Light-Therapy-Hair-Brush-with-Steam-Vibration-Details-7-182x300.jpg 182w, https:\/\/tohachisz.com\/wp-content\/uploads\/2026\/04\/Red-Light-Therapy-Hair-Brush-with-Steam-Vibration-Details-7-620x1024.jpg 620w, https:\/\/tohachisz.com\/wp-content\/uploads\/2026\/04\/Red-Light-Therapy-Hair-Brush-with-Steam-Vibration-Details-7-7x12.jpg 7w, https:\/\/tohachisz.com\/wp-content\/uploads\/2026\/04\/Red-Light-Therapy-Hair-Brush-with-Steam-Vibration-Details-7-600x990.jpg 600w\" sizes=\"auto, (max-width: 750px) 100vw, 750px\" \/> <img loading=\"lazy\" decoding=\"async\" class=\"alignnone size-full wp-image-2751\" src=\"https:\/\/tohachisz.com\/wp-content\/uploads\/2026\/04\/Red-Light-Therapy-Hair-Brush-with-Steam-Vibration-Details-8.jpg\" alt=\"\" width=\"750\" height=\"1238\" srcset=\"https:\/\/tohachisz.com\/wp-content\/uploads\/2026\/04\/Red-Light-Therapy-Hair-Brush-with-Steam-Vibration-Details-8.jpg 750w, https:\/\/tohachisz.com\/wp-content\/uploads\/2026\/04\/Red-Light-Therapy-Hair-Brush-with-Steam-Vibration-Details-8-182x300.jpg 182w, https:\/\/tohachisz.com\/wp-content\/uploads\/2026\/04\/Red-Light-Therapy-Hair-Brush-with-Steam-Vibration-Details-8-620x1024.jpg 620w, https:\/\/tohachisz.com\/wp-content\/uploads\/2026\/04\/Red-Light-Therapy-Hair-Brush-with-Steam-Vibration-Details-8-7x12.jpg 7w, https:\/\/tohachisz.com\/wp-content\/uploads\/2026\/04\/Red-Light-Therapy-Hair-Brush-with-Steam-Vibration-Details-8-600x990.jpg 600w\" sizes=\"auto, (max-width: 750px) 100vw, 750px\" \/> <img loading=\"lazy\" decoding=\"async\" class=\"alignnone size-full wp-image-2752\" src=\"https:\/\/tohachisz.com\/wp-content\/uploads\/2026\/04\/Red-Light-Therapy-Hair-Brush-with-Steam-Vibration-Details-9.jpg\" alt=\"\" width=\"750\" height=\"1238\" srcset=\"https:\/\/tohachisz.com\/wp-content\/uploads\/2026\/04\/Red-Light-Therapy-Hair-Brush-with-Steam-Vibration-Details-9.jpg 750w, https:\/\/tohachisz.com\/wp-content\/uploads\/2026\/04\/Red-Light-Therapy-Hair-Brush-with-Steam-Vibration-Details-9-182x300.jpg 182w, https:\/\/tohachisz.com\/wp-content\/uploads\/2026\/04\/Red-Light-Therapy-Hair-Brush-with-Steam-Vibration-Details-9-620x1024.jpg 620w, https:\/\/tohachisz.com\/wp-content\/uploads\/2026\/04\/Red-Light-Therapy-Hair-Brush-with-Steam-Vibration-Details-9-7x12.jpg 7w, https:\/\/tohachisz.com\/wp-content\/uploads\/2026\/04\/Red-Light-Therapy-Hair-Brush-with-Steam-Vibration-Details-9-600x990.jpg 600w\" sizes=\"auto, (max-width: 750px) 100vw, 750px\" \/> <img loading=\"lazy\" decoding=\"async\" class=\"alignnone size-full wp-image-2753\" src=\"https:\/\/tohachisz.com\/wp-content\/uploads\/2026\/04\/Red-Light-Therapy-Hair-Brush-with-Steam-Vibration-Details-10.jpg\" alt=\"\" width=\"750\" height=\"1238\" srcset=\"https:\/\/tohachisz.com\/wp-content\/uploads\/2026\/04\/Red-Light-Therapy-Hair-Brush-with-Steam-Vibration-Details-10.jpg 750w, https:\/\/tohachisz.com\/wp-content\/uploads\/2026\/04\/Red-Light-Therapy-Hair-Brush-with-Steam-Vibration-Details-10-182x300.jpg 182w, https:\/\/tohachisz.com\/wp-content\/uploads\/2026\/04\/Red-Light-Therapy-Hair-Brush-with-Steam-Vibration-Details-10-620x1024.jpg 620w, https:\/\/tohachisz.com\/wp-content\/uploads\/2026\/04\/Red-Light-Therapy-Hair-Brush-with-Steam-Vibration-Details-10-7x12.jpg 7w, https:\/\/tohachisz.com\/wp-content\/uploads\/2026\/04\/Red-Light-Therapy-Hair-Brush-with-Steam-Vibration-Details-10-600x990.jpg 600w\" sizes=\"auto, (max-width: 750px) 100vw, 750px\" \/> <img loading=\"lazy\" decoding=\"async\" class=\"alignnone size-full wp-image-2754\" src=\"https:\/\/tohachisz.com\/wp-content\/uploads\/2026\/04\/Red-Light-Therapy-Hair-Brush-with-Steam-Vibration-Details-11.jpg\" alt=\"\" width=\"750\" height=\"1238\" srcset=\"https:\/\/tohachisz.com\/wp-content\/uploads\/2026\/04\/Red-Light-Therapy-Hair-Brush-with-Steam-Vibration-Details-11.jpg 750w, https:\/\/tohachisz.com\/wp-content\/uploads\/2026\/04\/Red-Light-Therapy-Hair-Brush-with-Steam-Vibration-Details-11-182x300.jpg 182w, https:\/\/tohachisz.com\/wp-content\/uploads\/2026\/04\/Red-Light-Therapy-Hair-Brush-with-Steam-Vibration-Details-11-620x1024.jpg 620w, https:\/\/tohachisz.com\/wp-content\/uploads\/2026\/04\/Red-Light-Therapy-Hair-Brush-with-Steam-Vibration-Details-11-7x12.jpg 7w, https:\/\/tohachisz.com\/wp-content\/uploads\/2026\/04\/Red-Light-Therapy-Hair-Brush-with-Steam-Vibration-Details-11-600x990.jpg 600w\" sizes=\"auto, (max-width: 750px) 100vw, 750px\" \/> <img loading=\"lazy\" decoding=\"async\" class=\"alignnone size-full wp-image-2755\" src=\"https:\/\/tohachisz.com\/wp-content\/uploads\/2026\/04\/Red-Light-Therapy-Hair-Brush-with-Steam-Vibration-Details-12.jpg\" alt=\"\" width=\"750\" height=\"1238\" srcset=\"https:\/\/tohachisz.com\/wp-content\/uploads\/2026\/04\/Red-Light-Therapy-Hair-Brush-with-Steam-Vibration-Details-12.jpg 750w, https:\/\/tohachisz.com\/wp-content\/uploads\/2026\/04\/Red-Light-Therapy-Hair-Brush-with-Steam-Vibration-Details-12-182x300.jpg 182w, https:\/\/tohachisz.com\/wp-content\/uploads\/2026\/04\/Red-Light-Therapy-Hair-Brush-with-Steam-Vibration-Details-12-620x1024.jpg 620w, https:\/\/tohachisz.com\/wp-content\/uploads\/2026\/04\/Red-Light-Therapy-Hair-Brush-with-Steam-Vibration-Details-12-7x12.jpg 7w, https:\/\/tohachisz.com\/wp-content\/uploads\/2026\/04\/Red-Light-Therapy-Hair-Brush-with-Steam-Vibration-Details-12-600x990.jpg 600w\" sizes=\"auto, (max-width: 750px) 100vw, 750px\" \/> <img loading=\"lazy\" decoding=\"async\" class=\"alignnone size-full wp-image-2756\" src=\"https:\/\/tohachisz.com\/wp-content\/uploads\/2026\/04\/Red-Light-Therapy-Hair-Brush-with-Steam-Vibration-Details-13.jpg\" alt=\"\" width=\"750\" height=\"1238\" srcset=\"https:\/\/tohachisz.com\/wp-content\/uploads\/2026\/04\/Red-Light-Therapy-Hair-Brush-with-Steam-Vibration-Details-13.jpg 750w, https:\/\/tohachisz.com\/wp-content\/uploads\/2026\/04\/Red-Light-Therapy-Hair-Brush-with-Steam-Vibration-Details-13-182x300.jpg 182w, https:\/\/tohachisz.com\/wp-content\/uploads\/2026\/04\/Red-Light-Therapy-Hair-Brush-with-Steam-Vibration-Details-13-620x1024.jpg 620w, https:\/\/tohachisz.com\/wp-content\/uploads\/2026\/04\/Red-Light-Therapy-Hair-Brush-with-Steam-Vibration-Details-13-7x12.jpg 7w, https:\/\/tohachisz.com\/wp-content\/uploads\/2026\/04\/Red-Light-Therapy-Hair-Brush-with-Steam-Vibration-Details-13-600x990.jpg 600w\" sizes=\"auto, (max-width: 750px) 100vw, 750px\" \/> <img loading=\"lazy\" decoding=\"async\" class=\"alignnone size-full wp-image-2757\" src=\"https:\/\/tohachisz.com\/wp-content\/uploads\/2026\/04\/Red-Light-Therapy-Hair-Brush-with-Steam-Vibration-Details-14.jpg\" alt=\"\" width=\"750\" height=\"1238\" srcset=\"https:\/\/tohachisz.com\/wp-content\/uploads\/2026\/04\/Red-Light-Therapy-Hair-Brush-with-Steam-Vibration-Details-14.jpg 750w, https:\/\/tohachisz.com\/wp-content\/uploads\/2026\/04\/Red-Light-Therapy-Hair-Brush-with-Steam-Vibration-Details-14-182x300.jpg 182w, https:\/\/tohachisz.com\/wp-content\/uploads\/2026\/04\/Red-Light-Therapy-Hair-Brush-with-Steam-Vibration-Details-14-620x1024.jpg 620w, https:\/\/tohachisz.com\/wp-content\/uploads\/2026\/04\/Red-Light-Therapy-Hair-Brush-with-Steam-Vibration-Details-14-7x12.jpg 7w, https:\/\/tohachisz.com\/wp-content\/uploads\/2026\/04\/Red-Light-Therapy-Hair-Brush-with-Steam-Vibration-Details-14-600x990.jpg 600w\" sizes=\"auto, (max-width: 750px) 100vw, 750px\" \/> <img loading=\"lazy\" decoding=\"async\" class=\"alignnone size-full wp-image-2758\" src=\"https:\/\/tohachisz.com\/wp-content\/uploads\/2026\/04\/Red-Light-Therapy-Hair-Brush-with-Steam-Vibration-Details-15.jpg\" alt=\"\" width=\"750\" height=\"1238\" srcset=\"https:\/\/tohachisz.com\/wp-content\/uploads\/2026\/04\/Red-Light-Therapy-Hair-Brush-with-Steam-Vibration-Details-15.jpg 750w, https:\/\/tohachisz.com\/wp-content\/uploads\/2026\/04\/Red-Light-Therapy-Hair-Brush-with-Steam-Vibration-Details-15-182x300.jpg 182w, https:\/\/tohachisz.com\/wp-content\/uploads\/2026\/04\/Red-Light-Therapy-Hair-Brush-with-Steam-Vibration-Details-15-620x1024.jpg 620w, https:\/\/tohachisz.com\/wp-content\/uploads\/2026\/04\/Red-Light-Therapy-Hair-Brush-with-Steam-Vibration-Details-15-7x12.jpg 7w, https:\/\/tohachisz.com\/wp-content\/uploads\/2026\/04\/Red-Light-Therapy-Hair-Brush-with-Steam-Vibration-Details-15-600x990.jpg 600w\" sizes=\"auto, (max-width: 750px) 100vw, 750px\" \/><\/p>","protected":false},"excerpt":{"rendered":"<ul>\n<li>Atomizacja nanomg\u0142y<\/li>\n<li>Masa\u017c pulsacyjny EMS<\/li>\n<li>Terapia podw\u00f3jnym \u015bwiat\u0142em<\/li>\n<li>Jednoetapowa piel\u0119gnacja olejkami eterycznymi<\/li>\n<li>Zbiornik cieczy o du\u017cej pojemno\u015bci<\/li>\n<li>Profesjonalne SPA dla sk\u00f3ry g\u0142owy<\/li>\n<\/ul>","protected":false},"featured_media":2743,"template":"","meta":{"_acf_changed":false},"product_brand":[],"product_cat":[41,30,17],"product_tag":[],"class_list":{"0":"post-2736","1":"product","2":"type-product","3":"status-publish","4":"has-post-thumbnail","6":"product_cat-head-scalp-massagers","7":"product_cat-head-and-eye-massage-series","8":"product_cat-massage","10":"first","11":"instock","12":"shipping-taxable","13":"product-type-simple"},"acf":[],"_links":{"self":[{"href":"https:\/\/tohachisz.com\/pl\/wp-json\/wp\/v2\/product\/2736","targetHints":{"allow":["GET"]}}],"collection":[{"href":"https:\/\/tohachisz.com\/pl\/wp-json\/wp\/v2\/product"}],"about":[{"href":"https:\/\/tohachisz.com\/pl\/wp-json\/wp\/v2\/types\/product"}],"wp:featuredmedia":[{"embeddable":true,"href":"https:\/\/tohachisz.com\/pl\/wp-json\/wp\/v2\/media\/2743"}],"wp:attachment":[{"href":"https:\/\/tohachisz.com\/pl\/wp-json\/wp\/v2\/media?parent=2736"}],"wp:term":[{"taxonomy":"product_brand","embeddable":true,"href":"https:\/\/tohachisz.com\/pl\/wp-json\/wp\/v2\/product_brand?post=2736"},{"taxonomy":"product_cat","embeddable":true,"href":"https:\/\/tohachisz.com\/pl\/wp-json\/wp\/v2\/product_cat?post=2736"},{"taxonomy":"product_tag","embeddable":true,"href":"https:\/\/tohachisz.com\/pl\/wp-json\/wp\/v2\/product_tag?post=2736"}],"curies":[{"name":"wp","href":"https:\/\/api.w.org\/{rel}","templated":true}]}}