{"id":264,"date":"2025-12-10T08:10:37","date_gmt":"2025-12-10T08:10:37","guid":{"rendered":"https:\/\/tohachisz.com\/?post_type=product&#038;p=264"},"modified":"2026-05-09T02:37:31","modified_gmt":"2026-05-09T02:37:31","slug":"immersive-white-noise-sleep-therapy-head-massager-heated-air-compression-helmet-oem-wellness-solutions","status":"publish","type":"product","link":"https:\/\/tohachisz.com\/pl\/product\/immersive-white-noise-sleep-therapy-head-massager-heated-air-compression-helmet-oem-wellness-solutions\/","title":{"rendered":"Wci\u0105gaj\u0105cy masa\u017cer g\u0142owy z terapi\u0105 bia\u0142ym szumem | Podgrzewany kask kompresyjny | Rozwi\u0105zania OEM Wellness"},"content":{"rendered":"<p>Wezwanie do dzia\u0142ania (CTA):<\/p>\n<p>[Uzyskaj wycen\u0119 hurtow\u0105] [Pos\u0142uchaj pr\u00f3bek audio] [Popro\u015b o pr\u00f3bk\u0119 ODM]<\/p>\n<hr data-path-to-node=\"15\" \/>\n<h3 data-path-to-node=\"16\"><b>3. Streszczenie (propozycja warto\u015bci B2B)<\/b><\/h3>\n<p>Wykorzystaj dynamicznie rozwijaj\u0105c\u0105 si\u0119 \u201cgospodark\u0119 snu\u201d<\/p>\n<p>In a world plagued by anxiety and sleep disorders, consumers are seeking drug-free alternatives. Our Integrated White Noise Head Massager is engineered specifically for this demand. Unlike standard massagers that only offer physical relief, this device creates a multi-sensory sanctuary by blocking out external light and noise, replacing them with therapeutic rhythms and gentle pressure.<\/p>\n<p data-path-to-node=\"18\"><b>Dlaczego ten produkt wygrywa na rynku:<\/b><\/p>\n<ul data-path-to-node=\"19\">\n<li>\n<p data-path-to-node=\"19,0,0\"><b>Integracja audio-terapii:<\/b> Wbudowane g\u0142o\u015bniki o wysokiej jako\u015bci odtwarzaj\u0105 6 r\u00f3\u017cnych \u015bcie\u017cek bia\u0142ego szumu (deszcz, ocean, las itp.), aby obni\u017cy\u0107 cz\u0119stotliwo\u015b\u0107 fal m\u00f3zgowych i wywo\u0142a\u0107 sen.<\/p>\n<\/li>\n<li>\n<p data-path-to-node=\"19,1,0\"><b>Deprywacja sensoryczna:<\/b> Nieprzezroczysta, srebrna konstrukcja zapewnia ca\u0142kowite zaciemnienie, wyzwalaj\u0105c naturaln\u0105 produkcj\u0119 melatoniny dla g\u0142\u0119bszego odpoczynku.<\/p>\n<\/li>\n<li>\n<p data-path-to-node=\"19,2,0\"><b>Elastyczne, jednocz\u0119\u015bciowe dopasowanie:<\/b> Ulepszona konstrukcja unibody p\u0142ynnie dostosowuje si\u0119 do r\u00f3\u017cnych kszta\u0142t\u00f3w g\u0142owy bez konieczno\u015bci stosowania regulowanych pokr\u0119te\u0142, oferuj\u0105c bardziej eleganck\u0105 i futurystyczn\u0105 estetyk\u0119.<\/p>\n<\/li>\n<\/ul>\n<hr data-path-to-node=\"20\" \/>\n<h3 data-path-to-node=\"21\"><b>4. Kluczowe cechy produktu (wy\u0142\u0105cznie H522)<\/b><\/h3>\n<h4 data-path-to-node=\"22\"><b>A. 6-\u015bcie\u017ckowy system immersyjnego bia\u0142ego szumu<\/b><\/h4>\n<p data-path-to-node=\"23\">Relaks jest nie tylko fizyczny, ale i psychiczny. To urz\u0105dzenie zawiera wyselekcjonowan\u0105 bibliotek\u0119 <b>6 koj\u0105cych pejza\u017cy d\u017awi\u0119kowych<\/b> zaprojektowane do maskowania rozpraszaj\u0105cych d\u017awi\u0119k\u00f3w otoczenia.<\/p>\n<ul data-path-to-node=\"24\">\n<li>\n<p data-path-to-node=\"24,0,0\"><b>Funkcja:<\/b> Pomaga wyciszy\u0107 \u201cma\u0142pi umys\u0142\u201d po stresuj\u0105cym dniu pracy.<\/p>\n<\/li>\n<li>\n<p data-path-to-node=\"24,1,0\"><b>Korzy\u015bci:<\/b> Udowodniono, \u017ce poprawia op\u00f3\u017anienie snu (czas zasypiania) i jako\u015b\u0107 snu.<\/p>\n<\/li>\n<\/ul>\n<h4 data-path-to-node=\"25\"><b>B. 7-strefowy \/ 6-punktowy precyzyjny masa\u017c poduszk\u0105 powietrzn\u0105<\/b><\/h4>\n<p data-path-to-node=\"26\">Engineered with a sophisticated air pressure system that targets critical acupressure points on the scalp and temples.<\/p>\n<ul data-path-to-node=\"27\">\n<li>\n<p data-path-to-node=\"27,0,0\"><b>Pokrycie:<\/b> 7 du\u017cych kom\u00f3r powietrznych otacza ca\u0142y obszar czaszki.<\/p>\n<\/li>\n<li>\n<p data-path-to-node=\"27,1,0\"><b>Technika:<\/b> Symuluje ruchy \u201cpchania, szczypania i ugniatania\u201d wykonywane przez profesjonaln\u0105 masa\u017cystk\u0119 w celu z\u0142agodzenia napi\u0119ciowych b\u00f3l\u00f3w g\u0142owy i napi\u0119cia sk\u00f3ry g\u0142owy.<\/p>\n<\/li>\n<\/ul>\n<h4 data-path-to-node=\"28\"><b>C. 3-poziomowa termostatyczna gor\u0105ca spr\u0119\u017carka<\/b><\/h4>\n<p data-path-to-node=\"29\">Zintegrowane elementy grzewcze zapewniaj\u0105 sta\u0142e ciep\u0142o w okolicach oczu i skroni.<\/p>\n<ul data-path-to-node=\"30\">\n<li>\n<p data-path-to-node=\"30,0,0\"><b>Ustawienia:<\/b> Niski \/ \u015aredni \/ Wysoki (regulowany).<\/p>\n<\/li>\n<li>\n<p data-path-to-node=\"30,1,0\"><b>Efekt:<\/b> Rozszerza naczynia krwiono\u015bne wok\u00f3\u0142 oczu, aby z\u0142agodzi\u0107 cyfrowe zm\u0119czenie oczu i sucho\u015b\u0107 oczu, wzmacniaj\u0105c koj\u0105cy efekt masa\u017cu.<\/p>\n<\/li>\n<\/ul>\n<h4 data-path-to-node=\"31\"><b>D. 4 inteligentne tryby masa\u017cu<\/b><\/h4>\n<p data-path-to-node=\"32\">U\u017cytkownicy mog\u0105 prze\u0142\u0105cza\u0107 si\u0119 mi\u0119dzy czterema r\u00f3\u017cnymi programami, aby zaspokoi\u0107 swoje bie\u017c\u0105ce potrzeby:<\/p>\n<ul data-path-to-node=\"33\">\n<li>\n<p data-path-to-node=\"33,0,0\"><b>Tryb witalno\u015bci:<\/b> Rytmiczny nacisk zwi\u0119kszaj\u0105cy energi\u0119.<\/p>\n<\/li>\n<li>\n<p data-path-to-node=\"33,1,0\"><b>Tryb uspokajaj\u0105cy:<\/b> Delikatny ucisk dla odpr\u0119\u017cenia.<\/p>\n<\/li>\n<li>\n<p data-path-to-node=\"33,2,0\"><b>Tryb u\u015bpienia:<\/b> Powolny, silny nacisk + bia\u0142y szum przed snem.<\/p>\n<\/li>\n<li>\n<p data-path-to-node=\"33,3,0\"><b>Tryb piel\u0119gnacji oczu:<\/b> Koncentruje si\u0119 na cieple i masa\u017cu skroni.<\/p>\n<\/li>\n<\/ul>\n<h4 data-path-to-node=\"34\"><b>E. Bateria o pojemno\u015bci 2000 mAh<\/b><\/h4>\n<p data-path-to-node=\"35\">Powered by a highly efficient <b>Bateria litowa 2000 mAh<\/b>.<\/p>\n<ul data-path-to-node=\"36\">\n<li>\n<p data-path-to-node=\"36,0,0\"><b>Wydajno\u015b\u0107:<\/b> Obs\u0142uguje wiele 15-minutowych cykli masa\u017cu na jednym \u0142adowaniu.<\/p>\n<\/li>\n<li>\n<p data-path-to-node=\"36,1,0\"><b>\u0141adowanie:<\/b> Uniwersalny <b>USB typu C<\/b> Interfejs zapewnia kompatybilno\u015b\u0107 z nowoczesnymi \u0142adowarkami do telefon\u00f3w i laptop\u00f3w, dzi\u0119ki czemu jest przyjazny w podr\u00f3\u017cy.<\/p>\n<\/li>\n<\/ul>\n<hr data-path-to-node=\"37\" \/>\n<h3 data-path-to-node=\"38\"><b>5. Specyfikacje techniczne (\u015bci\u015ble oparte na danych H522)<\/b><\/h3>\n<p data-path-to-node=\"39\"><i>Poni\u017csze specyfikacje s\u0105 weryfikowane na podstawie dostarczonego arkusza parametr\u00f3w produktu.<\/i><\/p>\n<table data-path-to-node=\"40\">\n<thead>\n<tr>\n<td><strong>Specyfikacja<\/strong><\/td>\n<td><strong>Szczeg\u00f3\u0142y<\/strong><\/td>\n<\/tr>\n<\/thead>\n<tbody>\n<tr>\n<td><span data-path-to-node=\"40,1,0,0\"><b>Nazwa produktu<\/b><\/span><\/td>\n<td><span data-path-to-node=\"40,1,1,0\">Zintegrowany elektryczny masa\u017cer g\u0142owy i oczu (Sleep Edition)<\/span><\/td>\n<\/tr>\n<tr>\n<td><span data-path-to-node=\"40,2,0,0\"><b>Technologia masa\u017cu<\/b><\/span><\/td>\n<td><span data-path-to-node=\"40,2,1,0\"><b>Ci\u015bnienie powietrza (6 punkt\u00f3w \/ 7 obszar\u00f3w)<\/b><\/span><\/td>\n<\/tr>\n<tr>\n<td><span data-path-to-node=\"40,3,0,0\"><b>Funkcja audio<\/b><\/span><\/td>\n<td><span data-path-to-node=\"40,3,1,0\"><b>6 rodzaj\u00f3w bia\u0142ego szumu<\/b> (Wbudowany)<\/span><\/td>\n<\/tr>\n<tr>\n<td><span data-path-to-node=\"40,4,0,0\"><b>Pojemno\u015b\u0107 akumulatora<\/b><\/span><\/td>\n<td><span data-path-to-node=\"40,4,1,0\"><b>2000 mAh<\/b><\/span><\/td>\n<\/tr>\n<tr>\n<td><span data-path-to-node=\"40,5,0,0\"><b>Czas trwania masa\u017cu<\/b><\/span><\/td>\n<td><span data-path-to-node=\"40,5,1,0\"><b>15 minut<\/b> (Auto-Stop)<\/span><\/td>\n<\/tr>\n<tr>\n<td><span data-path-to-node=\"40,6,0,0\"><b>Poziomy ogrzewania<\/b><\/span><\/td>\n<td><span data-path-to-node=\"40,6,1,0\"><b>3 biegi<\/b> (Regulowany)<\/span><\/td>\n<\/tr>\n<tr>\n<td><span data-path-to-node=\"40,7,0,0\"><b>Tryby masa\u017cu<\/b><\/span><\/td>\n<td><span data-path-to-node=\"40,7,1,0\"><b>4 Tryby<\/b><\/span><\/td>\n<\/tr>\n<tr>\n<td><span data-path-to-node=\"40,8,0,0\"><b>Port \u0142adowania<\/b><\/span><\/td>\n<td><span data-path-to-node=\"40,8,1,0\"><b>USB typu C<\/b><\/span><\/td>\n<\/tr>\n<tr>\n<td><span data-path-to-node=\"40,9,0,0\"><b>Odpowiednie cz\u0119\u015bci<\/b><\/span><\/td>\n<td><span data-path-to-node=\"40,9,1,0\">G\u0142owa + Oczy<\/span><\/td>\n<\/tr>\n<tr>\n<td><span data-path-to-node=\"40,10,0,0\"><b>Lista produkt\u00f3w<\/b><\/span><\/td>\n<td><span data-path-to-node=\"40,10,1,0\">Jednostka g\u0142\u00f3wna, kabel typu C, instrukcja obs\u0142ugi<\/span><\/td>\n<\/tr>\n<\/tbody>\n<\/table>\n<hr data-path-to-node=\"41\" \/>\n<h3 data-path-to-node=\"42\"><b>6. Scenariusze zastosowa\u0144 i rynki docelowe<\/b><\/h3>\n<ul data-path-to-node=\"43\">\n<li>\n<p data-path-to-node=\"43,0,0\"><b>Kliniki snu i psychologowie:<\/b> Nieinwazyjne narz\u0119dzie zalecane pacjentom cierpi\u0105cym na bezsenno\u015b\u0107 lub zaburzenia l\u0119kowe.<\/p>\n<\/li>\n<li>\n<p data-path-to-node=\"43,1,0\"><b>Pokoje Corporate Wellness:<\/b> Pozw\u00f3l pracownikom na 15-minutow\u0105 \u201cdrzemk\u0119 energetyczn\u0105\u201d z bia\u0142ym szumem, aby na\u0142adowa\u0107 koncentracj\u0119.<\/p>\n<\/li>\n<li>\n<p data-path-to-node=\"43,2,0\"><b>Wysokiej klasy spa:<\/b> Stosuj jako dodatek relaksacyjny podczas zabieg\u00f3w na cia\u0142o lub w oczekiwaniu na wizyt\u0119.<\/p>\n<\/li>\n<li>\n<p data-path-to-node=\"43,3,0\"><b>Rynek prezent\u00f3w:<\/b> Wysokiej jako\u015bci opakowanie i \u201celastyczny, jednocz\u0119\u015bciowy\u201d futurystyczny design sprawiaj\u0105, \u017ce jest to idealny prezent dla zaawansowanych technologicznie konsument\u00f3w.<\/p>\n<\/li>\n<\/ul>\n<hr data-path-to-node=\"44\" \/>\n<h3 data-path-to-node=\"45\"><b>7. Produkcja i dostosowywanie (OEM\/ODM)<\/b><\/h3>\n<p>Stw\u00f3rz swoj\u0105 w\u0142asn\u0105 mark\u0119 snu<\/p>\n<p>Oferujemy elastyczne dostosowanie do pozycjonowania marki na rynku wellness.<\/p>\n<ul data-path-to-node=\"47\">\n<li>\n<p data-path-to-node=\"47,0,0\"><b>Dostosowanie d\u017awi\u0119ku:<\/b> W przypadku du\u017cych zam\u00f3wie\u0144 mo\u017cemy potencjalnie wst\u0119pnie za\u0142adowa\u0107 niestandardowe \u015bcie\u017cki d\u017awi\u0119kowe (np. medytacje z przewodnikiem, d\u017cingle marki).<\/p>\n<\/li>\n<li>\n<p data-path-to-node=\"47,1,0\"><b>Wyko\u0144czenie powierzchni:<\/b> Do wyboru s\u0105 pow\u0142oki Matte White, Metallic Silver lub Soft-Touch Rubberized.<\/p>\n<\/li>\n<li>\n<p data-path-to-node=\"47,2,0\"><b>Branding logo:<\/b> Tampodruk na bocznym obszarze zausznika lub przedniej os\u0142onie odblaskowej.<\/p>\n<\/li>\n<li>\n<p data-path-to-node=\"47,3,0\"><b>Pude\u0142ko na prezenty:<\/b> Zapewniamy szablony do projektowania opakowa\u0144, kt\u00f3re podkre\u015blaj\u0105 motywy \u201cSen\u201d, \u201cTechnologia\u201d lub \u201cUroda\u201d.<\/p>\n<\/li>\n<\/ul>\n<hr data-path-to-node=\"48\" \/>\n<h3 data-path-to-node=\"49\"><b>8. Kompleksowe FAQ dla dystrybutor\u00f3w<\/b><\/h3>\n<p>P: Czy u\u017cytkownik mo\u017ce wy\u0142\u0105czy\u0107 bia\u0142y szum?<\/p>\n<p>O: Tak, funkcja muzyki\/bia\u0142ego szumu mo\u017ce by\u0107 w\u0142\u0105czana lub wy\u0142\u0105czana niezale\u017cnie od tryb\u00f3w masa\u017cu, umo\u017cliwiaj\u0105c cich\u0105 prac\u0119, je\u015bli jest to preferowane.<\/p>\n<p>P: Czym r\u00f3\u017cni si\u0119 to od modelu \u201cVisual\u201d?<\/p>\n<p>O: Ten model (Sleep Edition) ma solidn\u0105, nieprzezroczyst\u0105 przedni\u0105 os\u0142on\u0119 zaprojektowan\u0105 tak, aby ca\u0142kowicie blokowa\u0107 \u015bwiat\u0142o, promuj\u0105c lepszy sen. Zawiera r\u00f3wnie\u017c ekskluzywn\u0105 funkcj\u0119 White Noise, kt\u00f3ra w modelu Visual zazwyczaj zast\u0119puje Bluetooth lub cisz\u0119.<\/p>\n<p>P: Czy pojemno\u015b\u0107 baterii jest wystarczaj\u0105ca?<\/p>\n<p>O: Bateria o pojemno\u015bci 2000 mAh jest zoptymalizowana pod k\u0105tem zu\u017cycia energii przez urz\u0105dzenie. Poniewa\u017c nie zasila ona wy\u015bwietlacza wizualnego ani ci\u0119\u017ckich silnik\u00f3w wibracyjnych (polegaj\u0105c g\u0142\u00f3wnie na ci\u015bnieniu powietrza i cieple), zapewnia doskona\u0142y czas czuwania i u\u017cytkowania.<\/p>\n<p>P: Czy jest wygodny do spania?<\/p>\n<p>O: Chocia\u017c nie jest przeznaczony do noszenia podczas snu w \u0142\u00f3\u017cku (le\u017c\u0105c p\u0142asko), jest idealny do fazy \u201czasypiania\u201d. Redukcja ha\u0142asu zapewnia, \u017ce opr\u00f3\u017cnianie poduszki powietrznej jest ciche, zapobiegaj\u0105c zaskoczeniu u\u017cytkownik\u00f3w.<\/p>\n<p>P: Jaki jest czas \u0142adowania?<\/p>\n<p>O: Pe\u0142ne na\u0142adowanie przez port Type-C zajmuje oko\u0142o 3-4 godzin.<\/p>","protected":false},"excerpt":{"rendered":"<p data-path-to-node=\"8\">Sprzedawany w fabryce inteligentny masa\u017cer g\u0142owy wspomagaj\u0105cy zasypianie z wbudowanym 6-\u015bcie\u017ckowym bia\u0142ym szumem, 7-strefow\u0105 kompresj\u0105 poduszki powietrznej i 3-stopniowym ogrzewaniem. Bateria 2000 mAh z \u0142adowaniem typu C. Idealny do \u0142agodzenia bezsenno\u015bci i zarz\u0105dzania stresem. Certyfikat CE\/FCC.<\/p>","protected":false},"featured_media":1749,"template":"","meta":{"_acf_changed":false},"product_brand":[],"product_cat":[30,17],"product_tag":[],"class_list":{"0":"post-264","1":"product","2":"type-product","3":"status-publish","4":"has-post-thumbnail","6":"product_cat-head-and-eye-massage-series","7":"product_cat-massage","9":"first","10":"instock","11":"shipping-taxable","12":"product-type-simple"},"acf":[],"_links":{"self":[{"href":"https:\/\/tohachisz.com\/pl\/wp-json\/wp\/v2\/product\/264","targetHints":{"allow":["GET"]}}],"collection":[{"href":"https:\/\/tohachisz.com\/pl\/wp-json\/wp\/v2\/product"}],"about":[{"href":"https:\/\/tohachisz.com\/pl\/wp-json\/wp\/v2\/types\/product"}],"wp:featuredmedia":[{"embeddable":true,"href":"https:\/\/tohachisz.com\/pl\/wp-json\/wp\/v2\/media\/1749"}],"wp:attachment":[{"href":"https:\/\/tohachisz.com\/pl\/wp-json\/wp\/v2\/media?parent=264"}],"wp:term":[{"taxonomy":"product_brand","embeddable":true,"href":"https:\/\/tohachisz.com\/pl\/wp-json\/wp\/v2\/product_brand?post=264"},{"taxonomy":"product_cat","embeddable":true,"href":"https:\/\/tohachisz.com\/pl\/wp-json\/wp\/v2\/product_cat?post=264"},{"taxonomy":"product_tag","embeddable":true,"href":"https:\/\/tohachisz.com\/pl\/wp-json\/wp\/v2\/product_tag?post=264"}],"curies":[{"name":"wp","href":"https:\/\/api.w.org\/{rel}","templated":true}]}}