{"id":351,"date":"2025-12-20T06:43:33","date_gmt":"2025-12-20T06:43:33","guid":{"rendered":"https:\/\/tohachisz.com\/?post_type=product&#038;p=351"},"modified":"2026-05-09T02:32:46","modified_gmt":"2026-05-09T02:32:46","slug":"wholesale-digital-display-menstrual-relief-belt-intelligent-graphene-heating-pad","status":"publish","type":"product","link":"https:\/\/tohachisz.com\/hu\/product\/wholesale-digital-display-menstrual-relief-belt-intelligent-graphene-heating-pad\/","title":{"rendered":"Nagykereskedelmi digit\u00e1lis kijelz\u0151 menstru\u00e1ci\u00f3s enyh\u00edt\u0151 \u00f6v | Intelligens graf\u00e9n f\u0171t\u0151p\u00e1rna"},"content":{"rendered":"<h3 data-path-to-node=\"16\"><b data-path-to-node=\"16\" data-index-in-node=\"0\">\u00d6sszefoglal\u00f3 B2B\u00a0<\/b><\/h3>\n<p>Redefining the Look of Women&#8217;s Health<\/p>\n<p>A hagyom\u00e1nyos f\u0171t\u0151p\u00e1rn\u00e1k orvosi \u00e9s terjedelmesnek t\u0171nnek. A W333-as modell a modern n\u0151k sz\u00e1m\u00e1ra tervezett, eleg\u00e1ns, minimalista eszt\u00e9tik\u00e1j\u00e1val felforgatja a piacot. Sima \u00edveivel, pr\u00e9mium min\u0151s\u00e9g\u0171 fel\u00fcletkezel\u00e9s\u00e9vel \u00e9s futurisztikus kijelz\u0151j\u00e9vel a funkcion\u00e1lis f\u00e1jdalomcsillap\u00edt\u00f3 eszk\u00f6zt k\u00edv\u00e1natos \u00e9letm\u00f3d-kieg\u00e9sz\u00edt\u0151v\u00e9 alak\u00edtja \u00e1t.<\/p>\n<p data-path-to-node=\"18\"><b data-path-to-node=\"18\" data-index-in-node=\"0\">Mi\u00e9rt a W333 a k\u00f6z\u00f6ss\u00e9gi m\u00e9dia bestseller:<\/b><\/p>\n<ul data-path-to-node=\"19\">\n<li>\n<p data-path-to-node=\"19,0,0\"><b data-path-to-node=\"19,0,0\" data-index-in-node=\"0\">\u201cInstagrammozhat\u00f3\u201d eszt\u00e9tika:<\/b> A letisztult vonalak \u00e9s a pr\u00e9mium CMF (Color, Material, Finish) rendk\u00edv\u00fcl fotog\u00e9nn\u00e9 teszik, ami az e-kereskedelmi m\u00e1rk\u00e1k sz\u00e1m\u00e1ra magasabb elk\u00f6telezetts\u00e9gi ar\u00e1nyt eredm\u00e9nyez a k\u00f6z\u00f6ss\u00e9gi platformokon.<\/p>\n<\/li>\n<li>\n<p data-path-to-node=\"19,1,0\"><b data-path-to-node=\"19,1,0\" data-index-in-node=\"0\">Vizu\u00e1lis bizalom:<\/b> A <b data-path-to-node=\"19,1,0\" data-index-in-node=\"18\">Nagy LED k\u00e9perny\u0151<\/b> egy\u00e9rtelm\u0171, azonnali visszajelz\u00e9st ad a h\u0151m\u00e9rs\u00e9kletr\u0151l \u00e9s az \u00fczemm\u00f3dr\u00f3l, enyh\u00edtve a felhaszn\u00e1l\u00f3nak a biztons\u00e1ggal \u00e9s az ir\u00e1ny\u00edt\u00e1ssal kapcsolatos aggodalm\u00e1t.<\/p>\n<\/li>\n<li>\n<p data-path-to-node=\"19,2,0\"><b data-path-to-node=\"19,2,0\" data-index-in-node=\"0\">Aj\u00e1nd\u00e9kk\u00e9sz vonzer\u0151:<\/b> A \u201cTech Gift for Her\u201d-k\u00e9nt poz\u00edcion\u00e1lt term\u00e9k magasabb kiskereskedelmi \u00e1rat k\u00e9pvisel a f\u0151 aj\u00e1nd\u00e9koz\u00e1si id\u0151szakokban (kar\u00e1csony, Valentin-nap).<\/p>\n<\/li>\n<\/ul>\n<hr data-path-to-node=\"20\" \/>\n<h3 data-path-to-node=\"21\"><b data-path-to-node=\"21\" data-index-in-node=\"0\">4. A term\u00e9k legfontosabb jellemz\u0151i (Tech Deep Dive)<\/b><\/h3>\n<h4 data-path-to-node=\"22\"><b data-path-to-node=\"22\" data-index-in-node=\"0\">A. Modern nagyk\u00e9perny\u0151s digit\u00e1lis kijelz\u0151<\/b><\/h4>\n<ul data-path-to-node=\"23\">\n<li>\n<p data-path-to-node=\"23,0,0\"><b data-path-to-node=\"23,0,0\" data-index-in-node=\"0\">Tiszta vizualiz\u00e1ci\u00f3:<\/b> A kis kijelz\u0151kkel ellent\u00e9tben a W333 j\u00f3l l\u00e1that\u00f3 k\u00e9perny\u0151vel rendelkezik, amely egy pillant\u00e1ssal megjelen\u00edti a pontos h\u0151m\u00e9rs\u00e9kletet (pl. 50\u00b0C) \u00e9s az akkumul\u00e1tor \u00e1llapot\u00e1t.<\/p>\n<\/li>\n<li>\n<p data-path-to-node=\"23,1,0\"><b data-path-to-node=\"23,1,0\" data-index-in-node=\"0\">\u00c9jszakai \u00fczemm\u00f3d bar\u00e1ts\u00e1gos:<\/b> A l\u00e1gy LED vil\u00e1g\u00edt\u00e1s lehet\u0151v\u00e9 teszi a k\u00f6nny\u0171 kezel\u00e9st s\u00f6t\u00e9tben, an\u00e9lk\u00fcl, hogy vak\u00edtana.<\/p>\n<\/li>\n<\/ul>\n<h4 data-path-to-node=\"24\"><b data-path-to-node=\"24\" data-index-in-node=\"0\">B. 3 m\u00e1sodperces graf\u00e9n gyorsf\u0171t\u00e9s<\/b><\/h4>\n<ul data-path-to-node=\"25\">\n<li>\n<p data-path-to-node=\"25,0,0\"><b data-path-to-node=\"25,0,0\" data-index-in-node=\"0\">Azonnali k\u00e9nyelem:<\/b> A rep\u00fcl\u0151g\u00e9p-\u0171rtechnol\u00f3gi\u00e1t alkalmaz\u00f3 graf\u00e9ntechnol\u00f3gia seg\u00edts\u00e9g\u00e9vel a k\u00e9sz\u00fcl\u00e9k mind\u00f6ssze <b data-path-to-node=\"25,0,0\" data-index-in-node=\"92\">3 m\u00e1sodperc<\/b>, azonnali enyh\u00fcl\u00e9st biztos\u00edtva a g\u00f6rcs\u00f6k ellen.<\/p>\n<\/li>\n<li>\n<p data-path-to-node=\"25,1,0\"><b data-path-to-node=\"25,1,0\" data-index-in-node=\"0\">M\u00e9ly behatol\u00e1s:<\/b> Emits 6-14\u03bcm Far-Infrared waves that penetrate deep into the uterus to dispel cold and improve microcirculation.<\/p>\n<\/li>\n<li>\n<p data-path-to-node=\"25,2,0\"><b data-path-to-node=\"25,2,0\" data-index-in-node=\"0\">NTC Smart Control:<\/b><\/p>\n<ul data-path-to-node=\"25,2,1\">\n<li>\n<p data-path-to-node=\"25,2,1,0,0\"><b data-path-to-node=\"25,2,1,0,0\" data-index-in-node=\"0\">40\u00b0C:<\/b> Napi gyomormeleg\u00edt\u00e9s.<\/p>\n<\/li>\n<li>\n<p data-path-to-node=\"25,2,1,1,0\"><b data-path-to-node=\"25,2,1,1,0\" data-index-in-node=\"0\">50\u00b0C:<\/b> Menstru\u00e1ci\u00f3s gondoz\u00e1s.<\/p>\n<\/li>\n<li>\n<p data-path-to-node=\"25,2,1,2,0\"><b data-path-to-node=\"25,2,1,2,0\" data-index-in-node=\"0\">60\u00b0C:<\/b> Dysmenorrhea enyh\u00edt\u00e9se.<\/p>\n<\/li>\n<\/ul>\n<\/li>\n<\/ul>\n<h4 data-path-to-node=\"26\"><b data-path-to-node=\"26\" data-index-in-node=\"0\">C. 3-fokozat\u00fa t\u00f6bbfrekvenci\u00e1s rezg\u00e9s<\/b><\/h4>\n<ul data-path-to-node=\"27\">\n<li>\n<p data-path-to-node=\"27,0,0\"><b data-path-to-node=\"27,0,0\" data-index-in-node=\"0\">Csendes motorok:<\/b> Engineered with noise-reduction technology (&lt;40dB), making it perfect for office use or library study sessions.<\/p>\n<\/li>\n<li>\n<p data-path-to-node=\"27,1,0\"><b data-path-to-node=\"27,1,0\" data-index-in-node=\"0\">Massz\u00e1zs m\u00f3dok:<\/b> H\u00e1rom k\u00fcl\u00f6nb\u00f6z\u0151 rezg\u00e9smint\u00e1t (Nyugtat\u00f3, Vitalit\u00e1s, Alv\u00e1s) terveztek, hogy massz\u00edrozz\u00e1k a testet. <i data-path-to-node=\"27,1,0\" data-index-in-node=\"101\">Guanyuan<\/i> akupont \u00e9s ellaz\u00edtja az \u00e1gy\u00e9ki izmokat.<\/p>\n<\/li>\n<\/ul>\n<h4 data-path-to-node=\"28\"><b data-path-to-node=\"28\" data-index-in-node=\"0\">D. Ergonomikus \u201cZero-Feel\u201d illeszked\u00e9s<\/b><\/h4>\n<ul data-path-to-node=\"29\">\n<li>\n<p data-path-to-node=\"29,0,0\"><b data-path-to-node=\"29,0,0\" data-index-in-node=\"0\">\u00cdvelt alv\u00e1z:<\/b> A h\u00e1tlapot ergonomikusan \u00fagy alak\u00edtott\u00e1k ki, hogy szorosan \u00f6lelje az alhasat, maximaliz\u00e1lva a h\u0151\u00e1tad\u00e1s hat\u00e9konys\u00e1g\u00e1t.<\/p>\n<\/li>\n<li>\n<p data-path-to-node=\"29,1,0\"><b data-path-to-node=\"29,1,0\" data-index-in-node=\"0\">B\u00e1rsonyosan puha tapint\u00e1s\u00fa:<\/b> A b\u0151rrel \u00e9rintkez\u0151 ter\u00fcletet b\u00e9leli a <b data-path-to-node=\"29,1,0\" data-index-in-node=\"55\">Nagy s\u0171r\u0171s\u00e9g\u0171 pelyhes\u00edt\u0151 sz\u00f6vet<\/b> (Deer Velvet), amely biztos\u00edtja, hogy m\u00e1r a k\u00e9sz\u00fcl\u00e9k bekapcsol\u00e1sa el\u0151tt is puha \u00e9s meleg legyen.<\/p>\n<\/li>\n<\/ul>\n<h4 data-path-to-node=\"30\"><b data-path-to-node=\"30\" data-index-in-node=\"0\">E. 2500mAh hossz\u00fa \u00e9lettartam\u00fa akkumul\u00e1tor<\/b><\/h4>\n<ul data-path-to-node=\"31\">\n<li>\n<p data-path-to-node=\"31,0,0\"><b data-path-to-node=\"31,0,0\" data-index-in-node=\"0\">Vezet\u00e9k n\u00e9lk\u00fcli k\u00e9nyelem:<\/b> Teljesen \u00fajrat\u00f6lthet\u0151 USB Type-C-n kereszt\u00fcl.<\/p>\n<\/li>\n<li>\n<p data-path-to-node=\"31,1,0\"><b data-path-to-node=\"31,1,0\" data-index-in-node=\"0\">Kitart\u00e1s:<\/b> 3-5 \u00f3r\u00e1s folyamatos haszn\u00e1latot tesz lehet\u0151v\u00e9 (a h\u0151-\/vibr\u00e1ci\u00f3s be\u00e1ll\u00edt\u00e1sokt\u00f3l f\u00fcgg\u0151en), ami egy teljes napra elegend\u0151.<\/p>\n<\/li>\n<\/ul>\n<hr data-path-to-node=\"32\" \/>\n<h3 data-path-to-node=\"33\"><b data-path-to-node=\"33\" data-index-in-node=\"0\">5. M\u0171szaki adatok (W333 modell)<\/b><\/h3>\n<table data-path-to-node=\"34\">\n<thead>\n<tr>\n<td><strong>Specifik\u00e1ci\u00f3<\/strong><\/td>\n<td><strong>R\u00e9szlet<\/strong><\/td>\n<\/tr>\n<\/thead>\n<tbody>\n<tr>\n<td><span data-path-to-node=\"34,1,0,0\"><b data-path-to-node=\"34,1,0,0\" data-index-in-node=\"0\">Term\u00e9kmodell<\/b><\/span><\/td>\n<td><span data-path-to-node=\"34,1,1,0\"><b data-path-to-node=\"34,1,1,0\" data-index-in-node=\"0\">W333<\/b> (Fashion Digital Edition)<\/span><\/td>\n<\/tr>\n<tr>\n<td><span data-path-to-node=\"34,2,0,0\"><b data-path-to-node=\"34,2,0,0\" data-index-in-node=\"0\">Term\u00e9k neve<\/b><\/span><\/td>\n<td><span data-path-to-node=\"34,2,1,0\">Intelligens meleg palota \u00f6v<\/span><\/td>\n<\/tr>\n<tr>\n<td><span data-path-to-node=\"34,3,0,0\"><b data-path-to-node=\"34,3,0,0\" data-index-in-node=\"0\">F\u0171t\u00e9stechnika<\/b><\/span><\/td>\n<td><span data-path-to-node=\"34,3,1,0\"><b data-path-to-node=\"34,3,1,0\" data-index-in-node=\"0\">Graf\u00e9n film<\/b> (T\u00e1voli infrav\u00f6r\u00f6s)<\/span><\/td>\n<\/tr>\n<tr>\n<td><span data-path-to-node=\"34,4,0,0\"><b data-path-to-node=\"34,4,0,0\" data-index-in-node=\"0\">Megjelen\u00edt\u00e9s<\/b><\/span><\/td>\n<td><span data-path-to-node=\"34,4,1,0\"><b data-path-to-node=\"34,4,1,0\" data-index-in-node=\"0\">Nagy LED digit\u00e1lis k\u00e9perny\u0151<\/b><\/span><\/td>\n<\/tr>\n<tr>\n<td><span data-path-to-node=\"34,5,0,0\"><b data-path-to-node=\"34,5,0,0\" data-index-in-node=\"0\">Rezg\u00e9s<\/b><\/span><\/td>\n<td><span data-path-to-node=\"34,5,1,0\"><b data-path-to-node=\"34,5,1,0\" data-index-in-node=\"0\">3 fokozat\u00fa t\u00f6bbfrekvenci\u00e1s<\/b><\/span><\/td>\n<\/tr>\n<tr>\n<td><span data-path-to-node=\"34,6,0,0\"><b data-path-to-node=\"34,6,0,0\" data-index-in-node=\"0\">Temp be\u00e1ll\u00edt\u00e1sok<\/b><\/span><\/td>\n<td><span data-path-to-node=\"34,6,1,0\"><b data-path-to-node=\"34,6,1,0\" data-index-in-node=\"0\">40\u00b0C \/ 50\u00b0C \/ 60\u00b0C<\/b><\/span><\/td>\n<\/tr>\n<tr>\n<td><span data-path-to-node=\"34,7,0,0\"><b data-path-to-node=\"34,7,0,0\" data-index-in-node=\"0\">Az akkumul\u00e1tor kapacit\u00e1sa<\/b><\/span><\/td>\n<td><span data-path-to-node=\"34,7,1,0\"><b data-path-to-node=\"34,7,1,0\" data-index-in-node=\"0\">2500 mAh<\/b><\/span><\/td>\n<\/tr>\n<tr>\n<td><span data-path-to-node=\"34,8,0,0\"><b data-path-to-node=\"34,8,0,0\" data-index-in-node=\"0\">Anyag<\/b><\/span><\/td>\n<td><span data-path-to-node=\"34,8,1,0\">ABS + PC + b\u00e1rsony b\u00e9l\u00e9s<\/span><\/td>\n<\/tr>\n<tr>\n<td><span data-path-to-node=\"34,9,0,0\"><b data-path-to-node=\"34,9,0,0\" data-index-in-node=\"0\">T\u00f6lt\u00e9si id\u0151<\/b><\/span><\/td>\n<td><span data-path-to-node=\"34,9,1,0\">3-4 \u00f3ra (C-t\u00edpus\u00fa)<\/span><\/td>\n<\/tr>\n<tr>\n<td><span data-path-to-node=\"34,10,0,0\"><b data-path-to-node=\"34,10,0,0\" data-index-in-node=\"0\">Nett\u00f3 s\u00faly<\/b><\/span><\/td>\n<td><span data-path-to-node=\"34,10,1,0\">~220g<\/span><\/td>\n<\/tr>\n<tr>\n<td><span data-path-to-node=\"34,11,0,0\"><b data-path-to-node=\"34,11,0,0\" data-index-in-node=\"0\">Sz\u00ednv\u00e1laszt\u00e9k<\/b><\/span><\/td>\n<td><span data-path-to-node=\"34,11,1,0\">R\u00f3zsasz\u00edn, feh\u00e9r, retro z\u00f6ld (testreszabhat\u00f3)<\/span><\/td>\n<\/tr>\n<\/tbody>\n<\/table>\n<hr data-path-to-node=\"35\" \/>\n<h3 data-path-to-node=\"36\"><b data-path-to-node=\"36\" data-index-in-node=\"0\">6. Alkalmaz\u00e1si forgat\u00f3k\u00f6nyvek \u00e9s c\u00e9lpiacok<\/b><\/h3>\n<ul data-path-to-node=\"37\">\n<li>\n<p data-path-to-node=\"37,0,0\"><b data-path-to-node=\"37,0,0\" data-index-in-node=\"0\">Livestream E-kereskedelem:<\/b> A vizu\u00e1lis megjelen\u00edt\u00e9s \u00e9s a st\u00edlusos megjelen\u00e9s nagy konverz\u00e1ci\u00f3t eredm\u00e9nyez\u0151 term\u00e9kk\u00e9 teszi az influencerek \u00e9s a livestream h\u00e1zigazd\u00e1k sz\u00e1m\u00e1ra.<\/p>\n<\/li>\n<li>\n<p data-path-to-node=\"37,1,0\"><b data-path-to-node=\"37,1,0\" data-index-in-node=\"0\">V\u00e1llalati wellness-aj\u00e1nd\u00e9kok:<\/b> N\u00e9pszer\u0171 v\u00e1laszt\u00e1s a v\u00e1llalatok sz\u00e1m\u00e1ra, amelyek \u00e1tgondolt, high-tech aj\u00e1nd\u00e9kokat keresnek a n\u0151i alkalmazottak sz\u00e1m\u00e1ra.<\/p>\n<\/li>\n<li>\n<p data-path-to-node=\"37,2,0\"><b data-path-to-node=\"37,2,0\" data-index-in-node=\"0\">Utaz\u00e1si kiskereskedelem:<\/b> Kompakt \u00e9s vezet\u00e9k n\u00e9lk\u00fcli, ide\u00e1lis a h\u00e1tf\u00e1j\u00e1s enyh\u00edt\u00e9s\u00e9re hossz\u00fa rep\u00fcl\u0151utak vagy vonatoz\u00e1s alatt.<\/p>\n<\/li>\n<li>\n<p data-path-to-node=\"37,3,0\"><b data-path-to-node=\"37,3,0\" data-index-in-node=\"0\">Sz\u00e9ps\u00e9g doboz el\u0151fizet\u00e9sek:<\/b> Nagy \u00e9rt\u00e9k\u0171 \u201cHero Item\u201d a negyed\u00e9ves wellness el\u0151fizet\u00e9ses dobozokhoz.<\/p>\n<\/li>\n<\/ul>\n<hr data-path-to-node=\"38\" \/>\n<h3 data-path-to-node=\"39\"><b data-path-to-node=\"39\" data-index-in-node=\"0\">7. Gy\u00e1rt\u00e1s \u00e9s OEM\/ODM szolg\u00e1ltat\u00e1sok<\/b><\/h3>\n<p>Tervezze meg exkluz\u00edv kiad\u00e1s\u00e1t<\/p>\n<p>A W333 platform k\u00e9szen \u00e1ll az \u00d6n m\u00e1rk\u00e1j\u00e1nak egyedi megjelen\u00edt\u00e9s\u00e9re.<\/p>\n<ul data-path-to-node=\"41\">\n<li>\n<p data-path-to-node=\"41,0,0\"><b data-path-to-node=\"41,0,0\" data-index-in-node=\"0\">Fel\u00fcletkezel\u00e9s:<\/b> K\u00edn\u00e1lunk <b data-path-to-node=\"41,0,0\" data-index-in-node=\"28\">Matt gumiolaj<\/b> (Soft Touch) vagy <b data-path-to-node=\"41,0,0\" data-index-in-node=\"61\">Magas f\u00e9ny\u0171 UV<\/b> (Piano Paint) fel\u00fcletek, hogy megfeleljen a m\u00e1rka text\u00fara preferenci\u00e1j\u00e1nak.<\/p>\n<\/li>\n<li>\n<p data-path-to-node=\"41,1,0\"><b data-path-to-node=\"41,1,0\" data-index-in-node=\"0\">Egyedi felhaszn\u00e1l\u00f3i fel\u00fclet:<\/b> Nagy mennyis\u00e9g\u0171 megrendel\u00e9s eset\u00e9n testre szabhatjuk a LED-kijelz\u0151 ikonjait vagy az ind\u00edt\u00e1si viselked\u00e9st.<\/p>\n<\/li>\n<li>\n<p data-path-to-node=\"41,2,0\"><b data-path-to-node=\"41,2,0\" data-index-in-node=\"0\">Strap Branding:<\/b> Jacquard sz\u00f6v\u00e9s az \u00d6n log\u00f3j\u00e1val az elasztikus der\u00e9kp\u00e1ntba.<\/p>\n<\/li>\n<li>\n<p data-path-to-node=\"41,3,0\"><b data-path-to-node=\"41,3,0\" data-index-in-node=\"0\">Csomagol\u00e1s:<\/b> M\u00e1gneses z\u00e1r\u00f3d\u00e1ssal ell\u00e1tott, kiskereskedelmi forgalomban kaphat\u00f3 merev d\u00edszdobozok.<\/p>\n<\/li>\n<\/ul>\n<hr data-path-to-node=\"42\" \/>\n<h3 data-path-to-node=\"43\"><b data-path-to-node=\"43\" data-index-in-node=\"0\">8. \u00c1tfog\u00f3 GYIK a forgalmaz\u00f3k sz\u00e1m\u00e1ra<\/b><\/h3>\n<p>K: A k\u00e9perny\u0151 mindig bekapcsolva marad?<\/p>\n<p>V: Az akkumul\u00e1tor k\u00edm\u00e9l\u00e9se \u00e9rdek\u00e9ben a k\u00e9perny\u0151 n\u00e9h\u00e1ny m\u00e1sodpercnyi inaktivit\u00e1s ut\u00e1n \u00e1ltal\u00e1ban els\u00f6t\u00e9t\u00fcl, de \u00e9rint\u00e9sre azonnal fel\u00e9bred. (A konkr\u00e9t logika testre szabhat\u00f3).<\/p>\n<p>K: Neh\u00e9z?<\/p>\n<p>V: Nem, a k\u00f6r\u00fclbel\u00fcl 220 g-os s\u00falya k\u00f6nny\u0171, \u00e9s \u00fagy tervezt\u00e9k, hogy k\u00e9nyelmesen viselhet\u0151 legyen s\u00e9ta vagy munka k\u00f6zben.<\/p>\n<p>K: Haszn\u00e1lhatom a h\u00e1tam als\u00f3 r\u00e9sz\u00e9n?<\/p>\n<p>V: Igen, egyszer\u0171en forgassa el a sz\u00edjat. Hat\u00e9konyan kezeli az \u00e1gy\u00e9ki t\u00f6rzs \u00e9s a veset\u00e1j\u00e9ki hidegs\u00e9get.<\/p>\n<p>K: A f\u0171t\u00e9s biztons\u00e1gos a b\u0151rre?<\/p>\n<p>V: Igen, a b\u00e1rsony b\u00e9l\u00e9s biztons\u00e1gos pufferk\u00e9nt m\u0171k\u00f6dik, az NTC chip pedig megakad\u00e1lyozza a t\u00falmeleged\u00e9st. \u00c9rz\u00e9keny b\u0151r eset\u00e9n azonban 40\u00b0C-on val\u00f3 kezd\u00e9st javasoljuk.<\/p>\n<hr data-path-to-node=\"48\" \/>\n<h3 data-path-to-node=\"49\"><b data-path-to-node=\"49\" data-index-in-node=\"0\">9. L\u00e1bl\u00e9c \/ Kapcsolat szakasz<\/b><\/h3>\n<p>A piac legst\u00edlusosabb f\u0171t\u0151\u00f6v\u00e9nek rakt\u00e1rk\u00e9szlete.<\/p>\n<p>Legyen partner vel\u00fcnk, hogy a W333-as modellt eljuttassa \u00fcgyfeleihez.<\/p>","protected":false},"excerpt":{"rendered":"<p>Gy\u00e1ri k\u00f6zvetlen modell W333 intelligens der\u00e9kmassz\u00edroz\u00f3. Modern nagy LED kijelz\u0151vel, 3 m\u00e1sodperces graf\u00e9n gyorsf\u0171t\u00e9ssel \u00e9s 3 fokozat\u00fa nagyfrekvenci\u00e1s vibr\u00e1ci\u00f3val rendelkezik. 2500mAh akkumul\u00e1tor NTC biztons\u00e1gi vez\u00e9rl\u00e9ssel. A st\u00edlusos, cs\u00facstechnol\u00f3gi\u00e1s v\u00e1laszt\u00e1s a n\u0151i wellness m\u00e1rk\u00e1k \u00e9s aj\u00e1nd\u00e9kkeresked\u0151k sz\u00e1m\u00e1ra.<\/p>","protected":false},"featured_media":356,"template":"","meta":{"_acf_changed":false},"product_brand":[],"product_cat":[26,17],"product_tag":[],"class_list":{"0":"post-351","1":"product","2":"type-product","3":"status-publish","4":"has-post-thumbnail","6":"product_cat-waist-and-abdomen-massage-series","7":"product_cat-massage","9":"first","10":"instock","11":"shipping-taxable","12":"product-type-simple"},"acf":[],"_links":{"self":[{"href":"https:\/\/tohachisz.com\/hu\/wp-json\/wp\/v2\/product\/351","targetHints":{"allow":["GET"]}}],"collection":[{"href":"https:\/\/tohachisz.com\/hu\/wp-json\/wp\/v2\/product"}],"about":[{"href":"https:\/\/tohachisz.com\/hu\/wp-json\/wp\/v2\/types\/product"}],"wp:featuredmedia":[{"embeddable":true,"href":"https:\/\/tohachisz.com\/hu\/wp-json\/wp\/v2\/media\/356"}],"wp:attachment":[{"href":"https:\/\/tohachisz.com\/hu\/wp-json\/wp\/v2\/media?parent=351"}],"wp:term":[{"taxonomy":"product_brand","embeddable":true,"href":"https:\/\/tohachisz.com\/hu\/wp-json\/wp\/v2\/product_brand?post=351"},{"taxonomy":"product_cat","embeddable":true,"href":"https:\/\/tohachisz.com\/hu\/wp-json\/wp\/v2\/product_cat?post=351"},{"taxonomy":"product_tag","embeddable":true,"href":"https:\/\/tohachisz.com\/hu\/wp-json\/wp\/v2\/product_tag?post=351"}],"curies":[{"name":"wp","href":"https:\/\/api.w.org\/{rel}","templated":true}]}}