{"id":984,"date":"2026-04-10T05:38:51","date_gmt":"2026-04-10T05:38:51","guid":{"rendered":"https:\/\/tohachisz.com\/?page_id=984"},"modified":"2026-04-11T03:27:45","modified_gmt":"2026-04-11T03:27:45","slug":"contact-us","status":"publish","type":"page","link":"https:\/\/tohachisz.com\/hu\/contact-us\/","title":{"rendered":"Kapcsolatfelv\u00e9tel"},"content":{"rendered":"","protected":false},"excerpt":{"rendered":"","protected":false},"author":4,"featured_media":0,"parent":0,"menu_order":0,"comment_status":"closed","ping_status":"closed","template":"","meta":{"footnotes":""},"class_list":["post-984","page","type-page","status-publish","hentry"],"yoast_head":"<!-- This site is optimized with the Yoast SEO plugin v26.6 - https:\/\/yoast.com\/wordpress\/plugins\/seo\/ -->\n<title>Contact Us - Custom Massager Manufacturing | Tohachi Private Label Services for Air Wave, EMS &amp; Red Light Massager Devices<\/title>\n<meta name=\"robots\" content=\"index, follow, max-snippet:-1, max-image-preview:large, max-video-preview:-1\" \/>\n<link rel=\"canonical\" href=\"https:\/\/tohachisz.com\/hu\/contact-us\/\" \/>\n<meta property=\"og:locale\" content=\"hu_HU\" \/>\n<meta property=\"og:type\" content=\"article\" \/>\n<meta property=\"og:title\" content=\"Contact Us - Custom Massager Manufacturing | Tohachi Private Label Services for Air Wave, EMS &amp; Red Light Massager Devices\" \/>\n<meta property=\"og:url\" content=\"https:\/\/tohachisz.com\/hu\/contact-us\/\" \/>\n<meta property=\"og:site_name\" content=\"Custom Massager Manufacturing | Tohachi Private Label Services for Air Wave, EMS &amp; Red Light Massager Devices\" \/>\n<meta property=\"article:modified_time\" content=\"2026-04-11T03:27:45+00:00\" \/>\n<meta name=\"twitter:card\" content=\"summary_large_image\" \/>\n<script type=\"application\/ld+json\" class=\"yoast-schema-graph\">{\"@context\":\"https:\/\/schema.org\",\"@graph\":[{\"@type\":\"WebPage\",\"@id\":\"https:\/\/tohachisz.com\/es\/contact-us\/\",\"url\":\"https:\/\/tohachisz.com\/es\/contact-us\/\",\"name\":\"Contact Us - Custom Massager Manufacturing | Tohachi Private Label Services for Air Wave, EMS &amp; Red Light Massager Devices\",\"isPartOf\":{\"@id\":\"https:\/\/tohachisz.com\/#website\"},\"datePublished\":\"2026-04-10T05:38:51+00:00\",\"dateModified\":\"2026-04-11T03:27:45+00:00\",\"breadcrumb\":{\"@id\":\"https:\/\/tohachisz.com\/es\/contact-us\/#breadcrumb\"},\"inLanguage\":\"hu\",\"potentialAction\":[{\"@type\":\"ReadAction\",\"target\":[\"https:\/\/tohachisz.com\/es\/contact-us\/\"]}]},{\"@type\":\"BreadcrumbList\",\"@id\":\"https:\/\/tohachisz.com\/es\/contact-us\/#breadcrumb\",\"itemListElement\":[{\"@type\":\"ListItem\",\"position\":1,\"name\":\"Home\",\"item\":\"https:\/\/tohachisz.com\/fr\/\"},{\"@type\":\"ListItem\",\"position\":2,\"name\":\"Contact Us\"}]},{\"@type\":\"WebSite\",\"@id\":\"https:\/\/tohachisz.com\/#website\",\"url\":\"https:\/\/tohachisz.com\/\",\"name\":\"Custom Massager Manufacturing | Tohachi Private Label Services for Air Wave, EMS & Red Light Devices\",\"description\":\"\",\"potentialAction\":[{\"@type\":\"SearchAction\",\"target\":{\"@type\":\"EntryPoint\",\"urlTemplate\":\"https:\/\/tohachisz.com\/?s={search_term_string}\"},\"query-input\":{\"@type\":\"PropertyValueSpecification\",\"valueRequired\":true,\"valueName\":\"search_term_string\"}}],\"inLanguage\":\"hu\"}]}<\/script>\n<!-- \/ Yoast SEO plugin. -->","yoast_head_json":{"title":"Contact Us - Custom Massager Manufacturing | Tohachi Private Label Services for Air Wave, EMS &amp; Red Light Massager Devices","robots":{"index":"index","follow":"follow","max-snippet":"max-snippet:-1","max-image-preview":"max-image-preview:large","max-video-preview":"max-video-preview:-1"},"canonical":"https:\/\/tohachisz.com\/hu\/contact-us\/","og_locale":"hu_HU","og_type":"article","og_title":"Contact Us - Custom Massager Manufacturing | Tohachi Private Label Services for Air Wave, EMS &amp; Red Light Massager Devices","og_url":"https:\/\/tohachisz.com\/hu\/contact-us\/","og_site_name":"Custom Massager Manufacturing | Tohachi Private Label Services for Air Wave, EMS &amp; Red Light Massager Devices","article_modified_time":"2026-04-11T03:27:45+00:00","twitter_card":"summary_large_image","schema":{"@context":"https:\/\/schema.org","@graph":[{"@type":"WebPage","@id":"https:\/\/tohachisz.com\/es\/contact-us\/","url":"https:\/\/tohachisz.com\/es\/contact-us\/","name":"Contact Us - Custom Massager Manufacturing | Tohachi Private Label Services for Air Wave, EMS &amp; Red Light Massager Devices","isPartOf":{"@id":"https:\/\/tohachisz.com\/#website"},"datePublished":"2026-04-10T05:38:51+00:00","dateModified":"2026-04-11T03:27:45+00:00","breadcrumb":{"@id":"https:\/\/tohachisz.com\/es\/contact-us\/#breadcrumb"},"inLanguage":"hu","potentialAction":[{"@type":"ReadAction","target":["https:\/\/tohachisz.com\/es\/contact-us\/"]}]},{"@type":"BreadcrumbList","@id":"https:\/\/tohachisz.com\/es\/contact-us\/#breadcrumb","itemListElement":[{"@type":"ListItem","position":1,"name":"Home","item":"https:\/\/tohachisz.com\/fr\/"},{"@type":"ListItem","position":2,"name":"Contact Us"}]},{"@type":"WebSite","@id":"https:\/\/tohachisz.com\/#website","url":"https:\/\/tohachisz.com\/","name":"Egyedi massz\u00e1zsk\u00e9sz\u00fcl\u00e9kek gy\u00e1rt\u00e1sa | Tohachi Private Label Services for Air Wave, EMS &amp; Red Light Devices","description":"","potentialAction":[{"@type":"SearchAction","target":{"@type":"EntryPoint","urlTemplate":"https:\/\/tohachisz.com\/?s={search_term_string}"},"query-input":{"@type":"PropertyValueSpecification","valueRequired":true,"valueName":"search_term_string"}}],"inLanguage":"hu"}]}},"_hostinger_reach_plugin_has_subscription_block":false,"_hostinger_reach_plugin_is_elementor":false,"_links":{"self":[{"href":"https:\/\/tohachisz.com\/hu\/wp-json\/wp\/v2\/pages\/984","targetHints":{"allow":["GET"]}}],"collection":[{"href":"https:\/\/tohachisz.com\/hu\/wp-json\/wp\/v2\/pages"}],"about":[{"href":"https:\/\/tohachisz.com\/hu\/wp-json\/wp\/v2\/types\/page"}],"author":[{"embeddable":true,"href":"https:\/\/tohachisz.com\/hu\/wp-json\/wp\/v2\/users\/4"}],"replies":[{"embeddable":true,"href":"https:\/\/tohachisz.com\/hu\/wp-json\/wp\/v2\/comments?post=984"}],"version-history":[{"count":33,"href":"https:\/\/tohachisz.com\/hu\/wp-json\/wp\/v2\/pages\/984\/revisions"}],"predecessor-version":[{"id":1088,"href":"https:\/\/tohachisz.com\/hu\/wp-json\/wp\/v2\/pages\/984\/revisions\/1088"}],"wp:attachment":[{"href":"https:\/\/tohachisz.com\/hu\/wp-json\/wp\/v2\/media?parent=984"}],"curies":[{"name":"wp","href":"https:\/\/api.w.org\/{rel}","templated":true}]}}