{"id":264,"date":"2025-12-10T08:10:37","date_gmt":"2025-12-10T08:10:37","guid":{"rendered":"https:\/\/tohachisz.com\/?post_type=product&#038;p=264"},"modified":"2026-05-09T02:37:31","modified_gmt":"2026-05-09T02:37:31","slug":"immersive-white-noise-sleep-therapy-head-massager-heated-air-compression-helmet-oem-wellness-solutions","status":"publish","type":"product","link":"https:\/\/tohachisz.com\/fr\/produit\/immersive-white-noise-sleep-therapy-head-massager-heated-air-compression-helmet-oem-wellness-solutions\/","title":{"rendered":"Casque de compression \u00e0 air chauff\u00e9 | OEM Wellness Solutions"},"content":{"rendered":"<p>Appel \u00e0 l'action (CTA) :<\/p>\n<p>[Obtenir un devis pour la vente en gros] [\u00c9couter des \u00e9chantillons audio] [Demander un \u00e9chantillon ODM].<\/p>\n<hr data-path-to-node=\"15\" \/>\n<h3 data-path-to-node=\"16\"><b>3. R\u00e9sum\u00e9 (proposition de valeur B2B)<\/b><\/h3>\n<p>Exploiter l'\u00e9conomie du sommeil en plein essor\u201c<\/p>\n<p>Dans un monde en proie \u00e0 l'anxi\u00e9t\u00e9 et aux troubles du sommeil, les consommateurs recherchent des alternatives non m\u00e9dicamenteuses. Notre masseur de t\u00eate \u00e0 bruit blanc int\u00e9gr\u00e9 a \u00e9t\u00e9 sp\u00e9cialement con\u00e7u pour r\u00e9pondre \u00e0 cette demande. Contrairement aux masseurs classiques qui n'offrent qu'un soulagement physique, cet appareil cr\u00e9e un sanctuaire multisensoriel en bloquant la lumi\u00e8re et les bruits ext\u00e9rieurs et en les rempla\u00e7ant par des rythmes th\u00e9rapeutiques et une pression douce.<\/p>\n<p data-path-to-node=\"18\"><b>Pourquoi ce produit gagne sur le march\u00e9 :<\/b><\/p>\n<ul data-path-to-node=\"19\">\n<li>\n<p data-path-to-node=\"19,0,0\"><b>Int\u00e9gration de l'audioth\u00e9rapie :<\/b> Les haut-parleurs haute fid\u00e9lit\u00e9 int\u00e9gr\u00e9s diffusent 6 pistes de bruit blanc distinctes (pluie, oc\u00e9an, for\u00eat, etc.) pour abaisser la fr\u00e9quence des ondes c\u00e9r\u00e9brales et induire le sommeil.<\/p>\n<\/li>\n<li>\n<p data-path-to-node=\"19,1,0\"><b>Privation sensorielle :<\/b> L'\u00e9cran argent\u00e9 opaque assure une occultation totale, d\u00e9clenchant la production naturelle de m\u00e9latonine pour un repos plus profond.<\/p>\n<\/li>\n<li>\n<p data-path-to-node=\"19,2,0\"><b>Ajustement flexible en une seule pi\u00e8ce :<\/b> La construction unibody am\u00e9lior\u00e9e s'adapte parfaitement aux diff\u00e9rentes formes de t\u00eate sans l'encombrement des boutons de r\u00e9glage, offrant ainsi une esth\u00e9tique plus \u00e9l\u00e9gante et plus futuriste.<\/p>\n<\/li>\n<\/ul>\n<hr data-path-to-node=\"20\" \/>\n<h3 data-path-to-node=\"21\"><b>4. Principales caract\u00e9ristiques du produit (exclusivit\u00e9 H522)<\/b><\/h3>\n<h4 data-path-to-node=\"22\"><b>A. Syst\u00e8me de bruit blanc immersif \u00e0 6 pistes<\/b><\/h4>\n<p data-path-to-node=\"23\">La relaxation n'est pas seulement physique, elle est aussi mentale. Cet appareil propose une biblioth\u00e8que de <b>6 ambiances sonores apaisantes<\/b> con\u00e7u pour masquer les bruits ambiants g\u00eanants.<\/p>\n<ul data-path-to-node=\"24\">\n<li>\n<p data-path-to-node=\"24,0,0\"><b>Fonction :<\/b> Aide \u00e0 calmer l\u201c\u201desprit de singe\" apr\u00e8s une journ\u00e9e de travail stressante.<\/p>\n<\/li>\n<li>\n<p data-path-to-node=\"24,1,0\"><b>B\u00e9n\u00e9fice :<\/b> Il est prouv\u00e9 qu'il am\u00e9liore la latence du sommeil (temps d'endormissement) et la qualit\u00e9 du sommeil.<\/p>\n<\/li>\n<\/ul>\n<h4 data-path-to-node=\"25\"><b>B. Massage Airbag de pr\u00e9cision 7 zones \/ 6 points<\/b><\/h4>\n<p data-path-to-node=\"26\">Con\u00e7u avec un syst\u00e8me de pression d'air sophistiqu\u00e9 qui cible les points d'acupression critiques sur le cuir chevelu et les tempes.<\/p>\n<ul data-path-to-node=\"27\">\n<li>\n<p data-path-to-node=\"27,0,0\"><b>Couverture :<\/b> 7 grandes chambres \u00e0 air enveloppent toute la r\u00e9gion cr\u00e2nienne.<\/p>\n<\/li>\n<li>\n<p data-path-to-node=\"27,1,0\"><b>Technique :<\/b> Simule les mouvements de pouss\u00e9e, de pincement et de p\u00e9trissage d'une masseuse professionnelle pour soulager les maux de t\u00eate dus \u00e0 la tension et la crispation du cuir chevelu.<\/p>\n<\/li>\n<\/ul>\n<h4 data-path-to-node=\"28\"><b>C. Compresse chaude thermostatique \u00e0 3 niveaux<\/b><\/h4>\n<p data-path-to-node=\"29\">Les \u00e9l\u00e9ments chauffants int\u00e9gr\u00e9s fournissent une chaleur constante aux r\u00e9gions oculaires et temporales.<\/p>\n<ul data-path-to-node=\"30\">\n<li>\n<p data-path-to-node=\"30,0,0\"><b>Param\u00e8tres :<\/b> Faible \/ Moyen \/ \u00c9lev\u00e9 (r\u00e9glable).<\/p>\n<\/li>\n<li>\n<p data-path-to-node=\"30,1,0\"><b>Effet :<\/b> Dilate les vaisseaux sanguins autour des yeux pour soulager la fatigue oculaire num\u00e9rique et la s\u00e9cheresse oculaire, renfor\u00e7ant ainsi l'effet apaisant du massage.<\/p>\n<\/li>\n<\/ul>\n<h4 data-path-to-node=\"31\"><b>D. 4 modes de massage intelligents<\/b><\/h4>\n<p data-path-to-node=\"32\">Les utilisateurs peuvent basculer entre quatre programmes distincts pour r\u00e9pondre \u00e0 leurs besoins imm\u00e9diats :<\/p>\n<ul data-path-to-node=\"33\">\n<li>\n<p data-path-to-node=\"33,0,0\"><b>Mode vitalit\u00e9 :<\/b> Pression rythmique pour stimuler l'\u00e9nergie.<\/p>\n<\/li>\n<li>\n<p data-path-to-node=\"33,1,0\"><b>Mode apaisant :<\/b> Compression douce pour la relaxation.<\/p>\n<\/li>\n<li>\n<p data-path-to-node=\"33,2,0\"><b>Mode veille :<\/b> Pression lente et forte + bruit blanc pour le coucher.<\/p>\n<\/li>\n<li>\n<p data-path-to-node=\"33,3,0\"><b>Mode de soins oculaires :<\/b> Se concentre sur la chaleur et le massage des tempes.<\/p>\n<\/li>\n<\/ul>\n<h4 data-path-to-node=\"34\"><b>E. Batterie d'endurance 2000mAh<\/b><\/h4>\n<p data-path-to-node=\"35\">Aliment\u00e9 par un moteur \u00e0 haute efficacit\u00e9 <b>Batterie au lithium 2000mAh<\/b>.<\/p>\n<ul data-path-to-node=\"36\">\n<li>\n<p data-path-to-node=\"36,0,0\"><b>Performance :<\/b> Permet plusieurs cycles de massage de 15 minutes avec une seule charge.<\/p>\n<\/li>\n<li>\n<p data-path-to-node=\"36,1,0\"><b>Chargement :<\/b> Universel <b>USB Type-C<\/b> garantit la compatibilit\u00e9 avec les chargeurs de t\u00e9l\u00e9phone et les ordinateurs portables modernes, ce qui le rend facile \u00e0 transporter.<\/p>\n<\/li>\n<\/ul>\n<hr data-path-to-node=\"37\" \/>\n<h3 data-path-to-node=\"38\"><b>5. Sp\u00e9cifications techniques (strictement bas\u00e9es sur les donn\u00e9es H522)<\/b><\/h3>\n<p data-path-to-node=\"39\"><i>Les sp\u00e9cifications suivantes sont v\u00e9rifi\u00e9es par rapport \u00e0 la fiche de param\u00e8tres du produit fournie.<\/i><\/p>\n<table data-path-to-node=\"40\">\n<thead>\n<tr>\n<td><strong>Sp\u00e9cifications<\/strong><\/td>\n<td><strong>D\u00e9tail<\/strong><\/td>\n<\/tr>\n<\/thead>\n<tbody>\n<tr>\n<td><span data-path-to-node=\"40,1,0,0\"><b>Nom du produit<\/b><\/span><\/td>\n<td><span data-path-to-node=\"40,1,1,0\">Masseur \u00e9lectrique int\u00e9gr\u00e9 pour la t\u00eate et les yeux (Sleep Edition)<\/span><\/td>\n<\/tr>\n<tr>\n<td><span data-path-to-node=\"40,2,0,0\"><b>Technologie du massage<\/b><\/span><\/td>\n<td><span data-path-to-node=\"40,2,1,0\"><b>Pression atmosph\u00e9rique (6 points \/ 7 domaines)<\/b><\/span><\/td>\n<\/tr>\n<tr>\n<td><span data-path-to-node=\"40,3,0,0\"><b>Fonctionnalit\u00e9 audio<\/b><\/span><\/td>\n<td><span data-path-to-node=\"40,3,1,0\"><b>6 types de bruit blanc<\/b> (int\u00e9gr\u00e9)<\/span><\/td>\n<\/tr>\n<tr>\n<td><span data-path-to-node=\"40,4,0,0\"><b>Capacit\u00e9 de la batterie<\/b><\/span><\/td>\n<td><span data-path-to-node=\"40,4,1,0\"><b>2000 mAh<\/b><\/span><\/td>\n<\/tr>\n<tr>\n<td><span data-path-to-node=\"40,5,0,0\"><b>Dur\u00e9e du massage<\/b><\/span><\/td>\n<td><span data-path-to-node=\"40,5,1,0\"><b>15 minutes<\/b> (Auto-Stop)<\/span><\/td>\n<\/tr>\n<tr>\n<td><span data-path-to-node=\"40,6,0,0\"><b>Niveaux de chauffage<\/b><\/span><\/td>\n<td><span data-path-to-node=\"40,6,1,0\"><b>3 vitesses<\/b> (ajustable)<\/span><\/td>\n<\/tr>\n<tr>\n<td><span data-path-to-node=\"40,7,0,0\"><b>Modes de massage<\/b><\/span><\/td>\n<td><span data-path-to-node=\"40,7,1,0\"><b>4 Modes<\/b><\/span><\/td>\n<\/tr>\n<tr>\n<td><span data-path-to-node=\"40,8,0,0\"><b>Port de charge<\/b><\/span><\/td>\n<td><span data-path-to-node=\"40,8,1,0\"><b>USB Type-C<\/b><\/span><\/td>\n<\/tr>\n<tr>\n<td><span data-path-to-node=\"40,9,0,0\"><b>Pi\u00e8ces applicables<\/b><\/span><\/td>\n<td><span data-path-to-node=\"40,9,1,0\">T\u00eate + yeux<\/span><\/td>\n<\/tr>\n<tr>\n<td><span data-path-to-node=\"40,10,0,0\"><b>Liste des produits<\/b><\/span><\/td>\n<td><span data-path-to-node=\"40,10,1,0\">Unit\u00e9 principale, c\u00e2ble de type C, manuel d'utilisation<\/span><\/td>\n<\/tr>\n<\/tbody>\n<\/table>\n<hr data-path-to-node=\"41\" \/>\n<h3 data-path-to-node=\"42\"><b>6. Sc\u00e9narios d'application et march\u00e9s cibles<\/b><\/h3>\n<ul data-path-to-node=\"43\">\n<li>\n<p data-path-to-node=\"43,0,0\"><b>Cliniques du sommeil et psychologues :<\/b> Un outil non invasif \u00e0 recommander aux patients souffrant d'insomnie ou de troubles anxieux.<\/p>\n<\/li>\n<li>\n<p data-path-to-node=\"43,1,0\"><b>Salles de bien-\u00eatre pour les entreprises :<\/b> Permettez aux employ\u00e9s de faire une \u201csieste\u201d de 15 minutes avec un bruit blanc pour recharger leur concentration mentale.<\/p>\n<\/li>\n<li>\n<p data-path-to-node=\"43,2,0\"><b>Spas haut de gamme :<\/b> A utiliser comme compl\u00e9ment de relaxation pendant les traitements corporels ou en attendant un rendez-vous.<\/p>\n<\/li>\n<li>\n<p data-path-to-node=\"43,3,0\"><b>March\u00e9 des cadeaux :<\/b> Son emballage haut de gamme et son design futuriste \u201cflexible en une seule pi\u00e8ce\u201d en font un cadeau id\u00e9al pour les consommateurs f\u00e9rus de technologie.<\/p>\n<\/li>\n<\/ul>\n<hr data-path-to-node=\"44\" \/>\n<h3 data-path-to-node=\"45\"><b>7. Fabrication et personnalisation (OEM\/ODM)<\/b><\/h3>\n<p>Cr\u00e9ez votre propre marque de sommeil<\/p>\n<p>Nous proposons une personnalisation flexible afin d'aligner le positionnement de votre marque sur le march\u00e9 du bien-\u00eatre.<\/p>\n<ul data-path-to-node=\"47\">\n<li>\n<p data-path-to-node=\"47,0,0\"><b>Personnalisation audio :<\/b> Pour les commandes de gros volumes, nous pouvons \u00e9ventuellement pr\u00e9charger des pistes audio personnalis\u00e9es (par exemple, m\u00e9ditation guid\u00e9e, jingles de marque).<\/p>\n<\/li>\n<li>\n<p data-path-to-node=\"47,1,0\"><b>Finition de la surface :<\/b> Choisissez entre le blanc mat, l'argent m\u00e9tallique ou les rev\u00eatements caoutchout\u00e9s doux au toucher.<\/p>\n<\/li>\n<li>\n<p data-path-to-node=\"47,2,0\"><b>Logo Branding :<\/b> Tampographie sur la partie lat\u00e9rale de la tempe ou sur l'\u00e9cran r\u00e9fl\u00e9chissant \u00e0 l'avant.<\/p>\n<\/li>\n<li>\n<p data-path-to-node=\"47,3,0\"><b>Bo\u00eete cadeau Design :<\/b> Nous vous proposons des mod\u00e8les pour concevoir des emballages qui mettent en avant les th\u00e8mes \u201cSommeil\u201d, \u201cTechnologie\u201d ou \u201cBeaut\u00e9\u201d.<\/p>\n<\/li>\n<\/ul>\n<hr data-path-to-node=\"48\" \/>\n<h3 data-path-to-node=\"49\"><b>8. FAQ compl\u00e8te pour les distributeurs<\/b><\/h3>\n<p>Q : L'utilisateur peut-il d\u00e9sactiver le bruit blanc ?<\/p>\n<p>R : Oui, la fonction musique\/bruit blanc peut \u00eatre activ\u00e9e ou d\u00e9sactiv\u00e9e ind\u00e9pendamment des modes de massage, ce qui permet un fonctionnement silencieux si l'on pr\u00e9f\u00e8re.<\/p>\n<p>Q : Quelle est la diff\u00e9rence avec le mod\u00e8le \u201cvisuel\u201d ?<\/p>\n<p>R : Ce mod\u00e8le (Sleep Edition) est dot\u00e9 d'un \u00e9cran frontal solide et opaque con\u00e7u pour bloquer compl\u00e8tement la lumi\u00e8re et favoriser un meilleur sommeil. Il comprend \u00e9galement la fonction exclusive de bruit blanc, que le mod\u00e8le visuel remplace g\u00e9n\u00e9ralement par le Bluetooth ou le silence.<\/p>\n<p>Q : La capacit\u00e9 de la batterie est-elle suffisante ?<\/p>\n<p>R : La batterie de 2000 mAh est optimis\u00e9e pour la consommation d'\u00e9nergie de l'appareil. Comme elle n'alimente pas d'\u00e9cran visuel ni de moteurs \u00e0 vibrations lourdes (elle s'appuie principalement sur la pression de l'air et la chaleur), elle offre une excellente autonomie en veille et en utilisation.<\/p>\n<p>Q : Est-il confortable pour dormir ?<\/p>\n<p>R : Bien qu'il ne soit pas con\u00e7u pour \u00eatre port\u00e9 pendant le sommeil dans un lit (\u00e0 plat), il est parfait pour la phase d'endormissement. Le traitement de r\u00e9duction du bruit garantit un d\u00e9gonflement silencieux de l'airbag, \u00e9vitant ainsi aux utilisateurs d'\u00eatre r\u00e9veill\u00e9s en sursaut.<\/p>\n<p>Q : Quel est le temps de charge ?<\/p>\n<p>R : Il faut compter environ 3 \u00e0 4 heures pour une charge compl\u00e8te via le port Type-C.<\/p>","protected":false},"excerpt":{"rendered":"<p data-path-to-node=\"8\">Masseur de t\u00eate intelligent d'aide au sommeil avec bruit blanc int\u00e9gr\u00e9 \u00e0 6 pistes, compression airbag \u00e0 7 zones et chauffage \u00e0 3 niveaux. Batterie de 2000mAh avec chargeur Type-C. Id\u00e9al pour le soulagement de l'insomnie et la gestion du stress. Certifi\u00e9 CE\/FCC.<\/p>","protected":false},"featured_media":1749,"template":"","meta":{"_acf_changed":false},"product_brand":[],"product_cat":[30,17],"product_tag":[],"class_list":{"0":"post-264","1":"product","2":"type-product","3":"status-publish","4":"has-post-thumbnail","6":"product_cat-head-and-eye-massage-series","7":"product_cat-massage","9":"first","10":"instock","11":"shipping-taxable","12":"product-type-simple"},"acf":[],"_links":{"self":[{"href":"https:\/\/tohachisz.com\/fr\/wp-json\/wp\/v2\/product\/264","targetHints":{"allow":["GET"]}}],"collection":[{"href":"https:\/\/tohachisz.com\/fr\/wp-json\/wp\/v2\/product"}],"about":[{"href":"https:\/\/tohachisz.com\/fr\/wp-json\/wp\/v2\/types\/product"}],"wp:featuredmedia":[{"embeddable":true,"href":"https:\/\/tohachisz.com\/fr\/wp-json\/wp\/v2\/media\/1749"}],"wp:attachment":[{"href":"https:\/\/tohachisz.com\/fr\/wp-json\/wp\/v2\/media?parent=264"}],"wp:term":[{"taxonomy":"product_brand","embeddable":true,"href":"https:\/\/tohachisz.com\/fr\/wp-json\/wp\/v2\/product_brand?post=264"},{"taxonomy":"product_cat","embeddable":true,"href":"https:\/\/tohachisz.com\/fr\/wp-json\/wp\/v2\/product_cat?post=264"},{"taxonomy":"product_tag","embeddable":true,"href":"https:\/\/tohachisz.com\/fr\/wp-json\/wp\/v2\/product_tag?post=264"}],"curies":[{"name":"wp","href":"https:\/\/api.w.org\/{rel}","templated":true}]}}