{"id":1413,"date":"2026-04-15T03:44:00","date_gmt":"2026-04-15T03:44:00","guid":{"rendered":"https:\/\/tohachisz.com\/product\/l522\/"},"modified":"2026-05-09T02:31:57","modified_gmt":"2026-05-09T02:31:57","slug":"l522","status":"publish","type":"product","link":"https:\/\/tohachisz.com\/fr\/produit\/l522\/","title":{"rendered":"Masseur de jambes \u00e0 pression d'air"},"content":{"rendered":"","protected":false},"excerpt":{"rendered":"<ul>\n<li>Contr\u00f4le intelligent de la temp\u00e9rature \u00e0 trois niveaux<\/li>\n<li>Massage de p\u00e9trissage \u00e0 pression d'air \u00e0 2 zones<\/li>\n<li>Minuterie intelligente de 15 minutes<\/li>\n<li>3 modes de massage<\/li>\n<li>3000 mAh Dur\u00e9e de vie de la batterie ultra longue<\/li>\n<li>Conception en 3D<\/li>\n<\/ul>","protected":false},"featured_media":2203,"template":"","meta":{"_acf_changed":false},"product_brand":[],"product_cat":[27,52,17],"product_tag":[],"class_list":{"0":"post-1413","1":"product","2":"type-product","3":"status-publish","4":"has-post-thumbnail","6":"product_cat-air-pressure-massage-series","7":"product_cat-air-compression-leg-wraps","8":"product_cat-massage","10":"first","11":"instock","12":"shipping-taxable","13":"product-type-simple"},"acf":[],"_links":{"self":[{"href":"https:\/\/tohachisz.com\/fr\/wp-json\/wp\/v2\/product\/1413","targetHints":{"allow":["GET"]}}],"collection":[{"href":"https:\/\/tohachisz.com\/fr\/wp-json\/wp\/v2\/product"}],"about":[{"href":"https:\/\/tohachisz.com\/fr\/wp-json\/wp\/v2\/types\/product"}],"wp:featuredmedia":[{"embeddable":true,"href":"https:\/\/tohachisz.com\/fr\/wp-json\/wp\/v2\/media\/2203"}],"wp:attachment":[{"href":"https:\/\/tohachisz.com\/fr\/wp-json\/wp\/v2\/media?parent=1413"}],"wp:term":[{"taxonomy":"product_brand","embeddable":true,"href":"https:\/\/tohachisz.com\/fr\/wp-json\/wp\/v2\/product_brand?post=1413"},{"taxonomy":"product_cat","embeddable":true,"href":"https:\/\/tohachisz.com\/fr\/wp-json\/wp\/v2\/product_cat?post=1413"},{"taxonomy":"product_tag","embeddable":true,"href":"https:\/\/tohachisz.com\/fr\/wp-json\/wp\/v2\/product_tag?post=1413"}],"curies":[{"name":"wp","href":"https:\/\/api.w.org\/{rel}","templated":true}]}}