{"id":408,"date":"2025-12-20T07:45:03","date_gmt":"2025-12-20T07:45:03","guid":{"rendered":"https:\/\/tohachisz.com\/?post_type=product&#038;p=408"},"modified":"2026-05-09T02:32:21","modified_gmt":"2026-05-09T02:32:21","slug":"wholesale-foldable-magnetic-charging-menstrual-belt-portable-graphene-waist-massager","status":"publish","type":"product","link":"https:\/\/tohachisz.com\/fi\/product\/wholesale-foldable-magnetic-charging-menstrual-belt-portable-graphene-waist-massager\/","title":{"rendered":"EMS Smart Vy\u00f6t\u00e4r\u00f6- ja vatsahierontalaite"},"content":{"rendered":"","protected":false},"excerpt":{"rendered":"<ul>\n<li>9000mm\u00b2 Hot compress massage<\/li>\n<li>660nm Red light penetration<\/li>\n<li>EMS+TENS dual pulse massage<\/li>\n<li>4-Zone EMS shaping design<\/li>\n<li>6 Massage modes<\/li>\n<li>16 Levels of EMS<\/li>\n<\/ul>","protected":false},"featured_media":409,"template":"","meta":{"_acf_changed":false},"product_brand":[],"product_cat":[26,17],"product_tag":[],"class_list":{"0":"post-408","1":"product","2":"type-product","3":"status-publish","4":"has-post-thumbnail","6":"product_cat-waist-and-abdomen-massage-series","7":"product_cat-massage","9":"first","10":"instock","11":"shipping-taxable","12":"product-type-simple"},"acf":[],"_links":{"self":[{"href":"https:\/\/tohachisz.com\/fi\/wp-json\/wp\/v2\/product\/408","targetHints":{"allow":["GET"]}}],"collection":[{"href":"https:\/\/tohachisz.com\/fi\/wp-json\/wp\/v2\/product"}],"about":[{"href":"https:\/\/tohachisz.com\/fi\/wp-json\/wp\/v2\/types\/product"}],"wp:featuredmedia":[{"embeddable":true,"href":"https:\/\/tohachisz.com\/fi\/wp-json\/wp\/v2\/media\/409"}],"wp:attachment":[{"href":"https:\/\/tohachisz.com\/fi\/wp-json\/wp\/v2\/media?parent=408"}],"wp:term":[{"taxonomy":"product_brand","embeddable":true,"href":"https:\/\/tohachisz.com\/fi\/wp-json\/wp\/v2\/product_brand?post=408"},{"taxonomy":"product_cat","embeddable":true,"href":"https:\/\/tohachisz.com\/fi\/wp-json\/wp\/v2\/product_cat?post=408"},{"taxonomy":"product_tag","embeddable":true,"href":"https:\/\/tohachisz.com\/fi\/wp-json\/wp\/v2\/product_tag?post=408"}],"curies":[{"name":"wp","href":"https:\/\/api.w.org\/{rel}","templated":true}]}}