{"id":380,"date":"2025-12-20T07:14:11","date_gmt":"2025-12-20T07:14:11","guid":{"rendered":"https:\/\/tohachisz.com\/?post_type=product&#038;p=380"},"modified":"2026-05-09T02:32:30","modified_gmt":"2026-05-09T02:32:30","slug":"wholesale-long-endurance-graphene-heating-waist-belt-3000mah-high-capacity-battery","status":"publish","type":"product","link":"https:\/\/tohachisz.com\/fi\/product\/wholesale-long-endurance-graphene-heating-waist-belt-3000mah-high-capacity-battery\/","title":{"rendered":"Punainen valo kuuma kompressori lannerangan tukihieroja Hierontalaite"},"content":{"rendered":"<h3 data-path-to-node=\"16\"><b data-path-to-node=\"16\" data-index-in-node=\"0\">Tiivistelm\u00e4 B2B<\/b><\/h3>\n<p>Poista asiakkaidesi \u201cakkuhuolet\u201d.<\/p>\n<p>Kannettavien l\u00e4mmitystyynyjen markkinoilla kuluttajien #1-valitus koskee akun lyhytt\u00e4 k\u00e4ytt\u00f6ik\u00e4\u00e4. Malli W345 vastaa suoraan t\u00e4h\u00e4n ongelmaan. Se sis\u00e4lt\u00e4\u00e4 tihe\u00e4n 3000 mAh:n polymeerilitiumakun, joka tarjoaa 30-50% pidemm\u00e4n k\u00e4ytt\u00f6ajan kuin tavalliset kilpailijat. T\u00e4m\u00e4 tekee siit\u00e4 ihanteellisen SKU:n premium-br\u00e4ndeille, jotka lupaavat ammattitason suorituskyvyn ja luotettavuuden.<\/p>\n<p data-path-to-node=\"18\"><b data-path-to-node=\"18\" data-index-in-node=\"0\">Miksi W345 rakentaa merkkiuskollisuutta:<\/b><\/p>\n<ul data-path-to-node=\"19\">\n<li>\n<p data-path-to-node=\"19,0,0\"><b data-path-to-node=\"19,0,0\" data-index-in-node=\"0\">Keskeytym\u00e4t\u00f6n hoito:<\/b> K\u00e4ytt\u00e4j\u00e4t voivat nauttia useista korkean l\u00e4mp\u00f6tilan (60 \u00b0C) sykleist\u00e4 yhdell\u00e4 latauksella, mik\u00e4 sopii t\u00e4ydellisesti pitkiin ty\u00f6p\u00e4iviin tai matkoille ilman virtapankkia.<\/p>\n<\/li>\n<li>\n<p data-path-to-node=\"19,1,0\"><b data-path-to-node=\"19,1,0\" data-index-in-node=\"0\">Vakaa teho:<\/b> Suurikapasiteettinen kenno varmistaa, ett\u00e4 t\u00e4rin\u00e4n voimakkuus ja l\u00e4mmitysnopeus eiv\u00e4t heikkene akun tyhjenemisen my\u00f6t\u00e4, ja yll\u00e4pit\u00e4\u00e4 ensiluokkaisen kokemuksen 100%:st\u00e4 1%:hen.<\/p>\n<\/li>\n<li>\n<p data-path-to-node=\"19,2,0\"><b data-path-to-node=\"19,2,0\" data-index-in-node=\"0\">Tietoa yhdell\u00e4 silm\u00e4yksell\u00e4:<\/b> P\u00e4ivitetty <b data-path-to-node=\"19,2,0\" data-index-in-node=\"38\">Immersiivinen LED-n\u00e4ytt\u00f6<\/b> tarjoaa selke\u00e4n ja kontrastikkaan n\u00e4kym\u00e4n asetuksiin, mik\u00e4 lis\u00e4\u00e4 laitteen korkean teknologian tuntua.<\/p>\n<\/li>\n<\/ul>\n<hr data-path-to-node=\"20\" \/>\n<h3 data-path-to-node=\"21\"><b data-path-to-node=\"21\" data-index-in-node=\"0\">4. Tuotteen t\u00e4rkeimm\u00e4t ominaisuudet (Tech Deep Dive)<\/b><\/h3>\n<h4 data-path-to-node=\"22\"><b data-path-to-node=\"22\" data-index-in-node=\"0\">A. 3000mAh High-Density Power Core<\/b><\/h4>\n<p data-path-to-node=\"23\">W345:n tunnusmerkki.<\/p>\n<ul data-path-to-node=\"24\">\n<li>\n<p data-path-to-node=\"24,0,0\"><b data-path-to-node=\"24,0,0\" data-index-in-node=\"0\">Laajennettu kest\u00e4vyys:<\/b> Tukee 4-6 tunnin jatkuvaa k\u00e4ytt\u00f6\u00e4 (asetuksista riippuen), mik\u00e4 on huomattavasti parempi kuin alan standardi, joka on 2-3 tuntia.<\/p>\n<\/li>\n<li>\n<p data-path-to-node=\"24,1,0\"><b data-path-to-node=\"24,1,0\" data-index-in-node=\"0\">Optimoitu virtapiiri:<\/b> Edistyksellinen virranhallintaj\u00e4rjestelm\u00e4 v\u00e4hent\u00e4\u00e4 valmiustilan kulutusta ja varmistaa, ett\u00e4 laite on k\u00e4ytt\u00f6valmis, vaikka se olisi ollut k\u00e4ytt\u00e4m\u00e4tt\u00f6m\u00e4n\u00e4 viikkoja.<\/p>\n<\/li>\n<\/ul>\n<h4 data-path-to-node=\"25\"><b data-path-to-node=\"25\" data-index-in-node=\"0\">B. Grafeenin 3 sekunnin nopea kuumentaminen<\/b><\/h4>\n<ul data-path-to-node=\"26\">\n<li>\n<p data-path-to-node=\"26,0,0\"><b data-path-to-node=\"26,0,0\" data-index-in-node=\"0\">V\u00e4lit\u00f6n l\u00e4mm\u00f6njohtavuus:<\/b> Saavuttaa 40 \u00b0C:n hoitol\u00e4mp\u00f6tilan vain 3 sekunnissa.<\/p>\n<\/li>\n<li>\n<p data-path-to-node=\"26,1,0\"><b data-path-to-node=\"26,1,0\" data-index-in-node=\"0\">Koko alueen l\u00e4mp\u00f6:<\/b> Sis\u00e4inen grafeenikalvo on mitoitettu niin, ett\u00e4 se kattaa koko <i data-path-to-node=\"26,1,0\" data-index-in-node=\"74\">Zigong<\/i> (Kohdun) alue, poistamalla kylm\u00e4t kohdat.<\/p>\n<\/li>\n<li>\n<p data-path-to-node=\"26,2,0\"><b data-path-to-node=\"26,2,0\" data-index-in-node=\"0\">NTC Smart Precision:<\/b><\/p>\n<ul data-path-to-node=\"26,2,1\">\n<li>\n<p data-path-to-node=\"26,2,1,0,0\"><b data-path-to-node=\"26,2,1,0,0\" data-index-in-node=\"0\">40\u00b0C:<\/b> Hell\u00e4varainen l\u00e4mmittely.<\/p>\n<\/li>\n<li>\n<p data-path-to-node=\"26,2,1,1,0\"><b data-path-to-node=\"26,2,1,1,0\" data-index-in-node=\"0\">50\u00b0C:<\/b> Kuukautisten hoito.<\/p>\n<\/li>\n<li>\n<p data-path-to-node=\"26,2,1,2,0\"><b data-path-to-node=\"26,2,1,2,0\" data-index-in-node=\"0\">60\u00b0C:<\/b> Syv\u00e4 kivunlievitys.<\/p>\n<\/li>\n<\/ul>\n<\/li>\n<\/ul>\n<h4 data-path-to-node=\"27\"><b data-path-to-node=\"27\" data-index-in-node=\"0\">C. Immersiivinen digitaalinen n\u00e4ytt\u00f6liittym\u00e4<\/b><\/h4>\n<ul data-path-to-node=\"28\">\n<li>\n<p data-path-to-node=\"28,0,0\"><b data-path-to-node=\"28,0,0\" data-index-in-node=\"0\">Moderni k\u00e4ytt\u00f6liittym\u00e4:<\/b> Siin\u00e4 on tyylik\u00e4s, integroitu n\u00e4ytt\u00f6, joka n\u00e4ytt\u00e4\u00e4 l\u00e4mp\u00f6tilan ja akun prosenttiosuuden ter\u00e4vin\u00e4, kirkkaina numeroina.<\/p>\n<\/li>\n<li>\n<p data-path-to-node=\"28,1,0\"><b data-path-to-node=\"28,1,0\" data-index-in-node=\"0\">K\u00e4ytt\u00e4j\u00e4yst\u00e4v\u00e4llinen:<\/b> Yksinkertaiset, intuitiiviset kuvakkeet helpottavat kaikenik\u00e4isten k\u00e4ytt\u00e4jien oppimista.<\/p>\n<\/li>\n<\/ul>\n<h4 data-path-to-node=\"29\"><b data-path-to-node=\"29\" data-index-in-node=\"0\">D. Monitaajuinen \u00e4\u00e4niv\u00e4r\u00e4htely<\/b><\/h4>\n<ul data-path-to-node=\"30\">\n<li>\n<p data-path-to-node=\"30,0,0\"><b data-path-to-node=\"30,0,0\" data-index-in-node=\"0\">3-vaiheinen hieronta:<\/b> S\u00e4\u00e4dett\u00e4v\u00e4t t\u00e4rin\u00e4tilat (matala\/keskitaso\/korkea) lievitt\u00e4v\u00e4t lannerangan j\u00e4ykkyytt\u00e4 tai h\u00e4iritsev\u00e4t kramppeja.<\/p>\n<\/li>\n<li>\n<p data-path-to-node=\"30,1,0\"><b data-path-to-node=\"30,1,0\" data-index-in-node=\"0\">Hiljainen toiminta:<\/b> Kuiskausvaimennetut moottorit (&lt;45dB) mahdollistavat huomaamattoman k\u00e4yt\u00f6n toimistoissa tai kirjastoissa.<\/p>\n<\/li>\n<\/ul>\n<h4 data-path-to-node=\"31\"><b data-path-to-node=\"31\" data-index-in-node=\"0\">E. Ergonominen \u201cpilvipehme\u00e4\u201d rakenne<\/b><\/h4>\n<ul data-path-to-node=\"32\">\n<li>\n<p data-path-to-node=\"32,0,0\"><b data-path-to-node=\"32,0,0\" data-index-in-node=\"0\">Samettivuori:<\/b> Ihokosketuspinta on vuorattu ensiluokkaisella Deer Velvet -kankaalla, joka takaa erinomaisen mukavuuden ja l\u00e4mm\u00f6npid\u00e4tyskyvyn.<\/p>\n<\/li>\n<li>\n<p data-path-to-node=\"32,1,0\"><b data-path-to-node=\"32,1,0\" data-index-in-node=\"0\">Mukautuva sovitus:<\/b> Kaareva ABS-kuori ja joustava hihna mukautuvat erilaisiin vartalon muotoihin ja varmistavat tiiviin kosketuksen tehokkaan l\u00e4mm\u00f6nsiirron varmistamiseksi.<\/p>\n<\/li>\n<\/ul>\n<hr data-path-to-node=\"33\" \/>\n<h3 data-path-to-node=\"34\"><b data-path-to-node=\"34\" data-index-in-node=\"0\">5. Tekniset tiedot (malli W345 Flagship)<\/b><\/h3>\n<table data-path-to-node=\"35\">\n<thead>\n<tr>\n<td><strong>Tekniset tiedot<\/strong><\/td>\n<td><strong>Yksityiskohta<\/strong><\/td>\n<\/tr>\n<\/thead>\n<tbody>\n<tr>\n<td><span data-path-to-node=\"35,1,0,0\"><b data-path-to-node=\"35,1,0,0\" data-index-in-node=\"0\">Tuotemalli<\/b><\/span><\/td>\n<td><span data-path-to-node=\"35,1,1,0\"><b data-path-to-node=\"35,1,1,0\" data-index-in-node=\"0\">W345<\/b> (Endurance Edition)<\/span><\/td>\n<\/tr>\n<tr>\n<td><span data-path-to-node=\"35,2,0,0\"><b data-path-to-node=\"35,2,0,0\" data-index-in-node=\"0\">Tuotteen nimi<\/b><\/span><\/td>\n<td><span data-path-to-node=\"35,2,1,0\">Long-Life Smart Warm Palace Belt<\/span><\/td>\n<\/tr>\n<tr>\n<td><span data-path-to-node=\"35,3,0,0\"><b data-path-to-node=\"35,3,0,0\" data-index-in-node=\"0\">Akun kapasiteetti<\/b><\/span><\/td>\n<td><span data-path-to-node=\"35,3,1,0\"><b data-path-to-node=\"35,3,1,0\" data-index-in-node=\"0\">3000 mAh<\/b> (Suuri kapasiteetti)<\/span><\/td>\n<\/tr>\n<tr>\n<td><span data-path-to-node=\"35,4,0,0\"><b data-path-to-node=\"35,4,0,0\" data-index-in-node=\"0\">L\u00e4mmitystekniikka<\/b><\/span><\/td>\n<td><span data-path-to-node=\"35,4,1,0\"><b data-path-to-node=\"35,4,1,0\" data-index-in-node=\"0\">Grafeenikalvo<\/b> (Kauko-infrapuna)<\/span><\/td>\n<\/tr>\n<tr>\n<td><span data-path-to-node=\"35,5,0,0\"><b data-path-to-node=\"35,5,0,0\" data-index-in-node=\"0\">L\u00e4mmitysnopeus<\/b><\/span><\/td>\n<td><span data-path-to-node=\"35,5,1,0\"><b data-path-to-node=\"35,5,1,0\" data-index-in-node=\"0\">3 sekuntia<\/b><\/span><\/td>\n<\/tr>\n<tr>\n<td><span data-path-to-node=\"35,6,0,0\"><b data-path-to-node=\"35,6,0,0\" data-index-in-node=\"0\">L\u00e4mp\u00f6tila-asetukset<\/b><\/span><\/td>\n<td><span data-path-to-node=\"35,6,1,0\"><b data-path-to-node=\"35,6,1,0\" data-index-in-node=\"0\">40\u00b0C \/ 50\u00b0C \/ 60\u00b0C<\/b><\/span><\/td>\n<\/tr>\n<tr>\n<td><span data-path-to-node=\"35,7,0,0\"><b data-path-to-node=\"35,7,0,0\" data-index-in-node=\"0\">N\u00e4ytt\u00f6<\/b><\/span><\/td>\n<td><span data-path-to-node=\"35,7,1,0\"><b data-path-to-node=\"35,7,1,0\" data-index-in-node=\"0\">Suuri digitaalinen LED-n\u00e4ytt\u00f6<\/b><\/span><\/td>\n<\/tr>\n<tr>\n<td><span data-path-to-node=\"35,8,0,0\"><b data-path-to-node=\"35,8,0,0\" data-index-in-node=\"0\">T\u00e4rin\u00e4<\/b><\/span><\/td>\n<td><span data-path-to-node=\"35,8,1,0\"><b data-path-to-node=\"35,8,1,0\" data-index-in-node=\"0\">3-vaihteinen monitaajuus<\/b><\/span><\/td>\n<\/tr>\n<tr>\n<td><span data-path-to-node=\"35,9,0,0\"><b data-path-to-node=\"35,9,0,0\" data-index-in-node=\"0\">Materiaali<\/b><\/span><\/td>\n<td><span data-path-to-node=\"35,9,1,0\">ABS + PC + sametti<\/span><\/td>\n<\/tr>\n<tr>\n<td><span data-path-to-node=\"35,10,0,0\"><b data-path-to-node=\"35,10,0,0\" data-index-in-node=\"0\">Lataus<\/b><\/span><\/td>\n<td><span data-path-to-node=\"35,10,1,0\">USB Type-C<\/span><\/td>\n<\/tr>\n<tr>\n<td><span data-path-to-node=\"35,11,0,0\"><b data-path-to-node=\"35,11,0,0\" data-index-in-node=\"0\">Nettopaino<\/b><\/span><\/td>\n<td><span data-path-to-node=\"35,11,1,0\">~235g<\/span><\/td>\n<\/tr>\n<\/tbody>\n<\/table>\n<hr data-path-to-node=\"36\" \/>\n<h3 data-path-to-node=\"37\"><b data-path-to-node=\"37\" data-index-in-node=\"0\">6. Sovellusskenaariot ja kohdemarkkinat<\/b><\/h3>\n<ul data-path-to-node=\"38\">\n<li>\n<p data-path-to-node=\"38,0,0\"><b data-path-to-node=\"38,0,0\" data-index-in-node=\"0\">Huippuluokan s\u00e4hk\u00f6isen kaupank\u00e4ynnin tuotemerkit:<\/b> Asetetaan \u201cPro\u201d- tai \u201cPlus\u201d-versioksi tuotevalikoimassasi, jotta voit myyd\u00e4 parempaa akunkestoa haluaville asiakkaille.<\/p>\n<\/li>\n<li>\n<p data-path-to-node=\"38,1,0\"><b data-path-to-node=\"38,1,0\" data-index-in-node=\"0\">Matkailu ja ulkoilu:<\/b> Laajennetun akun ansiosta se on t\u00e4ydellinen kumppani leirint\u00e4matkoille, pitkille lennoille tai kylmille ty\u00f6matkoille.<\/p>\n<\/li>\n<li>\n<p data-path-to-node=\"38,2,0\"><b data-path-to-node=\"38,2,0\" data-index-in-node=\"0\">Yrityslahjat:<\/b> Luotettava ja laadukas lahja, joka antaa hyv\u00e4n kuvan lahjan antavasta yrityksest\u00e4.<\/p>\n<\/li>\n<li>\n<p data-path-to-node=\"38,3,0\"><b data-path-to-node=\"38,3,0\" data-index-in-node=\"0\">L\u00e4\u00e4kint\u00e4tarvikkeet:<\/b> Sopii potilaille, jotka tarvitsevat johdonmukaista l\u00e4mp\u00f6hoitoa kroonisen selk\u00e4kivun hoitoon.<\/p>\n<\/li>\n<\/ul>\n<hr data-path-to-node=\"39\" \/>\n<h3 data-path-to-node=\"40\"><b data-path-to-node=\"40\" data-index-in-node=\"0\">7. Valmistus ja OEM\/ODM-palvelut<\/b><\/h3>\n<p>Mukauta perimm\u00e4inen monitoimilaite<\/p>\n<p>W345 on t\u00e4ydellinen kangas premium-tason tuotteellesi.<\/p>\n<ul data-path-to-node=\"42\">\n<li>\n<p data-path-to-node=\"42,0,0\"><b data-path-to-node=\"42,0,0\" data-index-in-node=\"0\">Kuoren viimeistely:<\/b> Vaihtoehdot <b data-path-to-node=\"42,0,0\" data-index-in-node=\"26\">Pehme\u00e4n tuntuinen kumimaali<\/b> (mattaisen, tarttuvan tuntuman saamiseksi) tai <b data-path-to-node=\"42,0,0\" data-index-in-node=\"80\">Kiilt\u00e4v\u00e4 UV-pinnoite<\/b> (keraaminen ulkon\u00e4k\u00f6).<\/p>\n<\/li>\n<li>\n<p data-path-to-node=\"42,1,0\"><b data-path-to-node=\"42,1,0\" data-index-in-node=\"0\">V\u00e4rivaihtoehdot:<\/b> Classic White, Sakura Pink, Lilac Purple, tai mukautettu Pantone matching.<\/p>\n<\/li>\n<li>\n<p data-path-to-node=\"42,2,0\"><b data-path-to-node=\"42,2,0\" data-index-in-node=\"0\">Logon integrointi:<\/b> Merkitt\u00e4v\u00e4 logon sijoitusalue etukuoressa.<\/p>\n<\/li>\n<li>\n<p data-path-to-node=\"42,3,0\"><b data-path-to-node=\"42,3,0\" data-index-in-node=\"0\">Lahjapakkaus:<\/b> Premium-j\u00e4ykk\u00e4 laatikkopakkaus, joka vastaa \u201clippulaivan\u201d asemointia.<\/p>\n<\/li>\n<\/ul>\n<hr data-path-to-node=\"43\" \/>\n<h3 data-path-to-node=\"44\"><b data-path-to-node=\"44\" data-index-in-node=\"0\">8. Kattavat usein kysytyt kysymykset jakelijoille<\/b><\/h3>\n<p>K: Kuinka paljon kauemmin 3000 mAh:n akku kest\u00e4\u00e4 verrattuna 2000 mAh:n akkuun?<\/p>\n<p>V: Teoriassa se tarjoaa 50% enemm\u00e4n kapasiteettia. Todellisessa k\u00e4yt\u00f6ss\u00e4 t\u00e4m\u00e4 tarkoittaa 1,5-2 tuntia lis\u00e4\u00e4 l\u00e4mmitysaikaa korkeilla asetuksilla, mik\u00e4 on merkitt\u00e4v\u00e4 etu p\u00e4ivitt\u00e4isille k\u00e4ytt\u00e4jille.<\/p>\n<p>K: Onko se painavampi suuremman akun vuoksi?<\/p>\n<p>V: Painon lis\u00e4ys on v\u00e4h\u00e4p\u00e4t\u00f6inen (vain noin 10-15 g) kevyen rakennetekniikan ansiosta. Se on edelleen eritt\u00e4in mukava k\u00e4ytt\u00e4\u00e4.<\/p>\n<p>K: Tukeeko se pikalatausta?<\/p>\n<p>V: Se k\u00e4ytt\u00e4\u00e4 tavallista 5V\/1A tai 5V\/2A tuloa Type-C:n kautta. T\u00e4ysi lataus kest\u00e4\u00e4 noin 3-4 tuntia suuren kapasiteetin vuoksi.<\/p>\n<p>K: Onko l\u00e4mmitysalue sama kuin muissa malleissa?<\/p>\n<p>V: Kyll\u00e4, se k\u00e4ytt\u00e4\u00e4 tavallista korkean hy\u00f6tysuhteen grafeenikalvoa, mutta l\u00e4mm\u00f6n vakautta on parannettu vankan virtal\u00e4hteen ansiosta.<\/p>\n<hr data-path-to-node=\"49\" \/>\n<h3 data-path-to-node=\"50\"><b data-path-to-node=\"50\" data-index-in-node=\"0\">9. Alatunniste \/ Yhteydenotto-osio<\/b><\/h3>\n<p>Tehosta myynti\u00e4si pitk\u00e4ik\u00e4isell\u00e4 W345:ll\u00e4.<\/p>\n<p>Anna asiakkaillesi heid\u00e4n ansaitsemansa luotettavuus.<\/p>","protected":false},"excerpt":{"rendered":"<ul>\n<li>660nm Red light penetration<\/li>\n<li>Dual-zone vibration massage<\/li>\n<li>3D-suunnittelu<\/li>\n<li>Four-in-One Function<\/li>\n<li>Elastic band<\/li>\n<li>4 Massage modes<\/li>\n<\/ul>","protected":false},"featured_media":381,"template":"","meta":{"_acf_changed":false},"product_brand":[],"product_cat":[26,17],"product_tag":[],"class_list":{"0":"post-380","1":"product","2":"type-product","3":"status-publish","4":"has-post-thumbnail","6":"product_cat-waist-and-abdomen-massage-series","7":"product_cat-massage","9":"first","10":"instock","11":"shipping-taxable","12":"product-type-simple"},"acf":[],"_links":{"self":[{"href":"https:\/\/tohachisz.com\/fi\/wp-json\/wp\/v2\/product\/380","targetHints":{"allow":["GET"]}}],"collection":[{"href":"https:\/\/tohachisz.com\/fi\/wp-json\/wp\/v2\/product"}],"about":[{"href":"https:\/\/tohachisz.com\/fi\/wp-json\/wp\/v2\/types\/product"}],"wp:featuredmedia":[{"embeddable":true,"href":"https:\/\/tohachisz.com\/fi\/wp-json\/wp\/v2\/media\/381"}],"wp:attachment":[{"href":"https:\/\/tohachisz.com\/fi\/wp-json\/wp\/v2\/media?parent=380"}],"wp:term":[{"taxonomy":"product_brand","embeddable":true,"href":"https:\/\/tohachisz.com\/fi\/wp-json\/wp\/v2\/product_brand?post=380"},{"taxonomy":"product_cat","embeddable":true,"href":"https:\/\/tohachisz.com\/fi\/wp-json\/wp\/v2\/product_cat?post=380"},{"taxonomy":"product_tag","embeddable":true,"href":"https:\/\/tohachisz.com\/fi\/wp-json\/wp\/v2\/product_tag?post=380"}],"curies":[{"name":"wp","href":"https:\/\/api.w.org\/{rel}","templated":true}]}}