{"id":258,"date":"2025-12-10T07:53:07","date_gmt":"2025-12-10T07:53:07","guid":{"rendered":"https:\/\/tohachisz.com\/?post_type=product&#038;p=258"},"modified":"2026-05-09T02:37:34","modified_gmt":"2026-05-09T02:37:34","slug":"smart-visual-air-compression-head-eye-massager-helmet-heated-sleep-therapy-cap-oem-odm-manufacturer","status":"publish","type":"product","link":"https:\/\/tohachisz.com\/fi\/product\/smart-visual-air-compression-head-eye-massager-helmet-heated-sleep-therapy-cap-oem-odm-manufacturer\/","title":{"rendered":"P\u00e4\u00e4n turvatyynyn hierontalaite"},"content":{"rendered":"","protected":false},"excerpt":{"rendered":"<ul>\n<li>Kolmitasoinen \u00e4lyk\u00e4s l\u00e4mp\u00f6tilan s\u00e4\u00e4t\u00f6<\/li>\n<li>Eye visualization<\/li>\n<li>Four-level massage modes<\/li>\n<li>Soft and skin-friendly design<\/li>\n<li>Voice broadcast<\/li>\n<li>Airbag biomimetic massage<\/li>\n<\/ul>","protected":false},"featured_media":1750,"template":"","meta":{"_acf_changed":false},"product_brand":[],"product_cat":[30,17],"product_tag":[],"class_list":{"0":"post-258","1":"product","2":"type-product","3":"status-publish","4":"has-post-thumbnail","6":"product_cat-head-and-eye-massage-series","7":"product_cat-massage","9":"first","10":"instock","11":"shipping-taxable","12":"product-type-simple"},"acf":[],"_links":{"self":[{"href":"https:\/\/tohachisz.com\/fi\/wp-json\/wp\/v2\/product\/258","targetHints":{"allow":["GET"]}}],"collection":[{"href":"https:\/\/tohachisz.com\/fi\/wp-json\/wp\/v2\/product"}],"about":[{"href":"https:\/\/tohachisz.com\/fi\/wp-json\/wp\/v2\/types\/product"}],"wp:featuredmedia":[{"embeddable":true,"href":"https:\/\/tohachisz.com\/fi\/wp-json\/wp\/v2\/media\/1750"}],"wp:attachment":[{"href":"https:\/\/tohachisz.com\/fi\/wp-json\/wp\/v2\/media?parent=258"}],"wp:term":[{"taxonomy":"product_brand","embeddable":true,"href":"https:\/\/tohachisz.com\/fi\/wp-json\/wp\/v2\/product_brand?post=258"},{"taxonomy":"product_cat","embeddable":true,"href":"https:\/\/tohachisz.com\/fi\/wp-json\/wp\/v2\/product_cat?post=258"},{"taxonomy":"product_tag","embeddable":true,"href":"https:\/\/tohachisz.com\/fi\/wp-json\/wp\/v2\/product_tag?post=258"}],"curies":[{"name":"wp","href":"https:\/\/api.w.org\/{rel}","templated":true}]}}