{"id":1422,"date":"2026-04-15T03:45:00","date_gmt":"2026-04-15T03:45:00","guid":{"rendered":"https:\/\/tohachisz.com\/product\/d107\/"},"modified":"2026-05-09T02:25:51","modified_gmt":"2026-05-09T02:25:51","slug":"d107","status":"publish","type":"product","link":"https:\/\/tohachisz.com\/fi\/product\/d107\/","title":{"rendered":"Silm\u00e4hieroja"},"content":{"rendered":"","protected":false},"excerpt":{"rendered":"<ul>\n<li>Kolmitasoinen \u00e4lyk\u00e4s l\u00e4mp\u00f6tilan s\u00e4\u00e4t\u00f6<\/li>\n<li>2700 rpm korkeataajuinen t\u00e4rin\u00e4<\/li>\n<li>3 hierontatilaa<\/li>\n<li>Suuri n\u00e4yt\u00f6n ter\u00e4v\u00e4piirtoinen digitaalinen n\u00e4ytt\u00f6<\/li>\n<li>Magneettinen ohjain<\/li>\n<li>3D-suunnittelu<\/li>\n<\/ul>","protected":false},"featured_media":2365,"template":"","meta":{"_acf_changed":false},"product_brand":[],"product_cat":[30,17],"product_tag":[],"class_list":{"0":"post-1422","1":"product","2":"type-product","3":"status-publish","4":"has-post-thumbnail","6":"product_cat-head-and-eye-massage-series","7":"product_cat-massage","9":"first","10":"instock","11":"shipping-taxable","12":"product-type-simple"},"acf":[],"_links":{"self":[{"href":"https:\/\/tohachisz.com\/fi\/wp-json\/wp\/v2\/product\/1422","targetHints":{"allow":["GET"]}}],"collection":[{"href":"https:\/\/tohachisz.com\/fi\/wp-json\/wp\/v2\/product"}],"about":[{"href":"https:\/\/tohachisz.com\/fi\/wp-json\/wp\/v2\/types\/product"}],"wp:featuredmedia":[{"embeddable":true,"href":"https:\/\/tohachisz.com\/fi\/wp-json\/wp\/v2\/media\/2365"}],"wp:attachment":[{"href":"https:\/\/tohachisz.com\/fi\/wp-json\/wp\/v2\/media?parent=1422"}],"wp:term":[{"taxonomy":"product_brand","embeddable":true,"href":"https:\/\/tohachisz.com\/fi\/wp-json\/wp\/v2\/product_brand?post=1422"},{"taxonomy":"product_cat","embeddable":true,"href":"https:\/\/tohachisz.com\/fi\/wp-json\/wp\/v2\/product_cat?post=1422"},{"taxonomy":"product_tag","embeddable":true,"href":"https:\/\/tohachisz.com\/fi\/wp-json\/wp\/v2\/product_tag?post=1422"}],"curies":[{"name":"wp","href":"https:\/\/api.w.org\/{rel}","templated":true}]}}