{"id":1414,"date":"2026-04-15T03:44:00","date_gmt":"2026-04-15T03:44:00","guid":{"rendered":"https:\/\/tohachisz.com\/product\/l523\/"},"modified":"2026-05-09T02:32:01","modified_gmt":"2026-05-09T02:32:01","slug":"l523","status":"publish","type":"product","link":"https:\/\/tohachisz.com\/fi\/product\/l523\/","title":{"rendered":"Paineilmahieroja polvelle ja vasikalle"},"content":{"rendered":"","protected":false},"excerpt":{"rendered":"<ul>\n<li>Kolmitasoinen \u00e4lyk\u00e4s l\u00e4mp\u00f6tilan s\u00e4\u00e4t\u00f6<\/li>\n<li>4-vy\u00f6hykkeen ilmanpaineinen vaivaava hieronta<\/li>\n<li>15 minuutin \u00e4lyk\u00e4s ajastin<\/li>\n<li>3 hierontatilaa<\/li>\n<li>3000mAh Eritt\u00e4in pitk\u00e4 akun k\u00e4ytt\u00f6ik\u00e4<\/li>\n<li>Integroitu polvi- ja s\u00e4\u00e4rik\u00e4\u00e4re<\/li>\n<\/ul>","protected":false},"featured_media":2205,"template":"","meta":{"_acf_changed":false},"product_brand":[],"product_cat":[52,27,17],"product_tag":[],"class_list":{"0":"post-1414","1":"product","2":"type-product","3":"status-publish","4":"has-post-thumbnail","6":"product_cat-air-compression-leg-wraps","7":"product_cat-air-pressure-massage-series","8":"product_cat-massage","10":"first","11":"instock","12":"shipping-taxable","13":"product-type-simple"},"acf":[],"_links":{"self":[{"href":"https:\/\/tohachisz.com\/fi\/wp-json\/wp\/v2\/product\/1414","targetHints":{"allow":["GET"]}}],"collection":[{"href":"https:\/\/tohachisz.com\/fi\/wp-json\/wp\/v2\/product"}],"about":[{"href":"https:\/\/tohachisz.com\/fi\/wp-json\/wp\/v2\/types\/product"}],"wp:featuredmedia":[{"embeddable":true,"href":"https:\/\/tohachisz.com\/fi\/wp-json\/wp\/v2\/media\/2205"}],"wp:attachment":[{"href":"https:\/\/tohachisz.com\/fi\/wp-json\/wp\/v2\/media?parent=1414"}],"wp:term":[{"taxonomy":"product_brand","embeddable":true,"href":"https:\/\/tohachisz.com\/fi\/wp-json\/wp\/v2\/product_brand?post=1414"},{"taxonomy":"product_cat","embeddable":true,"href":"https:\/\/tohachisz.com\/fi\/wp-json\/wp\/v2\/product_cat?post=1414"},{"taxonomy":"product_tag","embeddable":true,"href":"https:\/\/tohachisz.com\/fi\/wp-json\/wp\/v2\/product_tag?post=1414"}],"curies":[{"name":"wp","href":"https:\/\/api.w.org\/{rel}","templated":true}]}}