{"id":309,"date":"2025-12-16T09:23:09","date_gmt":"2025-12-16T09:23:09","guid":{"rendered":"https:\/\/tohachisz.com\/?post_type=product&#038;p=309"},"modified":"2026-05-09T02:37:11","modified_gmt":"2026-05-09T02:37:11","slug":"wholesale-air-compression-knee-massager-factory-10w-pneumatic-kneading-heating","status":"publish","type":"product","link":"https:\/\/tohachisz.com\/es\/producto\/wholesale-air-compression-knee-massager-factory-10w-pneumatic-kneading-heating\/","title":{"rendered":"Masajeador de rodillas con compresas calientes Airbag"},"content":{"rendered":"<p>Llene el vac\u00edo de su cat\u00e1logo con la tecnolog\u00eda \u201cReal Kneading<\/p>\n<p>Mientras que los masajeadores de rodilla tradicionales se basan \u00fanicamente en la vibraci\u00f3n superficial, el sistema de compresi\u00f3n de aire modelo D521 imita las manos de un terapeuta profesional. Al utilizar una sofisticada arquitectura de doble bolsa de aire de 12 zonas, aprieta y libera f\u00edsicamente la articulaci\u00f3n de la rodilla, mejorando el drenaje linf\u00e1tico y la circulaci\u00f3n de formas que las almohadillas t\u00e9rmicas est\u00e1ticas no pueden.<\/p>\n<p data-path-to-node=\"18\"><b>Por qu\u00e9 el D521 tiene un precio de mercado m\u00e1s alto:<\/b><\/p>\n<ul data-path-to-node=\"19\">\n<li>\n<p data-path-to-node=\"19,0,0\"><b>Verdadera terapia \u201c3D\u201d:<\/b> Combina <b>Presi\u00f3n del aire (apretando)<\/b> + <b>Vibraci\u00f3n (golpes)<\/b> + <b>Calentamiento (Calmante)<\/b> en un solo dispositivo.<\/p>\n<\/li>\n<li>\n<p data-path-to-node=\"19,1,0\"><b>Rendimiento de alta potencia:<\/b> Valorado en <b>10W<\/b>, proporcionando una mayor fuerza de compresi\u00f3n y un calentamiento m\u00e1s r\u00e1pido en comparaci\u00f3n con las alternativas est\u00e1ndar de 5W\/7W del mercado.<\/p>\n<\/li>\n<li>\n<p data-path-to-node=\"19,2,0\"><b>Ingenier\u00eda ultraligera:<\/b> A pesar de su potencia, el innovador dise\u00f1o estructural crea una experiencia \u201c0 Burden\u201d, con un peso de la unidad central de s\u00f3lo <b>157g<\/b> (aprox.), redefiniendo la portabilidad.<\/p>\n<\/li>\n<\/ul>\n<hr data-path-to-node=\"20\" \/>\n<h3 data-path-to-node=\"21\"><b>4. Principales caracter\u00edsticas del producto (Tech Deep Dive)<\/b><\/h3>\n<h4 data-path-to-node=\"22\"><b>A. Sistema de airbag doble de 12 zonas \u201cAirwave<\/b><\/h4>\n<p data-path-to-node=\"23\">La caracter\u00edstica que define a la D521.<\/p>\n<ul data-path-to-node=\"24\">\n<li>\n<p data-path-to-node=\"24,0,0\"><b>Amasado completo:<\/b> 12 c\u00e1maras de airbag independientes rodean la rodilla y la zona \u00f3sea. Se inflan y desinflan r\u00edtmicamente para imitar las t\u00e9cnicas de \u201cEmpujar, Pellizcar y Mantener\u201d del masaje manual.<\/p>\n<\/li>\n<li>\n<p data-path-to-node=\"24,1,0\"><b>Efecto de descompresi\u00f3n:<\/b> La presi\u00f3n del aire estabiliza la r\u00f3tula a la vez que masajea el tejido blando circundante, aliviando eficazmente la presi\u00f3n del menisco.<\/p>\n<\/li>\n<\/ul>\n<h4 data-path-to-node=\"25\"><b>B. Vibraci\u00f3n de doble motor de alta potencia de 10W<\/b><\/h4>\n<ul data-path-to-node=\"26\">\n<li>\n<p data-path-to-node=\"26,0,0\"><b>Objetivo de doble zona:<\/b> Los motores de vibraci\u00f3n est\u00e1n estrat\u00e9gicamente situados para actuar sobre puntos de acupuntura espec\u00edficos (Ojos internos\/externos de la rodilla, Yanglingquan, Yinlingquan).<\/p>\n<\/li>\n<li>\n<p data-path-to-node=\"26,1,0\"><b>7200 RPM Intensidad:<\/b> Proporciona un impacto de 2 mm en los tejidos profundos a <b>7.200 vibraciones por minuto<\/b>, El alivio penetra profundamente en la c\u00e1psula articular para disipar la rigidez.<\/p>\n<\/li>\n<\/ul>\n<h4 data-path-to-node=\"27\"><b>C. Calefacci\u00f3n NTC de gran superficie de 9600 mm\u00b2.<\/b><\/h4>\n<ul data-path-to-node=\"28\">\n<li>\n<p data-path-to-node=\"28,0,0\"><b>Amplia cobertura:<\/b> Una masiva <b>M\u00f3dulo de calefacci\u00f3n de 9600 mm\u00b2.<\/b> cubre toda la zona frontal de la rodilla.<\/p>\n<\/li>\n<li>\n<p data-path-to-node=\"28,1,0\"><b>Control de precisi\u00f3n de 5 niveles:<\/b><\/p>\n<ul data-path-to-node=\"28,1,1\">\n<li>\n<p data-path-to-node=\"28,1,1,0,0\"><b>40\u00b0C - 45\u00b0C:<\/b> Cuidados diarios en primavera\/verano.<\/p>\n<\/li>\n<li>\n<p data-path-to-node=\"28,1,1,1,0\"><b>50\u00b0C:<\/b> Calor oto\u00f1al.<\/p>\n<\/li>\n<li>\n<p data-path-to-node=\"28,1,1,2,0\"><b>55\u00b0C - 60\u00b0C:<\/b> Terapia de invierno profundo para el dolor reum\u00e1tico severo.<\/p>\n<\/li>\n<\/ul>\n<\/li>\n<\/ul>\n<h4 data-path-to-node=\"29\"><b>D. 3 Modos de Masaje Especializados<\/b><\/h4>\n<p data-path-to-node=\"30\">Algoritmos avanzados adaptados a las distintas fases de la rehabilitaci\u00f3n:<\/p>\n<ol start=\"1\" data-path-to-node=\"31\">\n<li>\n<p data-path-to-node=\"31,0,0\"><b>Modo de fortalecimiento abdominal:<\/b> Pulsaciones profundas y r\u00edtmicas.<\/p>\n<\/li>\n<li>\n<p data-path-to-node=\"31,1,0\"><b>Modo de palmaditas:<\/b> Simula el golpeteo percusivo.<\/p>\n<\/li>\n<li>\n<p data-path-to-node=\"31,2,0\"><b>Modo amasado:<\/b> Presi\u00f3n de aire continua para la circulaci\u00f3n.<\/p>\n<\/li>\n<\/ol>\n<h4 data-path-to-node=\"32\"><b>E. Bater\u00eda de resistencia de 2400mAh<\/b><\/h4>\n<ul data-path-to-node=\"33\">\n<li>\n<p data-path-to-node=\"33,0,0\"><b>Capacidad:<\/b> Equipado con un <b>2400mAh<\/b> bater\u00eda de litio, optimizada para los requisitos de alto par de la bomba de aire y el motor de 10 W.<\/p>\n<\/li>\n<li>\n<p data-path-to-node=\"33,1,0\"><b>Libertad inal\u00e1mbrica:<\/b> No requiere base enchufable. Los usuarios pueden caminar, subir escaleras o realizar tareas dom\u00e9sticas mientras llevan el dispositivo.<\/p>\n<\/li>\n<\/ul>\n<hr data-path-to-node=\"34\" \/>\n<h3 data-path-to-node=\"35\"><b>5. Especificaciones t\u00e9cnicas (im\u00e1genes D521\/SPM304 estrictamente coincidentes)<\/b><\/h3>\n<p data-path-to-node=\"36\"><i>Las siguientes especificaciones se verifican con la hoja de datos de ingenier\u00eda suministrada.<\/i><\/p>\n<table data-path-to-node=\"37\">\n<thead>\n<tr>\n<td><strong>Especificaci\u00f3n<\/strong><\/td>\n<td><strong>Detalle<\/strong><\/td>\n<\/tr>\n<\/thead>\n<tbody>\n<tr>\n<td><span data-path-to-node=\"37,1,0,0\"><b>Modelo de producto<\/b><\/span><\/td>\n<td><span data-path-to-node=\"37,1,1,0\"><b>D521<\/b> (Referencia de f\u00e1brica: SPM304)<\/span><\/td>\n<\/tr>\n<tr>\n<td><span data-path-to-node=\"37,2,0,0\"><b>Nombre del producto<\/b><\/span><\/td>\n<td><span data-path-to-node=\"37,2,1,0\">Masajeador de rodillas con bolsa de aire<\/span><\/td>\n<\/tr>\n<tr>\n<td><span data-path-to-node=\"37,3,0,0\"><b>Potencia nominal<\/b><\/span><\/td>\n<td><span data-path-to-node=\"37,3,1,0\"><b>10 W<\/b> (Alta potencia)<\/span><\/td>\n<\/tr>\n<tr>\n<td><span data-path-to-node=\"37,4,0,0\"><b>Tensi\u00f3n nominal<\/b><\/span><\/td>\n<td><span data-path-to-node=\"37,4,1,0\">5V<\/span><\/td>\n<\/tr>\n<tr>\n<td><span data-path-to-node=\"37,5,0,0\"><b>Capacidad de la bater\u00eda<\/b><\/span><\/td>\n<td><span data-path-to-node=\"37,5,1,0\"><b>2400 mAh<\/b><\/span><\/td>\n<\/tr>\n<tr>\n<td><span data-path-to-node=\"37,6,0,0\"><b>T\u00e9cnico en masajes<\/b><\/span><\/td>\n<td><span data-path-to-node=\"37,6,1,0\"><b>Airbag Amasamiento + Vibraci\u00f3n + Calor<\/b><\/span><\/td>\n<\/tr>\n<tr>\n<td><span data-path-to-node=\"37,7,0,0\"><b>Zonas de airbag<\/b><\/span><\/td>\n<td><span data-path-to-node=\"37,7,1,0\"><b>Sistema doble de 12 zonas<\/b><\/span><\/td>\n<\/tr>\n<tr>\n<td><span data-path-to-node=\"37,8,0,0\"><b>M\u00f3dulo de calefacci\u00f3n<\/b><\/span><\/td>\n<td><span data-path-to-node=\"37,8,1,0\"><b>9600 mm\u00b2 Superficie<\/b><\/span><\/td>\n<\/tr>\n<tr>\n<td><span data-path-to-node=\"37,9,0,0\"><b>Rango de temperatura<\/b><\/span><\/td>\n<td><span data-path-to-node=\"37,9,1,0\"><b>40\u00b0C - 60\u00b0C (5 niveles)<\/b><\/span><\/td>\n<\/tr>\n<tr>\n<td><span data-path-to-node=\"37,10,0,0\"><b>Velocidad de vibraci\u00f3n<\/b><\/span><\/td>\n<td><span data-path-to-node=\"37,10,1,0\"><b>7200 RPM<\/b><\/span><\/td>\n<\/tr>\n<tr>\n<td><span data-path-to-node=\"37,11,0,0\"><b>Tama\u00f1o del producto<\/b><\/span><\/td>\n<td><span data-path-to-node=\"37,11,1,0\"><b>(Largo)570mm * (Ancho)315mm * (Alto)30mm<\/b><\/span><\/td>\n<\/tr>\n<tr>\n<td><span data-path-to-node=\"37,12,0,0\"><b>Lugar de producci\u00f3n<\/b><\/span><\/td>\n<td><span data-path-to-node=\"37,12,1,0\">China continental<\/span><\/td>\n<\/tr>\n<tr>\n<td><span data-path-to-node=\"37,13,0,0\"><b>Funci\u00f3n de voz<\/b><\/span><\/td>\n<td><span data-path-to-node=\"37,13,1,0\"><b>Anuncio de voz de 80 dB<\/b><\/span><\/td>\n<\/tr>\n<\/tbody>\n<\/table>\n<hr data-path-to-node=\"38\" \/>\n<h3 data-path-to-node=\"39\"><b>6. Escenarios de aplicaci\u00f3n y mercados destinatarios<\/b><\/h3>\n<ul data-path-to-node=\"40\">\n<li>\n<p data-path-to-node=\"40,0,0\"><b>Recuperaci\u00f3n postoperatoria:<\/b> El modo \u201cAirbag Kneading\u201d es especialmente eficaz para reducir el edema (hinchaz\u00f3n) despu\u00e9s de una operaci\u00f3n de rodilla, un beneficio que la vibraci\u00f3n por s\u00ed sola no puede proporcionar.<\/p>\n<\/li>\n<li>\n<p data-path-to-node=\"40,1,0\"><b>Medicina deportiva:<\/b> Ideal para que los jugadores de baloncesto y los corredores eliminen el \u00e1cido l\u00e1ctico mediante la compresi\u00f3n del \u201cModo Ejercicio\u201d.<\/p>\n<\/li>\n<li>\n<p data-path-to-node=\"40,2,0\"><b>Atenci\u00f3n geri\u00e1trica:<\/b> En <b>80 dB Emisi\u00f3n de voz<\/b> y su sencilla interfaz la hacen accesible para usuarios de edad avanzada con poca visi\u00f3n.<\/p>\n<\/li>\n<li>\n<p data-path-to-node=\"40,3,0\"><b>Mercado de regalos:<\/b> Su dise\u00f1o \u201cligero y transpirable\u201d (pesa s\u00f3lo lo que una manzana) lo convierte en una opci\u00f3n de regalo de primera calidad y f\u00e1cil de enviar.<\/p>\n<\/li>\n<\/ul>\n<hr data-path-to-node=\"41\" \/>\n<h3 data-path-to-node=\"42\"><b>7. Fabricaci\u00f3n y servicios OEM\/ODM<\/b><\/h3>\n<p>A la medida de las marcas mundiales del sector sanitario<\/p>\n<p>Ofrecemos una personalizaci\u00f3n flexible para alinear el D521 con su l\u00ednea de productos.<\/p>\n<ul data-path-to-node=\"44\">\n<li>\n<p data-path-to-node=\"44,0,0\"><b>Personalizaci\u00f3n del color:<\/b> Azul profundo vers\u00e1til est\u00e1ndar, pero colores personalizados disponibles por MOQ.<\/p>\n<\/li>\n<li>\n<p data-path-to-node=\"44,1,0\"><b>Logotipo de la marca:<\/b> Serigraf\u00ede su marca en el mando circular.<\/p>\n<\/li>\n<li>\n<p data-path-to-node=\"44,2,0\"><b>Embalaje:<\/b> El producto se presenta en una caja de regalo compacta de color amarillo, que puede redise\u00f1arse con sus propias ilustraciones.<\/p>\n<\/li>\n<li>\n<p data-path-to-node=\"44,3,0\"><b>Idioma:<\/b> Los chips de emisi\u00f3n de voz pueden programarse en ingl\u00e9s, espa\u00f1ol u otros idiomas para su mercado objetivo.<\/p>\n<\/li>\n<\/ul>\n<hr data-path-to-node=\"45\" \/>\n<h3 data-path-to-node=\"46\"><b>8. FAQ<\/b><\/h3>\n<p>P: \u00bfEn qu\u00e9 se diferencia el masaje Air Bag de la vibraci\u00f3n?<\/p>\n<p>R: La vibraci\u00f3n estimula los nervios y relaja los m\u00fasculos mediante sacudidas. El masaje con bolsas de aire comprime f\u00edsicamente el tejido, imitando una mano humana que aprieta la rodilla. Esto es superior para mejorar la circulaci\u00f3n sangu\u00ednea y reducir la retenci\u00f3n de l\u00edquidos (edema).<\/p>\n<p>P: \u00bfEs alto el consumo de 10 W?<\/p>\n<p>R: 10W es una calificaci\u00f3n de alto rendimiento, lo que garantiza que la bomba de aire es lo suficientemente fuerte como para proporcionar una compresi\u00f3n eficaz y el calentamiento es r\u00e1pido. La bater\u00eda de 2400mAh est\u00e1 perfectamente equilibrada para soportar esta potencia durante m\u00faltiples sesiones.<\/p>\n<p>P: \u00bfSe adapta a todas las tallas de pierna?<\/p>\n<p>R: S\u00ed, utiliza un dise\u00f1o envolvente en 3D con cierre de velcro. Es ajustable para adaptarse a diferentes circunferencias de la pierna de forma segura sin deslizarse, incluso al caminar.<\/p>\n<p>P: \u00bfA qu\u00e9 se debe la afirmaci\u00f3n del peso de \u201c157 g\u201d?<\/p>\n<p>R: El dise\u00f1o estructural del n\u00facleo es ultraligero, con la unidad principal dise\u00f1ada para ser tan ligera como 157 g (comparable a una manzana), lo que garantiza una carga cero durante el uso prolongado, a diferencia de los pesados y voluminosos masajeadores tradicionales.<\/p>\n<p><strong>Actualice su l\u00ednea de rehabilitaci\u00f3n con tecnolog\u00eda neum\u00e1tica.<\/strong><\/p>\n<p><strong>Almacene el D521 y ofrezca a sus clientes lo m\u00e1s parecido a un verdadero masajista.<\/strong><\/p>","protected":false},"excerpt":{"rendered":"<ul>\n<li>16800mm\u00b2 Hot compress massage<\/li>\n<li>Dual-zone high-frequency pulsating massage<\/li>\n<li>Five-level smart temperature control<\/li>\n<li>3D design<\/li>\n<li>Intelligent digital display<\/li>\n<li>Airbag kneading biomimetic massage<\/li>\n<\/ul>","protected":false},"featured_media":313,"template":"","meta":{"_acf_changed":false},"product_brand":[],"product_cat":[28,17],"product_tag":[],"class_list":{"0":"post-309","1":"product","2":"type-product","3":"status-publish","4":"has-post-thumbnail","6":"product_cat-knee-and-leg-massage-series","7":"product_cat-massage","9":"first","10":"instock","11":"shipping-taxable","12":"product-type-simple"},"acf":[],"_links":{"self":[{"href":"https:\/\/tohachisz.com\/es\/wp-json\/wp\/v2\/product\/309","targetHints":{"allow":["GET"]}}],"collection":[{"href":"https:\/\/tohachisz.com\/es\/wp-json\/wp\/v2\/product"}],"about":[{"href":"https:\/\/tohachisz.com\/es\/wp-json\/wp\/v2\/types\/product"}],"wp:featuredmedia":[{"embeddable":true,"href":"https:\/\/tohachisz.com\/es\/wp-json\/wp\/v2\/media\/313"}],"wp:attachment":[{"href":"https:\/\/tohachisz.com\/es\/wp-json\/wp\/v2\/media?parent=309"}],"wp:term":[{"taxonomy":"product_brand","embeddable":true,"href":"https:\/\/tohachisz.com\/es\/wp-json\/wp\/v2\/product_brand?post=309"},{"taxonomy":"product_cat","embeddable":true,"href":"https:\/\/tohachisz.com\/es\/wp-json\/wp\/v2\/product_cat?post=309"},{"taxonomy":"product_tag","embeddable":true,"href":"https:\/\/tohachisz.com\/es\/wp-json\/wp\/v2\/product_tag?post=309"}],"curies":[{"name":"wp","href":"https:\/\/api.w.org\/{rel}","templated":true}]}}