{"id":284,"date":"2025-12-16T08:42:36","date_gmt":"2025-12-16T08:42:36","guid":{"rendered":"https:\/\/tohachisz.com\/?post_type=product&#038;p=284"},"modified":"2026-05-09T02:37:24","modified_gmt":"2026-05-09T02:37:24","slug":"wireless-graphene-heated-knee-massager-with-air-compression-moxibustion-oem-odm-factory","status":"publish","type":"product","link":"https:\/\/tohachisz.com\/de\/produkt\/wireless-graphene-heated-knee-massager-with-air-compression-moxibustion-oem-odm-factory\/","title":{"rendered":"Airbag Hei\u00dfkompressen-Knie-Massageger\u00e4t"},"content":{"rendered":"<p>Das CM05 Wireless Knee Care System ist nicht nur ein Heizkissen, sondern ein umfassendes Rehabilitationsger\u00e4t, das f\u00fcr \u00e4ltere Menschen und Sportbegeisterte entwickelt wurde. Das CM05 ersetzt die herk\u00f6mmliche Kohlefaserheizung durch die Graphen-Technologie in Luft- und Raumfahrtqualit\u00e4t und bietet eine hervorragende W\u00e4rmeleitf\u00e4higkeit und therapeutische Ferninfrarotstrahlung.<\/p>\n<p data-path-to-node=\"17\"><b>Warum CM05 den Wettbewerb dominiert:<\/b><\/p>\n<ul data-path-to-node=\"18\">\n<li>\n<p data-path-to-node=\"18,0,0\"><b>Graphen-Vorteil:<\/b> Aufheizen in nur <b>3 Sekunden<\/b> mit einem Wirkungsgrad von &gt;99%, der die herk\u00f6mmliche Kohlefaser (Wirkungsgrad 60%) deutlich \u00fcbertrifft und eine l\u00e4ngere Produktlebensdauer gew\u00e4hrleistet (&gt;40 Jahre gegen\u00fcber 20 Jahren).<\/p>\n<\/li>\n<li>\n<p data-path-to-node=\"18,1,0\"><b>Dual-Therapie-System:<\/b> Einzigartiges Design mit einem speziellen <b>Moxa\/Ai Samtbeutel Tasche<\/b>, So k\u00f6nnen die Anwender die moderne W\u00e4rmetherapie mit der traditionellen Kr\u00e4uter-Moxibustion kombinieren, um die Gelenke tiefer zu durchdringen.<\/p>\n<\/li>\n<li>\n<p data-path-to-node=\"18,2,0\"><b>Ergonomische 3D-Passform:<\/b> Das \u201cRing Knee Fitting\u201d-Design macht die Masse herk\u00f6mmlicher Massageger\u00e4te \u00fcberfl\u00fcssig und bietet eine dichte, undurchdringliche thermische Versiegelung, die die Mobilit\u00e4t w\u00e4hrend der Behandlung gew\u00e4hrleistet.<\/p>\n<\/li>\n<\/ul>\n<hr data-path-to-node=\"19\" \/>\n<h3 data-path-to-node=\"20\"><b>4. Wichtige Produktmerkmale (Tech Deep Dive)<\/b><\/h3>\n<h4 data-path-to-node=\"21\"><b>A. Graphen-Ferninfrarot-Heiztechnologie<\/b><\/h4>\n<p data-path-to-node=\"22\">Das Herzst\u00fcck des CM05 ist seine Heizmatrix aus Graphen.<\/p>\n<ul data-path-to-node=\"23\">\n<li>\n<p data-path-to-node=\"23,0,0\"><b>Schnelle und gleichm\u00e4\u00dfige Erw\u00e4rmung:<\/b> Erreicht die therapeutische Temperatur in nur <b>3 Sekunden<\/b>. Graphen sorgt f\u00fcr eine gleichm\u00e4\u00dfige W\u00e4rmeverteilung, wodurch gef\u00e4hrliche \u201chei\u00dfe Stellen\u201d, wie sie bei billigen Drahtheizungen \u00fcblich sind, vermieden werden.<\/p>\n<\/li>\n<li>\n<p data-path-to-node=\"23,1,0\"><b>Ferninfrarot-Resonanz:<\/b> Emittiert 6-16\u03bcm-Lichtwellen, die der Wellenl\u00e4nge des menschlichen K\u00f6rpers sehr nahe kommen. Dadurch kann die W\u00e4rme tief in das subkutane Gewebe (Muskelschicht) eindringen, um die Mikrozirkulation zu f\u00f6rdern und tief sitzende Gelenkschmerzen zu lindern.<\/p>\n<\/li>\n<\/ul>\n<h4 data-path-to-node=\"24\"><b>B. 5-stufige Pr\u00e4zisions-Temperaturregelung<\/b><\/h4>\n<p data-path-to-node=\"25\">Entwickelt f\u00fcr unterschiedliche Empfindlichkeiten und Therapieziele, mit dem gr\u00f6\u00dften Temperaturbereich seiner Klasse.<\/p>\n<ul data-path-to-node=\"26\">\n<li>\n<p data-path-to-node=\"26,0,0\"><b>Stufe 1 (40\u00b0C) &amp; Stufe 2 (45\u00b0C):<\/b> Warme Pflege f\u00fcr die t\u00e4gliche Wartung.<\/p>\n<\/li>\n<li>\n<p data-path-to-node=\"26,1,0\"><b>Stufe 3 (50\u00b0C):<\/b> M\u00e4\u00dfige W\u00e4rme zur Linderung von Steifheit.<\/p>\n<\/li>\n<li>\n<p data-path-to-node=\"26,2,0\"><b>Stufe 4 (55\u00b0C) &amp; Stufe 5 (60\u00b0C):<\/b> Hochintensive Hyperthermie bei tiefer Gelenkk\u00e4lte und starken Schmerzen.<\/p>\n<\/li>\n<\/ul>\n<h4 data-path-to-node=\"27\"><b>C. 3D-Luftwellen-Kompressionsmassage<\/b><\/h4>\n<p data-path-to-node=\"28\">Simuliert die H\u00e4nde eines professionellen Therapeuten.<\/p>\n<ul data-path-to-node=\"29\">\n<li>\n<p data-path-to-node=\"29,0,0\"><b>3 Massage-Modi:<\/b> Knet-, Beruhigungs- und Traktionsmodus zur Lockerung steifer Sehnen.<\/p>\n<\/li>\n<li>\n<p data-path-to-node=\"29,1,0\"><b>3 Intensit\u00e4tsstufen:<\/b> Die Luftdruckst\u00e4rke ist einstellbar und eignet sich f\u00fcr alle Benutzer, von gebrechlichen \u00e4lteren Patienten bis hin zu muskul\u00f6sen Sportlern.<\/p>\n<\/li>\n<li>\n<p data-path-to-node=\"29,2,0\"><b>Vollumf\u00e4ngliches Design:<\/b> Der 3D-Airbag umh\u00fcllt den gesamten Kniekomplex (Yanglingquan-, Yinlingquan-Punkte) und sorgt f\u00fcr Stabilisierung und Dekompression.<\/p>\n<\/li>\n<\/ul>\n<h4 data-path-to-node=\"30\"><b>D. Moxibustion \u201cHei\u00dfe Kompresse\u201d Integration<\/b><\/h4>\n<p data-path-to-node=\"31\">Ein herausragendes Merkmal f\u00fcr Wellness-M\u00e4rkte.<\/p>\n<ul data-path-to-node=\"32\">\n<li>\n<p data-path-to-node=\"32,0,0\"><b>Eingebaute Kr\u00e4utertasche:<\/b> Das Ger\u00e4t verf\u00fcgt \u00fcber eine Netztasche, die speziell f\u00fcr die Aufnahme eines Moxa-Beutels (Ai Velvet) konzipiert ist.<\/p>\n<\/li>\n<li>\n<p data-path-to-node=\"32,1,0\"><b>Mechanismus:<\/b> Die Graphen-W\u00e4rme aktiviert die pflanzlichen Eigenschaften der Moxa und treibt die Essenz in das Kniegelenk, um \u201cFeuchtigkeit\u201d und \u201cK\u00e4lte\u201d zu vertreiben - eine hochgradig vermarktbare Eigenschaft in asiatischen und ganzheitlichen westlichen M\u00e4rkten.<\/p>\n<\/li>\n<\/ul>\n<hr data-path-to-node=\"33\" \/>\n<h3 data-path-to-node=\"34\"><b>5. Technische Daten (Streng nach CM05-Bildern)<\/b><\/h3>\n<p data-path-to-node=\"35\"><i>Die folgenden Spezifikationen werden anhand der bereitgestellten Produktbilder \u00fcberpr\u00fcft.<\/i><\/p>\n<table data-path-to-node=\"36\">\n<thead>\n<tr>\n<td><strong>Spezifikation<\/strong><\/td>\n<td><strong>Einzelheiten<\/strong><\/td>\n<\/tr>\n<\/thead>\n<tbody>\n<tr>\n<td><span data-path-to-node=\"36,1,0,0\"><b>Produktmodell<\/b><\/span><\/td>\n<td><span data-path-to-node=\"36,1,1,0\"><b>CM05<\/b><\/span><\/td>\n<\/tr>\n<tr>\n<td><span data-path-to-node=\"36,2,0,0\"><b>Produktname<\/b><\/span><\/td>\n<td><span data-path-to-node=\"36,2,1,0\">Graphene Luftdruck-Knie-Massageger\u00e4t<\/span><\/td>\n<\/tr>\n<tr>\n<td><span data-path-to-node=\"36,3,0,0\"><b>Heizungstechnik<\/b><\/span><\/td>\n<td><span data-path-to-node=\"36,3,1,0\"><b>Graphen<\/b> (99% Wirkungsgrad, Fern-Infrarot)<\/span><\/td>\n<\/tr>\n<tr>\n<td><span data-path-to-node=\"36,4,0,0\"><b>Heizgeschwindigkeit<\/b><\/span><\/td>\n<td><span data-path-to-node=\"36,4,1,0\"><b>3 Sekunden<\/b> Schnelle Hitze<\/span><\/td>\n<\/tr>\n<tr>\n<td><span data-path-to-node=\"36,5,0,0\"><b>Temperatur-Einstellungen<\/b><\/span><\/td>\n<td><span data-path-to-node=\"36,5,1,0\"><b>5 Stufen: 40\u00b0C \/ 45\u00b0C \/ 50\u00b0C \/ 55\u00b0C \/ 60\u00b0C<\/b><\/span><\/td>\n<\/tr>\n<tr>\n<td><span data-path-to-node=\"36,6,0,0\"><b>Massage-Techniker<\/b><\/span><\/td>\n<td><span data-path-to-node=\"36,6,1,0\">3D-Luftkompression (Wrap-around)<\/span><\/td>\n<\/tr>\n<tr>\n<td><span data-path-to-node=\"36,7,0,0\"><b>Massage-Modi<\/b><\/span><\/td>\n<td><span data-path-to-node=\"36,7,1,0\"><b>3 Modi<\/b> (Kneten\/Gl\u00e4tten\/Ziehen)<\/span><\/td>\n<\/tr>\n<tr>\n<td><span data-path-to-node=\"36,8,0,0\"><b>Intensit\u00e4tsstufen<\/b><\/span><\/td>\n<td><span data-path-to-node=\"36,8,1,0\"><b>3 Niveaus<\/b><\/span><\/td>\n<\/tr>\n<tr>\n<td><span data-path-to-node=\"36,9,0,0\"><b>Anzeige<\/b><\/span><\/td>\n<td><span data-path-to-node=\"36,9,1,0\">Digitaler LED-Bildschirm (oben montiert)<\/span><\/td>\n<\/tr>\n<tr>\n<td><span data-path-to-node=\"36,10,0,0\"><b>Design-Merkmal<\/b><\/span><\/td>\n<td><span data-path-to-node=\"36,10,1,0\">Einteiliger Formteil \/ R\u00fcckseitiger Ausschnitt f\u00fcr Mobilit\u00e4t<\/span><\/td>\n<\/tr>\n<tr>\n<td><span data-path-to-node=\"36,11,0,0\"><b>Add-on-Funktion<\/b><\/span><\/td>\n<td><span data-path-to-node=\"36,11,1,0\"><b>Moxa\/Kr\u00e4uterbeutel Tasche<\/b><\/span><\/td>\n<\/tr>\n<tr>\n<td><span data-path-to-node=\"36,12,0,0\"><b>Drahtlos<\/b><\/span><\/td>\n<td><span data-path-to-node=\"36,12,1,0\">Ja (Eingebauter wiederaufladbarer Akku)<\/span><\/td>\n<\/tr>\n<\/tbody>\n<\/table>\n<hr data-path-to-node=\"37\" \/>\n<h3 data-path-to-node=\"38\"><b>6. Anwendungsszenarien und Zielm\u00e4rkte<\/b><\/h3>\n<ul data-path-to-node=\"39\">\n<li>\n<p data-path-to-node=\"39,0,0\"><b>Sportmedizin:<\/b> Unverzichtbar f\u00fcr Sportler, die sich von Meniskusverletzungen, B\u00e4nderverstauchungen oder dem \u201cL\u00e4uferknie\u201d erholen.<\/p>\n<\/li>\n<li>\n<p data-path-to-node=\"39,1,0\"><b>Pflege \u00e4lterer Menschen:<\/b> Hilft bei \u201ckalten Beinen\u201d (Rheuma) und Gelenkerg\u00fcssen, die bei Senioren h\u00e4ufig auftreten. Die einfache digitale Schnittstelle ist seniorenfreundlich.<\/p>\n<\/li>\n<li>\n<p data-path-to-node=\"39,2,0\"><b>Ergonomie im B\u00fcro:<\/b> F\u00fcr sitzende Arbeitnehmer, die aufgrund der klimatisierten Umgebung unter steifen Gelenken leiden.<\/p>\n<\/li>\n<li>\n<p data-path-to-node=\"39,3,0\"><b>Ganzheitliche Wellness-Zentren:<\/b> Die Moxibustion-Funktion macht es zu einem erstklassigen Werkzeug f\u00fcr Naturheilpraxen.<\/p>\n<\/li>\n<\/ul>\n<hr data-path-to-node=\"40\" \/>\n<h3 data-path-to-node=\"41\"><b>7. Herstellung und OEM\/ODM-Dienstleistungen<\/b><\/h3>\n<p>Schaffen Sie Ihre eigene Marke f\u00fcr Schmerzlinderung<\/p>\n<p>Wir bieten eine umfassende Anpassung des CM05 an Ihre Markenidentit\u00e4t.<\/p>\n<ul data-path-to-node=\"43\">\n<li>\n<p data-path-to-node=\"43,0,0\"><b>Material und Farbe:<\/b> Passen Sie die Farbe des Stoffes (Dunkelblau, Grau, Schwarz) und die Textur an Ihre Produktlinie an.<\/p>\n<\/li>\n<li>\n<p data-path-to-node=\"43,1,0\"><b>Controller-Branding:<\/b> Platzierung des Logos auf der Hochglanzanzeigetafel.<\/p>\n<\/li>\n<li>\n<p data-path-to-node=\"43,2,0\"><b>Pflanzliche Verbrauchsg\u00fcter:<\/b> Wir k\u00f6nnen Moxa-Pads mit Markenaufdruck als Verbrauchsmaterial mit wiederkehrenden Einnahmen f\u00fcr Ihr Unternehmen liefern oder verpacken.<\/p>\n<\/li>\n<li>\n<p data-path-to-node=\"43,3,0\"><b>Verpackung:<\/b> Einzelhandelsf\u00e4hige Schachteln, die die Graphen-Technologie\u201c hervorheben, um einen h\u00f6heren Preis zu rechtfertigen.<\/p>\n<\/li>\n<\/ul>\n<hr data-path-to-node=\"44\" \/>\n<h3 data-path-to-node=\"45\"><b>8. Umfassende FAQ f\u00fcr Vertriebspartner<\/b><\/h3>\n<p>F: Warum ist Graphene besser als herk\u00f6mmliche Heizkissen?<\/p>\n<p>A: Graphen ist leichter, st\u00e4rker und leitet die W\u00e4rme schneller als jedes andere Material. Entscheidend ist, dass es Ferninfrarotstrahlen aussendet, die Hautbarrieren durchdringen und das Gelenk von innen erw\u00e4rmen, anstatt nur die Hautoberfl\u00e4che zu verbrennen. Au\u00dferdem ist es sicherer und hat eine l\u00e4ngere Lebensdauer.<\/p>\n<p>F: Kann das Ger\u00e4t auch ohne den Moxa-Beutel verwendet werden?<\/p>\n<p>A: Ja, absolut. Der Moxa-Beutel ist eine optionale Therapie. Die Benutzer k\u00f6nnen ihn f\u00fcr eine normale Massage mit hei\u00dfen Steinen entfernen.<\/p>\n<p>F: Passt er f\u00fcr alle Kniegr\u00f6\u00dfen?<\/p>\n<p>A: Die CM05 verf\u00fcgt \u00fcber eine 3D-Ring-Knieanpassung mit verstellbarem, hochwertigem Klettverschluss. Er ist so konzipiert, dass er sich an verschiedene Beinumf\u00e4nge anpasst und gleichzeitig eine enge, therapeutische Abdichtung gew\u00e4hrleistet.<\/p>\n<p>F: Ist es wirklich kabellos?<\/p>\n<p>A: Ja, das Ger\u00e4t ist so konzipiert, dass es keine Steckdose ben\u00f6tigt. Der Akku und die Pumpe sind in das Ger\u00e4t integriert, so dass die Benutzer herumlaufen oder sich auf dem Sofa entspannen k\u00f6nnen, ohne an eine Steckdose gebunden zu sein.<\/p>\n<hr data-path-to-node=\"50\" \/>\n<h3 data-path-to-node=\"51\"><b>9. Fu\u00dfzeile \/ Kontaktbereich<\/b><\/h3>\n<p>Aktualisieren Sie Ihren Rehabilitationskatalog noch heute.<\/p>\n<p>Partnerschaft mit der Fabrik, die die Graphen-Technologie in die h\u00e4usliche Wellness einf\u00fchrt.<\/p>","protected":false},"excerpt":{"rendered":"<ul>\n<li>16800mm\u00b2 Hot compress area<\/li>\n<li>Five-level smart temperature control<\/li>\n<li>Dual-zone high-frequency massage<\/li>\n<li>Airbag kneading biomimetic massage<\/li>\n<li>3D design<\/li>\n<li>Intelligent digital display<\/li>\n<\/ul>","protected":false},"featured_media":1807,"template":"","meta":{"_acf_changed":false},"product_brand":[],"product_cat":[28,17],"product_tag":[],"class_list":{"0":"post-284","1":"product","2":"type-product","3":"status-publish","4":"has-post-thumbnail","6":"product_cat-knee-and-leg-massage-series","7":"product_cat-massage","9":"first","10":"instock","11":"shipping-taxable","12":"product-type-simple"},"acf":[],"_links":{"self":[{"href":"https:\/\/tohachisz.com\/de\/wp-json\/wp\/v2\/product\/284","targetHints":{"allow":["GET"]}}],"collection":[{"href":"https:\/\/tohachisz.com\/de\/wp-json\/wp\/v2\/product"}],"about":[{"href":"https:\/\/tohachisz.com\/de\/wp-json\/wp\/v2\/types\/product"}],"wp:featuredmedia":[{"embeddable":true,"href":"https:\/\/tohachisz.com\/de\/wp-json\/wp\/v2\/media\/1807"}],"wp:attachment":[{"href":"https:\/\/tohachisz.com\/de\/wp-json\/wp\/v2\/media?parent=284"}],"wp:term":[{"taxonomy":"product_brand","embeddable":true,"href":"https:\/\/tohachisz.com\/de\/wp-json\/wp\/v2\/product_brand?post=284"},{"taxonomy":"product_cat","embeddable":true,"href":"https:\/\/tohachisz.com\/de\/wp-json\/wp\/v2\/product_cat?post=284"},{"taxonomy":"product_tag","embeddable":true,"href":"https:\/\/tohachisz.com\/de\/wp-json\/wp\/v2\/product_tag?post=284"}],"curies":[{"name":"wp","href":"https:\/\/api.w.org\/{rel}","templated":true}]}}