{"id":403,"date":"2025-12-20T07:41:02","date_gmt":"2025-12-20T07:41:02","guid":{"rendered":"https:\/\/tohachisz.com\/?post_type=product&#038;p=403"},"modified":"2026-05-09T02:32:25","modified_gmt":"2026-05-09T02:32:25","slug":"wholesale-large-led-display-menstrual-heating-pad-ergonomic-graphene-waist-massager","status":"publish","type":"product","link":"https:\/\/tohachisz.com\/cs\/product\/wholesale-large-led-display-menstrual-heating-pad-ergonomic-graphene-waist-massager\/","title":{"rendered":"EMS Hot Compress Mas\u00e1\u017en\u00ed mas\u00e1\u017en\u00ed p\u0159\u00edstroj na podporu zad"},"content":{"rendered":"<p><img loading=\"lazy\" decoding=\"async\" class=\"alignnone size-full wp-image-1480\" src=\"https:\/\/tohachisz.com\/wp-content\/uploads\/2025\/12\/EMS-Hot-Compress-Massage-Back-Support-Massager-W531-1.jpg\" alt=\"\" width=\"750\" height=\"901\" srcset=\"https:\/\/tohachisz.com\/wp-content\/uploads\/2025\/12\/EMS-Hot-Compress-Massage-Back-Support-Massager-W531-1.jpg 750w, https:\/\/tohachisz.com\/wp-content\/uploads\/2025\/12\/EMS-Hot-Compress-Massage-Back-Support-Massager-W531-1-250x300.jpg 250w, https:\/\/tohachisz.com\/wp-content\/uploads\/2025\/12\/EMS-Hot-Compress-Massage-Back-Support-Massager-W531-1-10x12.jpg 10w, https:\/\/tohachisz.com\/wp-content\/uploads\/2025\/12\/EMS-Hot-Compress-Massage-Back-Support-Massager-W531-1-600x721.jpg 600w\" sizes=\"auto, (max-width: 750px) 100vw, 750px\" \/> <img loading=\"lazy\" decoding=\"async\" class=\"alignnone size-full wp-image-1481\" src=\"https:\/\/tohachisz.com\/wp-content\/uploads\/2025\/12\/EMS-Hot-Compress-Massage-Back-Support-Massager-W531-2.jpg\" alt=\"\" width=\"750\" height=\"901\" srcset=\"https:\/\/tohachisz.com\/wp-content\/uploads\/2025\/12\/EMS-Hot-Compress-Massage-Back-Support-Massager-W531-2.jpg 750w, https:\/\/tohachisz.com\/wp-content\/uploads\/2025\/12\/EMS-Hot-Compress-Massage-Back-Support-Massager-W531-2-250x300.jpg 250w, https:\/\/tohachisz.com\/wp-content\/uploads\/2025\/12\/EMS-Hot-Compress-Massage-Back-Support-Massager-W531-2-10x12.jpg 10w, https:\/\/tohachisz.com\/wp-content\/uploads\/2025\/12\/EMS-Hot-Compress-Massage-Back-Support-Massager-W531-2-600x721.jpg 600w\" sizes=\"auto, (max-width: 750px) 100vw, 750px\" \/> <img loading=\"lazy\" decoding=\"async\" class=\"alignnone size-full wp-image-1482\" src=\"https:\/\/tohachisz.com\/wp-content\/uploads\/2025\/12\/EMS-Hot-Compress-Massage-Back-Support-Massager-W531-3.jpg\" alt=\"\" width=\"750\" height=\"901\" srcset=\"https:\/\/tohachisz.com\/wp-content\/uploads\/2025\/12\/EMS-Hot-Compress-Massage-Back-Support-Massager-W531-3.jpg 750w, https:\/\/tohachisz.com\/wp-content\/uploads\/2025\/12\/EMS-Hot-Compress-Massage-Back-Support-Massager-W531-3-250x300.jpg 250w, https:\/\/tohachisz.com\/wp-content\/uploads\/2025\/12\/EMS-Hot-Compress-Massage-Back-Support-Massager-W531-3-10x12.jpg 10w, https:\/\/tohachisz.com\/wp-content\/uploads\/2025\/12\/EMS-Hot-Compress-Massage-Back-Support-Massager-W531-3-600x721.jpg 600w\" sizes=\"auto, (max-width: 750px) 100vw, 750px\" \/> <img loading=\"lazy\" decoding=\"async\" class=\"alignnone size-full wp-image-1483\" src=\"https:\/\/tohachisz.com\/wp-content\/uploads\/2025\/12\/EMS-Hot-Compress-Massage-Back-Support-Massager-W531-4.jpg\" alt=\"\" width=\"750\" height=\"900\" srcset=\"https:\/\/tohachisz.com\/wp-content\/uploads\/2025\/12\/EMS-Hot-Compress-Massage-Back-Support-Massager-W531-4.jpg 750w, https:\/\/tohachisz.com\/wp-content\/uploads\/2025\/12\/EMS-Hot-Compress-Massage-Back-Support-Massager-W531-4-250x300.jpg 250w, https:\/\/tohachisz.com\/wp-content\/uploads\/2025\/12\/EMS-Hot-Compress-Massage-Back-Support-Massager-W531-4-10x12.jpg 10w, https:\/\/tohachisz.com\/wp-content\/uploads\/2025\/12\/EMS-Hot-Compress-Massage-Back-Support-Massager-W531-4-600x720.jpg 600w\" sizes=\"auto, (max-width: 750px) 100vw, 750px\" \/> <img loading=\"lazy\" decoding=\"async\" class=\"alignnone size-full wp-image-1484\" src=\"https:\/\/tohachisz.com\/wp-content\/uploads\/2025\/12\/EMS-Hot-Compress-Massage-Back-Support-Massager-W531-5.jpg\" alt=\"\" width=\"750\" height=\"900\" srcset=\"https:\/\/tohachisz.com\/wp-content\/uploads\/2025\/12\/EMS-Hot-Compress-Massage-Back-Support-Massager-W531-5.jpg 750w, https:\/\/tohachisz.com\/wp-content\/uploads\/2025\/12\/EMS-Hot-Compress-Massage-Back-Support-Massager-W531-5-250x300.jpg 250w, https:\/\/tohachisz.com\/wp-content\/uploads\/2025\/12\/EMS-Hot-Compress-Massage-Back-Support-Massager-W531-5-10x12.jpg 10w, https:\/\/tohachisz.com\/wp-content\/uploads\/2025\/12\/EMS-Hot-Compress-Massage-Back-Support-Massager-W531-5-600x720.jpg 600w\" sizes=\"auto, (max-width: 750px) 100vw, 750px\" \/> <img loading=\"lazy\" decoding=\"async\" class=\"alignnone size-full wp-image-1485\" src=\"https:\/\/tohachisz.com\/wp-content\/uploads\/2025\/12\/EMS-Hot-Compress-Massage-Back-Support-Massager-W531-6.jpg\" alt=\"\" width=\"750\" height=\"900\" srcset=\"https:\/\/tohachisz.com\/wp-content\/uploads\/2025\/12\/EMS-Hot-Compress-Massage-Back-Support-Massager-W531-6.jpg 750w, https:\/\/tohachisz.com\/wp-content\/uploads\/2025\/12\/EMS-Hot-Compress-Massage-Back-Support-Massager-W531-6-250x300.jpg 250w, https:\/\/tohachisz.com\/wp-content\/uploads\/2025\/12\/EMS-Hot-Compress-Massage-Back-Support-Massager-W531-6-10x12.jpg 10w, https:\/\/tohachisz.com\/wp-content\/uploads\/2025\/12\/EMS-Hot-Compress-Massage-Back-Support-Massager-W531-6-600x720.jpg 600w\" sizes=\"auto, (max-width: 750px) 100vw, 750px\" \/> <img loading=\"lazy\" decoding=\"async\" class=\"alignnone size-full wp-image-1486\" src=\"https:\/\/tohachisz.com\/wp-content\/uploads\/2025\/12\/EMS-Hot-Compress-Massage-Back-Support-Massager-W531-7.jpg\" alt=\"\" width=\"750\" height=\"900\" srcset=\"https:\/\/tohachisz.com\/wp-content\/uploads\/2025\/12\/EMS-Hot-Compress-Massage-Back-Support-Massager-W531-7.jpg 750w, https:\/\/tohachisz.com\/wp-content\/uploads\/2025\/12\/EMS-Hot-Compress-Massage-Back-Support-Massager-W531-7-250x300.jpg 250w, https:\/\/tohachisz.com\/wp-content\/uploads\/2025\/12\/EMS-Hot-Compress-Massage-Back-Support-Massager-W531-7-10x12.jpg 10w, https:\/\/tohachisz.com\/wp-content\/uploads\/2025\/12\/EMS-Hot-Compress-Massage-Back-Support-Massager-W531-7-600x720.jpg 600w\" sizes=\"auto, (max-width: 750px) 100vw, 750px\" \/> <img loading=\"lazy\" decoding=\"async\" class=\"alignnone size-full wp-image-1487\" src=\"https:\/\/tohachisz.com\/wp-content\/uploads\/2025\/12\/EMS-Hot-Compress-Massage-Back-Support-Massager-W531-8.jpg\" alt=\"\" width=\"750\" height=\"900\" srcset=\"https:\/\/tohachisz.com\/wp-content\/uploads\/2025\/12\/EMS-Hot-Compress-Massage-Back-Support-Massager-W531-8.jpg 750w, https:\/\/tohachisz.com\/wp-content\/uploads\/2025\/12\/EMS-Hot-Compress-Massage-Back-Support-Massager-W531-8-250x300.jpg 250w, https:\/\/tohachisz.com\/wp-content\/uploads\/2025\/12\/EMS-Hot-Compress-Massage-Back-Support-Massager-W531-8-10x12.jpg 10w, https:\/\/tohachisz.com\/wp-content\/uploads\/2025\/12\/EMS-Hot-Compress-Massage-Back-Support-Massager-W531-8-600x720.jpg 600w\" sizes=\"auto, (max-width: 750px) 100vw, 750px\" \/> <img loading=\"lazy\" decoding=\"async\" class=\"alignnone size-full wp-image-1488\" src=\"https:\/\/tohachisz.com\/wp-content\/uploads\/2025\/12\/EMS-Hot-Compress-Massage-Back-Support-Massager-W531-9.jpg\" alt=\"\" width=\"750\" height=\"900\" srcset=\"https:\/\/tohachisz.com\/wp-content\/uploads\/2025\/12\/EMS-Hot-Compress-Massage-Back-Support-Massager-W531-9.jpg 750w, https:\/\/tohachisz.com\/wp-content\/uploads\/2025\/12\/EMS-Hot-Compress-Massage-Back-Support-Massager-W531-9-250x300.jpg 250w, https:\/\/tohachisz.com\/wp-content\/uploads\/2025\/12\/EMS-Hot-Compress-Massage-Back-Support-Massager-W531-9-10x12.jpg 10w, https:\/\/tohachisz.com\/wp-content\/uploads\/2025\/12\/EMS-Hot-Compress-Massage-Back-Support-Massager-W531-9-600x720.jpg 600w\" sizes=\"auto, (max-width: 750px) 100vw, 750px\" \/> <img loading=\"lazy\" decoding=\"async\" class=\"alignnone size-full wp-image-1489\" src=\"https:\/\/tohachisz.com\/wp-content\/uploads\/2025\/12\/EMS-Hot-Compress-Massage-Back-Support-Massager-W531-10.jpg\" alt=\"\" width=\"750\" height=\"900\" srcset=\"https:\/\/tohachisz.com\/wp-content\/uploads\/2025\/12\/EMS-Hot-Compress-Massage-Back-Support-Massager-W531-10.jpg 750w, https:\/\/tohachisz.com\/wp-content\/uploads\/2025\/12\/EMS-Hot-Compress-Massage-Back-Support-Massager-W531-10-250x300.jpg 250w, https:\/\/tohachisz.com\/wp-content\/uploads\/2025\/12\/EMS-Hot-Compress-Massage-Back-Support-Massager-W531-10-10x12.jpg 10w, https:\/\/tohachisz.com\/wp-content\/uploads\/2025\/12\/EMS-Hot-Compress-Massage-Back-Support-Massager-W531-10-600x720.jpg 600w\" sizes=\"auto, (max-width: 750px) 100vw, 750px\" \/> <img loading=\"lazy\" decoding=\"async\" class=\"alignnone size-full wp-image-1490\" src=\"https:\/\/tohachisz.com\/wp-content\/uploads\/2025\/12\/EMS-Hot-Compress-Massage-Back-Support-Massager-W531-11.jpg\" alt=\"\" width=\"750\" height=\"900\" srcset=\"https:\/\/tohachisz.com\/wp-content\/uploads\/2025\/12\/EMS-Hot-Compress-Massage-Back-Support-Massager-W531-11.jpg 750w, https:\/\/tohachisz.com\/wp-content\/uploads\/2025\/12\/EMS-Hot-Compress-Massage-Back-Support-Massager-W531-11-250x300.jpg 250w, https:\/\/tohachisz.com\/wp-content\/uploads\/2025\/12\/EMS-Hot-Compress-Massage-Back-Support-Massager-W531-11-10x12.jpg 10w, https:\/\/tohachisz.com\/wp-content\/uploads\/2025\/12\/EMS-Hot-Compress-Massage-Back-Support-Massager-W531-11-600x720.jpg 600w\" sizes=\"auto, (max-width: 750px) 100vw, 750px\" \/> <img loading=\"lazy\" decoding=\"async\" class=\"alignnone size-full wp-image-1491\" src=\"https:\/\/tohachisz.com\/wp-content\/uploads\/2025\/12\/EMS-Hot-Compress-Massage-Back-Support-Massager-W531-12.jpg\" alt=\"\" width=\"750\" height=\"900\" srcset=\"https:\/\/tohachisz.com\/wp-content\/uploads\/2025\/12\/EMS-Hot-Compress-Massage-Back-Support-Massager-W531-12.jpg 750w, https:\/\/tohachisz.com\/wp-content\/uploads\/2025\/12\/EMS-Hot-Compress-Massage-Back-Support-Massager-W531-12-250x300.jpg 250w, https:\/\/tohachisz.com\/wp-content\/uploads\/2025\/12\/EMS-Hot-Compress-Massage-Back-Support-Massager-W531-12-10x12.jpg 10w, https:\/\/tohachisz.com\/wp-content\/uploads\/2025\/12\/EMS-Hot-Compress-Massage-Back-Support-Massager-W531-12-600x720.jpg 600w\" sizes=\"auto, (max-width: 750px) 100vw, 750px\" \/> <img loading=\"lazy\" decoding=\"async\" class=\"alignnone size-full wp-image-1492\" src=\"https:\/\/tohachisz.com\/wp-content\/uploads\/2025\/12\/EMS-Hot-Compress-Massage-Back-Support-Massager-W531-13.jpg\" alt=\"\" width=\"750\" height=\"900\" srcset=\"https:\/\/tohachisz.com\/wp-content\/uploads\/2025\/12\/EMS-Hot-Compress-Massage-Back-Support-Massager-W531-13.jpg 750w, https:\/\/tohachisz.com\/wp-content\/uploads\/2025\/12\/EMS-Hot-Compress-Massage-Back-Support-Massager-W531-13-250x300.jpg 250w, https:\/\/tohachisz.com\/wp-content\/uploads\/2025\/12\/EMS-Hot-Compress-Massage-Back-Support-Massager-W531-13-10x12.jpg 10w, https:\/\/tohachisz.com\/wp-content\/uploads\/2025\/12\/EMS-Hot-Compress-Massage-Back-Support-Massager-W531-13-600x720.jpg 600w\" sizes=\"auto, (max-width: 750px) 100vw, 750px\" \/> <img loading=\"lazy\" decoding=\"async\" class=\"alignnone size-full wp-image-1493\" src=\"https:\/\/tohachisz.com\/wp-content\/uploads\/2025\/12\/EMS-Hot-Compress-Massage-Back-Support-Massager-W531-14.jpg\" alt=\"\" width=\"750\" height=\"900\" srcset=\"https:\/\/tohachisz.com\/wp-content\/uploads\/2025\/12\/EMS-Hot-Compress-Massage-Back-Support-Massager-W531-14.jpg 750w, https:\/\/tohachisz.com\/wp-content\/uploads\/2025\/12\/EMS-Hot-Compress-Massage-Back-Support-Massager-W531-14-250x300.jpg 250w, https:\/\/tohachisz.com\/wp-content\/uploads\/2025\/12\/EMS-Hot-Compress-Massage-Back-Support-Massager-W531-14-10x12.jpg 10w, https:\/\/tohachisz.com\/wp-content\/uploads\/2025\/12\/EMS-Hot-Compress-Massage-Back-Support-Massager-W531-14-600x720.jpg 600w\" sizes=\"auto, (max-width: 750px) 100vw, 750px\" \/> <img loading=\"lazy\" decoding=\"async\" class=\"alignnone size-full wp-image-1494\" src=\"https:\/\/tohachisz.com\/wp-content\/uploads\/2025\/12\/EMS-Hot-Compress-Massage-Back-Support-Massager-W531-15.jpg\" alt=\"\" width=\"750\" height=\"900\" srcset=\"https:\/\/tohachisz.com\/wp-content\/uploads\/2025\/12\/EMS-Hot-Compress-Massage-Back-Support-Massager-W531-15.jpg 750w, https:\/\/tohachisz.com\/wp-content\/uploads\/2025\/12\/EMS-Hot-Compress-Massage-Back-Support-Massager-W531-15-250x300.jpg 250w, https:\/\/tohachisz.com\/wp-content\/uploads\/2025\/12\/EMS-Hot-Compress-Massage-Back-Support-Massager-W531-15-10x12.jpg 10w, https:\/\/tohachisz.com\/wp-content\/uploads\/2025\/12\/EMS-Hot-Compress-Massage-Back-Support-Massager-W531-15-600x720.jpg 600w\" sizes=\"auto, (max-width: 750px) 100vw, 750px\" \/> <img loading=\"lazy\" decoding=\"async\" class=\"alignnone size-full wp-image-1495\" src=\"https:\/\/tohachisz.com\/wp-content\/uploads\/2025\/12\/EMS-Hot-Compress-Massage-Back-Support-Massager-W531-16.jpg\" alt=\"\" width=\"750\" height=\"900\" srcset=\"https:\/\/tohachisz.com\/wp-content\/uploads\/2025\/12\/EMS-Hot-Compress-Massage-Back-Support-Massager-W531-16.jpg 750w, https:\/\/tohachisz.com\/wp-content\/uploads\/2025\/12\/EMS-Hot-Compress-Massage-Back-Support-Massager-W531-16-250x300.jpg 250w, https:\/\/tohachisz.com\/wp-content\/uploads\/2025\/12\/EMS-Hot-Compress-Massage-Back-Support-Massager-W531-16-10x12.jpg 10w, https:\/\/tohachisz.com\/wp-content\/uploads\/2025\/12\/EMS-Hot-Compress-Massage-Back-Support-Massager-W531-16-600x720.jpg 600w\" sizes=\"auto, (max-width: 750px) 100vw, 750px\" \/> <img loading=\"lazy\" decoding=\"async\" class=\"alignnone size-full wp-image-1496\" src=\"https:\/\/tohachisz.com\/wp-content\/uploads\/2025\/12\/EMS-Hot-Compress-Massage-Back-Support-Massager-W531-17.jpg\" alt=\"\" width=\"750\" height=\"900\" srcset=\"https:\/\/tohachisz.com\/wp-content\/uploads\/2025\/12\/EMS-Hot-Compress-Massage-Back-Support-Massager-W531-17.jpg 750w, https:\/\/tohachisz.com\/wp-content\/uploads\/2025\/12\/EMS-Hot-Compress-Massage-Back-Support-Massager-W531-17-250x300.jpg 250w, https:\/\/tohachisz.com\/wp-content\/uploads\/2025\/12\/EMS-Hot-Compress-Massage-Back-Support-Massager-W531-17-10x12.jpg 10w, https:\/\/tohachisz.com\/wp-content\/uploads\/2025\/12\/EMS-Hot-Compress-Massage-Back-Support-Massager-W531-17-600x720.jpg 600w\" sizes=\"auto, (max-width: 750px) 100vw, 750px\" \/> <img loading=\"lazy\" decoding=\"async\" class=\"alignnone size-full wp-image-1497\" src=\"https:\/\/tohachisz.com\/wp-content\/uploads\/2025\/12\/EMS-Hot-Compress-Massage-Back-Support-Massager-W531-18.jpg\" alt=\"\" width=\"750\" height=\"900\" srcset=\"https:\/\/tohachisz.com\/wp-content\/uploads\/2025\/12\/EMS-Hot-Compress-Massage-Back-Support-Massager-W531-18.jpg 750w, https:\/\/tohachisz.com\/wp-content\/uploads\/2025\/12\/EMS-Hot-Compress-Massage-Back-Support-Massager-W531-18-250x300.jpg 250w, https:\/\/tohachisz.com\/wp-content\/uploads\/2025\/12\/EMS-Hot-Compress-Massage-Back-Support-Massager-W531-18-10x12.jpg 10w, https:\/\/tohachisz.com\/wp-content\/uploads\/2025\/12\/EMS-Hot-Compress-Massage-Back-Support-Massager-W531-18-600x720.jpg 600w\" sizes=\"auto, (max-width: 750px) 100vw, 750px\" \/> <img loading=\"lazy\" decoding=\"async\" class=\"alignnone size-full wp-image-1498\" src=\"https:\/\/tohachisz.com\/wp-content\/uploads\/2025\/12\/EMS-Hot-Compress-Massage-Back-Support-Massager-W531-19.jpg\" alt=\"\" width=\"750\" height=\"900\" srcset=\"https:\/\/tohachisz.com\/wp-content\/uploads\/2025\/12\/EMS-Hot-Compress-Massage-Back-Support-Massager-W531-19.jpg 750w, https:\/\/tohachisz.com\/wp-content\/uploads\/2025\/12\/EMS-Hot-Compress-Massage-Back-Support-Massager-W531-19-250x300.jpg 250w, https:\/\/tohachisz.com\/wp-content\/uploads\/2025\/12\/EMS-Hot-Compress-Massage-Back-Support-Massager-W531-19-10x12.jpg 10w, https:\/\/tohachisz.com\/wp-content\/uploads\/2025\/12\/EMS-Hot-Compress-Massage-Back-Support-Massager-W531-19-600x720.jpg 600w\" sizes=\"auto, (max-width: 750px) 100vw, 750px\" \/> <img loading=\"lazy\" decoding=\"async\" class=\"alignnone size-full wp-image-1499\" src=\"https:\/\/tohachisz.com\/wp-content\/uploads\/2025\/12\/EMS-Hot-Compress-Massage-Back-Support-Massager-W531-20.jpg\" alt=\"\" width=\"750\" height=\"900\" srcset=\"https:\/\/tohachisz.com\/wp-content\/uploads\/2025\/12\/EMS-Hot-Compress-Massage-Back-Support-Massager-W531-20.jpg 750w, https:\/\/tohachisz.com\/wp-content\/uploads\/2025\/12\/EMS-Hot-Compress-Massage-Back-Support-Massager-W531-20-250x300.jpg 250w, https:\/\/tohachisz.com\/wp-content\/uploads\/2025\/12\/EMS-Hot-Compress-Massage-Back-Support-Massager-W531-20-10x12.jpg 10w, https:\/\/tohachisz.com\/wp-content\/uploads\/2025\/12\/EMS-Hot-Compress-Massage-Back-Support-Massager-W531-20-600x720.jpg 600w\" sizes=\"auto, (max-width: 750px) 100vw, 750px\" \/><\/p>","protected":false},"excerpt":{"rendered":"<ul>\n<li data-path-to-node=\"8\">9000mm\u00b2 Hot compress massage<\/li>\n<li data-path-to-node=\"8\">EMS+TENS Dual pulse massage<\/li>\n<li data-path-to-node=\"8\">26\u00b0 Butterfly-shaped back support on both sides<\/li>\n<li data-path-to-node=\"8\">3D design<\/li>\n<li data-path-to-node=\"8\">Elastic band<\/li>\n<li data-path-to-node=\"8\">6 massage modes<\/li>\n<\/ul>","protected":false},"featured_media":407,"template":"","meta":{"_acf_changed":false},"product_brand":[],"product_cat":[26,17],"product_tag":[],"class_list":{"0":"post-403","1":"product","2":"type-product","3":"status-publish","4":"has-post-thumbnail","6":"product_cat-waist-and-abdomen-massage-series","7":"product_cat-massage","9":"first","10":"instock","11":"shipping-taxable","12":"product-type-simple"},"acf":[],"_links":{"self":[{"href":"https:\/\/tohachisz.com\/cs\/wp-json\/wp\/v2\/product\/403","targetHints":{"allow":["GET"]}}],"collection":[{"href":"https:\/\/tohachisz.com\/cs\/wp-json\/wp\/v2\/product"}],"about":[{"href":"https:\/\/tohachisz.com\/cs\/wp-json\/wp\/v2\/types\/product"}],"wp:featuredmedia":[{"embeddable":true,"href":"https:\/\/tohachisz.com\/cs\/wp-json\/wp\/v2\/media\/407"}],"wp:attachment":[{"href":"https:\/\/tohachisz.com\/cs\/wp-json\/wp\/v2\/media?parent=403"}],"wp:term":[{"taxonomy":"product_brand","embeddable":true,"href":"https:\/\/tohachisz.com\/cs\/wp-json\/wp\/v2\/product_brand?post=403"},{"taxonomy":"product_cat","embeddable":true,"href":"https:\/\/tohachisz.com\/cs\/wp-json\/wp\/v2\/product_cat?post=403"},{"taxonomy":"product_tag","embeddable":true,"href":"https:\/\/tohachisz.com\/cs\/wp-json\/wp\/v2\/product_tag?post=403"}],"curies":[{"name":"wp","href":"https:\/\/api.w.org\/{rel}","templated":true}]}}